{"id":19359,"date":"2026-02-27T00:44:19","date_gmt":"2026-02-27T00:44:19","guid":{"rendered":"https:\/\/nordicmart.andreevmaster.com\/product\/songmics-forvaringslada-med-lock-6-pack-skiffergra\/"},"modified":"2026-02-27T08:31:52","modified_gmt":"2026-02-27T08:31:52","slug":"songmics-forvaringslada-med-lock-6-pack-skiffergra","status":"publish","type":"product","link":"https:\/\/nordicmart.andreevmaster.com\/sv\/produkt\/songmics-forvaringslada-med-lock-6-pack-skiffergra\/","title":{"rendered":"SONGMICS f\u00f6rvaringsl\u00e5da med lock, 6-pack, skiffergr\u00e5"},"content":{"rendered":"<p>SONGMICS f\u00f6rvaringsl\u00e5da med lock, 3-pack, vikbar tygl\u00e5da med handtag, f\u00f6rvaring f\u00f6r kl\u00e4der och speglar<br \/>\nF\u00e4rg: Skiffergr\u00e5<br \/>\nMaterial: 2 mm tjock kartong, 80 g\/m\u00b2 non-woven tyg<br \/>\nStorlek: 40 x 30 x 25 cm (L x B x H)<br \/>\nTotalvikt: 3,9 kg<br \/>\nMax. statisk belastningskapacitet per l\u00e5da: 3 kg<\/p>\n","protected":false},"excerpt":{"rendered":"<p>SONGMICS f\u00f6rvaringsl\u00e5da med lock, 3-pack, vikbar tygl\u00e5da med handtag, f\u00f6rvaring f\u00f6r kl\u00e4der och speglar<\/p>\n","protected":false},"featured_media":46287,"comment_status":"open","ping_status":"closed","template":"","meta":[],"product_brand":[],"product_cat":[33],"product_tag":[],"class_list":{"0":"post-19359","1":"product","2":"type-product","3":"status-publish","4":"has-post-thumbnail","6":"product_cat-okategoriserad","8":"first","9":"instock","10":"shipping-taxable","11":"purchasable","12":"product-type-simple"},"_links":{"self":[{"href":"https:\/\/nordicmart.andreevmaster.com\/sv\/wp-json\/wp\/v2\/product\/19359","targetHints":{"allow":["GET"]}}],"collection":[{"href":"https:\/\/nordicmart.andreevmaster.com\/sv\/wp-json\/wp\/v2\/product"}],"about":[{"href":"https:\/\/nordicmart.andreevmaster.com\/sv\/wp-json\/wp\/v2\/types\/product"}],"replies":[{"embeddable":true,"href":"https:\/\/nordicmart.andreevmaster.com\/sv\/wp-json\/wp\/v2\/comments?post=19359"}],"wp:featuredmedia":[{"embeddable":true,"href":"https:\/\/nordicmart.andreevmaster.com\/sv\/wp-json\/wp\/v2\/media\/46287"}],"wp:attachment":[{"href":"https:\/\/nordicmart.andreevmaster.com\/sv\/wp-json\/wp\/v2\/media?parent=19359"}],"wp:term":[{"taxonomy":"product_brand","embeddable":true,"href":"https:\/\/nordicmart.andreevmaster.com\/sv\/wp-json\/wp\/v2\/product_brand?post=19359"},{"taxonomy":"product_cat","embeddable":true,"href":"https:\/\/nordicmart.andreevmaster.com\/sv\/wp-json\/wp\/v2\/product_cat?post=19359"},{"taxonomy":"product_tag","embeddable":true,"href":"https:\/\/nordicmart.andreevmaster.com\/sv\/wp-json\/wp\/v2\/product_tag?post=19359"}],"curies":[{"name":"wp","href":"https:\/\/api.w.org\/{rel}","templated":true}]}}