{"id":19357,"date":"2026-02-27T00:44:19","date_gmt":"2026-02-27T00:44:19","guid":{"rendered":"https:\/\/nordicmart.andreevmaster.com\/product\/songmics-fallbara-forvaringslador\/"},"modified":"2026-02-27T08:31:52","modified_gmt":"2026-02-27T08:31:52","slug":"songmics-fallbara-forvaringslador","status":"publish","type":"product","link":"https:\/\/nordicmart.andreevmaster.com\/sv\/produkt\/songmics-fallbara-forvaringslador\/","title":{"rendered":"SONGMICS F\u00e4llbara f\u00f6rvaringsl\u00e5dor"},"content":{"rendered":"<p>Ligger alla dina prylar utspridda \u00f6ver hela huset? P\u00e5 soffan, s\u00e4ngen och bordet, till och med p\u00e5 golvet&#8230; D\u00e5 \u00e4r det dags att rensa upp i ditt hem med dessa 3 l\u00e5dor. Resesouvenirer, kl\u00e4der, gosedjur etc. \u2013 allt har sin plats. H\u00f6jdpunkterna hos tygboxarna i korthet: Dragkedjan som g\u00e5r \u00f6ver tre sidor \u00f6ppnas smidigt och g\u00f6r det enkelt att komma \u00e5t f\u00f6rem\u00e5len som f\u00f6rvaras i boxen. Den gr\u00e5 f\u00e4rgen med linneaktig struktur ger ditt hem en varm k\u00e4nsla.Det 80 g\/\u33a1 tyg och den 2 mm tjocka kartongen ger varje l\u00e5da en formstabil struktur. Tack vare de 3 handtagen (ett p\u00e5 framsidan, 2 p\u00e5 sidorna) kan du enkelt dra ut l\u00e5dorna fr\u00e5n hyllan eller transportera dem till en annan plats. L\u00e5dorna kan vikas ihop och f\u00f6rvaras enkelt n\u00e4r de inte anv\u00e4nds.Dessa l\u00e5dor, som m\u00e4ter 40 x 30 x 25 cm, passar i garderoben, i bokhyllan, under soffbordet, i barnrummet, p\u00e5 kl\u00e4dsk\u00e5pet eller under s\u00e4ngen. Hos SONGMICS hittar du m\u00e5nga fler f\u00f6rvaringsl\u00e5dor. Uppt\u00e4ck magin med att st\u00e4da upp, som kommer att f\u00f6r\u00e4ndra din vardag.Produktdetaljer: F\u00e4rg: Gr\u00e5 med linneaktig struktur Material: 2 mm tjock kartong, 80 g\/\u33a1 non-woven tyg Storlek: 40 x 30 x 25 cm (L x B x H) Vikt: 1,9 kg Max. statisk belastningskapacitet per l\u00e5da: 3 kg Leveransomfattning: 3 x vikbar l\u00e5da SONGMICS Anvisningar:Torka av ytan med en l\u00e4tt fuktig trasa f\u00f6r daglig reng\u00f6ring och l\u00e5t produkten lufttorka; tv\u00e4tta INTE med vatten. Produkten kan ha en svag lukt n\u00e4r den packas upp. Placera den i s\u00e5 fall p\u00e5 en v\u00e4l ventilerad plats i n\u00e5gra timmar.<\/p>\n","protected":false},"excerpt":{"rendered":"<p>SONGMICS f\u00f6rvaringsl\u00e5dor med lock, 3-pack, vikbara tygl\u00e5dor med handtag, f\u00f6r f\u00f6rvaring av kl\u00e4der och toalettartiklar, gr\u00e5 RYZB03G<\/p>\n","protected":false},"featured_media":46285,"comment_status":"open","ping_status":"closed","template":"","meta":[],"product_brand":[],"product_cat":[33],"product_tag":[],"class_list":{"0":"post-19357","1":"product","2":"type-product","3":"status-publish","4":"has-post-thumbnail","6":"product_cat-okategoriserad","8":"first","9":"instock","10":"shipping-taxable","11":"purchasable","12":"product-type-simple"},"_links":{"self":[{"href":"https:\/\/nordicmart.andreevmaster.com\/sv\/wp-json\/wp\/v2\/product\/19357","targetHints":{"allow":["GET"]}}],"collection":[{"href":"https:\/\/nordicmart.andreevmaster.com\/sv\/wp-json\/wp\/v2\/product"}],"about":[{"href":"https:\/\/nordicmart.andreevmaster.com\/sv\/wp-json\/wp\/v2\/types\/product"}],"replies":[{"embeddable":true,"href":"https:\/\/nordicmart.andreevmaster.com\/sv\/wp-json\/wp\/v2\/comments?post=19357"}],"wp:featuredmedia":[{"embeddable":true,"href":"https:\/\/nordicmart.andreevmaster.com\/sv\/wp-json\/wp\/v2\/media\/46285"}],"wp:attachment":[{"href":"https:\/\/nordicmart.andreevmaster.com\/sv\/wp-json\/wp\/v2\/media?parent=19357"}],"wp:term":[{"taxonomy":"product_brand","embeddable":true,"href":"https:\/\/nordicmart.andreevmaster.com\/sv\/wp-json\/wp\/v2\/product_brand?post=19357"},{"taxonomy":"product_cat","embeddable":true,"href":"https:\/\/nordicmart.andreevmaster.com\/sv\/wp-json\/wp\/v2\/product_cat?post=19357"},{"taxonomy":"product_tag","embeddable":true,"href":"https:\/\/nordicmart.andreevmaster.com\/sv\/wp-json\/wp\/v2\/product_tag?post=19357"}],"curies":[{"name":"wp","href":"https:\/\/api.w.org\/{rel}","templated":true}]}}