{"id":19354,"date":"2026-02-27T00:44:18","date_gmt":"2026-02-27T00:44:18","guid":{"rendered":"https:\/\/nordicmart.andreevmaster.com\/product\/songmics-underkladesorganiserare-4-pack-gra\/"},"modified":"2026-02-27T08:31:51","modified_gmt":"2026-02-27T08:31:51","slug":"songmics-underkladesorganiserare-4-pack-gra","status":"publish","type":"product","link":"https:\/\/nordicmart.andreevmaster.com\/sv\/produkt\/songmics-underkladesorganiserare-4-pack-gra\/","title":{"rendered":"SONGMICS Underkl\u00e4desorganiserare 4-pack Gr\u00e5"},"content":{"rendered":"<p>Hitta en bra plats f\u00f6r dina underkl\u00e4der. Med detta set f\u00f6rvandlar du den kaotiska l\u00e5dan eller garderoben till ett ordnat utrymme d\u00e4r BH:ar, trosor, strumpor etc. f\u00f6rvaras inom r\u00e4ckh\u00e5ll, s\u00e5 att dina saker alltid \u00e4r uppst\u00e4dade.   Utm\u00e4rkt f\u00f6rvaringskapacitet Detta set best\u00e5r av 4 tygboxar. Varje l\u00e5da \u00e4r indelad i flera fack s\u00e5 att du kan f\u00f6rvara olika saker som underkl\u00e4der, halsdukar, slipsar etc. separat.   Hur du anv\u00e4nder setet \u00e4r helt upp till dig! Det \u00e4r ocks\u00e5 v\u00e4l l\u00e4mpat f\u00f6r f\u00f6rvaring av babyartiklar. Rulla ihop dina barns kl\u00e4der och sortera dem efter kategori i olika l\u00e5dor. Om du reser mycket hj\u00e4lper setet dig att alltid h\u00e5lla ordning p\u00e5 hotellet eller under resan. Dessutom tar de hopvikta l\u00e5dorna bara lite plats i din resv\u00e4ska. Med detta set kan du ocks\u00e5 f\u00f6rvara all din smink sorterat.  Produktdetaljer: &#8211; F\u00e4rg: M\u00f6rkgr\u00e5 &#8211; Material: 80 g\/m\u00b2 non-woven, PE-plattor, kartong &#8211; Storlek: L\u00e5da med 5 fack f\u00f6r BH:ar: 33 x 30 x 10 cm (L x B x H) L\u00e5da med 6 fack f\u00f6r halsdukar\/kalsonger: 33 x 17 x 10 cm (L x B x H) L\u00e5da med 8 fack f\u00f6r slipsar: 33 x 17 x 10 cm (L x B x H) L\u00e5da med 24 fack f\u00f6r strumpor eller andra accessoarer: 33 x 30 x 10 cm (L x B x H) &#8211; Vikt: 660 g   Leveransomfattning: &#8211; 1 x set med 4 organisat\u00f6rer (med 5, 6, 8 respektive 24 fack) &#8211; 2 x utdragbara PE-plattor<\/p>\n","protected":false},"excerpt":{"rendered":"<p>SONGMICS f\u00f6rvaringsl\u00e5da f\u00f6r underkl\u00e4der, l\u00e5dinredning, hopf\u00e4llbar, ordningssystem f\u00f6r garderob, f\u00f6r beh\u00e5ar, underkl\u00e4der, strumpor, slipsar, hopf\u00e4llbar l\u00e5da, tygl\u00e5da, 4-pack, m\u00f6rkgr\u00e5 RYUS04G<\/p>\n","protected":false},"featured_media":46282,"comment_status":"open","ping_status":"closed","template":"","meta":[],"product_brand":[],"product_cat":[33],"product_tag":[],"class_list":{"0":"post-19354","1":"product","2":"type-product","3":"status-publish","4":"has-post-thumbnail","6":"product_cat-okategoriserad","8":"first","9":"instock","10":"shipping-taxable","11":"purchasable","12":"product-type-simple"},"_links":{"self":[{"href":"https:\/\/nordicmart.andreevmaster.com\/sv\/wp-json\/wp\/v2\/product\/19354","targetHints":{"allow":["GET"]}}],"collection":[{"href":"https:\/\/nordicmart.andreevmaster.com\/sv\/wp-json\/wp\/v2\/product"}],"about":[{"href":"https:\/\/nordicmart.andreevmaster.com\/sv\/wp-json\/wp\/v2\/types\/product"}],"replies":[{"embeddable":true,"href":"https:\/\/nordicmart.andreevmaster.com\/sv\/wp-json\/wp\/v2\/comments?post=19354"}],"wp:featuredmedia":[{"embeddable":true,"href":"https:\/\/nordicmart.andreevmaster.com\/sv\/wp-json\/wp\/v2\/media\/46282"}],"wp:attachment":[{"href":"https:\/\/nordicmart.andreevmaster.com\/sv\/wp-json\/wp\/v2\/media?parent=19354"}],"wp:term":[{"taxonomy":"product_brand","embeddable":true,"href":"https:\/\/nordicmart.andreevmaster.com\/sv\/wp-json\/wp\/v2\/product_brand?post=19354"},{"taxonomy":"product_cat","embeddable":true,"href":"https:\/\/nordicmart.andreevmaster.com\/sv\/wp-json\/wp\/v2\/product_cat?post=19354"},{"taxonomy":"product_tag","embeddable":true,"href":"https:\/\/nordicmart.andreevmaster.com\/sv\/wp-json\/wp\/v2\/product_tag?post=19354"}],"curies":[{"name":"wp","href":"https:\/\/api.w.org\/{rel}","templated":true}]}}