{"id":19353,"date":"2026-02-27T00:44:17","date_gmt":"2026-02-27T00:44:17","guid":{"rendered":"https:\/\/nordicmart.andreevmaster.com\/product\/songmics-2-pack-tygboxar-med-lock\/"},"modified":"2026-02-27T08:31:51","modified_gmt":"2026-02-27T08:31:51","slug":"songmics-2-pack-tygboxar-med-lock","status":"publish","type":"product","link":"https:\/\/nordicmart.andreevmaster.com\/sv\/produkt\/songmics-2-pack-tygboxar-med-lock\/","title":{"rendered":"SONGMICS 2-pack tygboxar med lock"},"content":{"rendered":"<p>SONGMICS f\u00f6rvaringsl\u00e5dor erbjuder smarta f\u00f6rvaringsl\u00f6sningar f\u00f6r att skapa mer f\u00f6rvaringsutrymme i din garderob, hylla etc. Med metallringen och kardborrebanden p\u00e5 baksidan kan flera f\u00f6rvaringsl\u00e5dor staplas p\u00e5 varandra, \u00e4ven under h\u00f6g belastning kan de inte deformeras. Det uppf\u00e4llbara locket med magnetl\u00e5s g\u00f6r det enkelt att ta ut\/l\u00e4gga in f\u00f6rem\u00e5l. I dessa l\u00e5dor kan du enkelt f\u00f6rvara artiklar f\u00f6r daglig anv\u00e4ndning och skapa ordning i din garderob. Vad v\u00e4ntar du p\u00e5? Du kommer inte \u00e5ngra ditt k\u00f6p. Produktdetaljer: &#8211; F\u00e4rg: Gr\u00e5beige &#8211; Material: Imitation av linne, 80 g\/m\u00b2 non-woven-tyg, j\u00e4rnram, 3 mm kartong &#8211; Storlek: 38 x 35 x 25 cm (L x B x H) &#8211; Vikt per l\u00e5da: 3 kg &#8211; Max. statisk belastningskapacitet per l\u00e5da: 10 kg Leveransomfattning:- 2 x f\u00f6rvaringsl\u00e5da &#8211; 1 x bruksanvisning (DE, EN, FR, ES, IT) SONGMICS Anm\u00e4rkningar: &#8211; Produkten \u00e4r inte tv\u00e4ttbar, smuts kan torkas bort med en fuktig trasa och l\u00e5t sedan l\u00e5dan torka p\u00e5 en v\u00e4l ventilerad plats.- Det kan h\u00e4nda att produkten har en svag lukt n\u00e4r du packar upp den. Placera den i s\u00e5 fall p\u00e5 en v\u00e4l ventilerad plats i n\u00e5gra timmar.<\/p>\n","protected":false},"excerpt":{"rendered":"<p>SONGMICS f\u00f6rvaringsbox, 2-pack, stapelbar vikbar box med tygkl\u00e4dsel, magnetisk lock, metallram och handtag p\u00e5 sidorna, f\u00f6r accessoarer, leksaker, kl\u00e4der, m\u00f6rkgr\u00e5 RYLB02G<\/p>\n","protected":false},"featured_media":46281,"comment_status":"open","ping_status":"closed","template":"","meta":[],"product_brand":[],"product_cat":[33],"product_tag":[],"class_list":{"0":"post-19353","1":"product","2":"type-product","3":"status-publish","4":"has-post-thumbnail","6":"product_cat-okategoriserad","8":"first","9":"instock","10":"shipping-taxable","11":"purchasable","12":"product-type-simple"},"_links":{"self":[{"href":"https:\/\/nordicmart.andreevmaster.com\/sv\/wp-json\/wp\/v2\/product\/19353","targetHints":{"allow":["GET"]}}],"collection":[{"href":"https:\/\/nordicmart.andreevmaster.com\/sv\/wp-json\/wp\/v2\/product"}],"about":[{"href":"https:\/\/nordicmart.andreevmaster.com\/sv\/wp-json\/wp\/v2\/types\/product"}],"replies":[{"embeddable":true,"href":"https:\/\/nordicmart.andreevmaster.com\/sv\/wp-json\/wp\/v2\/comments?post=19353"}],"wp:featuredmedia":[{"embeddable":true,"href":"https:\/\/nordicmart.andreevmaster.com\/sv\/wp-json\/wp\/v2\/media\/46281"}],"wp:attachment":[{"href":"https:\/\/nordicmart.andreevmaster.com\/sv\/wp-json\/wp\/v2\/media?parent=19353"}],"wp:term":[{"taxonomy":"product_brand","embeddable":true,"href":"https:\/\/nordicmart.andreevmaster.com\/sv\/wp-json\/wp\/v2\/product_brand?post=19353"},{"taxonomy":"product_cat","embeddable":true,"href":"https:\/\/nordicmart.andreevmaster.com\/sv\/wp-json\/wp\/v2\/product_cat?post=19353"},{"taxonomy":"product_tag","embeddable":true,"href":"https:\/\/nordicmart.andreevmaster.com\/sv\/wp-json\/wp\/v2\/product_tag?post=19353"}],"curies":[{"name":"wp","href":"https:\/\/api.w.org\/{rel}","templated":true}]}}