{"id":19352,"date":"2026-02-27T00:44:17","date_gmt":"2026-02-27T00:44:17","guid":{"rendered":"https:\/\/nordicmart.andreevmaster.com\/product\/songmics-kladskap-1-kladstang-6-nivaer\/"},"modified":"2026-02-27T08:31:51","modified_gmt":"2026-02-27T08:31:51","slug":"songmics-kladskap-1-kladstang-6-nivaer","status":"publish","type":"product","link":"https:\/\/nordicmart.andreevmaster.com\/sv\/produkt\/songmics-kladskap-1-kladstang-6-nivaer\/","title":{"rendered":"SONGMICS kl\u00e4dsk\u00e5p, 1 kl\u00e4dst\u00e5ng, 6 niv\u00e5er"},"content":{"rendered":"<p>\u00c4r du alltid irriterad \u00f6ver kl\u00e4der som ligger och flyger omkring \u00f6verallt? Och har du aldrig tillr\u00e4ckligt med plats f\u00f6r dina kl\u00e4der n\u00e4r du byter garderob efter s\u00e4song? Songmics kl\u00e4dsk\u00e5p \u00e4r den perfekta l\u00f6sningen f\u00f6r dig, s\u00e5 att du kan f\u00e5 ordning i ditt hem igen. Dessutom har Songmics tygkl\u00e4dsk\u00e5p ett enkelt utseende och designen passar bra in i ditt rum eller kontor. Materialet som anv\u00e4nds \u00e4r av h\u00f6g kvalitet, robust, milj\u00f6v\u00e4nligt och inte skadligt f\u00f6r h\u00e4lsan. Hos Songmics k\u00f6per du produkter av h\u00f6g kvalitet med bra pris\/prestanda-f\u00f6rh\u00e5llande. Anvisningar: &#8211; Om r\u00f6ren \u00e4r sv\u00e5ra att s\u00e4tta i plastkopplingarna, f\u00f6rs\u00f6k att doppa plastkopplingarna i varmt vatten. &#8211; Produkten ska skyddas fr\u00e5n direkt solljus, annars kan livsl\u00e4ngden f\u00f6rkortas. F\u00f6rvara den p\u00e5 en sval och torr plats f\u00f6r att f\u00f6rhindra m\u00f6gel. &#8211; Undvik att packa upp och montera produkten med v\u00e5ld. &#8211; Om du st\u00f6ter p\u00e5 problem vid monteringen, kontakta v\u00e5r kundtj\u00e4nst s\u00e5 hj\u00e4lper vi dig g\u00e4rna att l\u00f6sa problemen eller erbjuder dig gratis reservdelar. &#8211; \u00d6verdraget av non-woven-tyg \u00e4r inte tv\u00e4ttbart med vatten. Produktdetaljer:- F\u00e4rg: svart &#8211; M\u00e5tt: ca 88 x 45 x 170 cm &#8211; Material: \u00d6verdrag: non-woven-tyg, st\u00e5lr\u00f6r (\u00d8 15 mm) &#8211; F\u00f6rpackningsm\u00e5tt: 58 x 28 x 9 cm &#8211; Vikt: 2,6 kg Leveransomfattning: &#8211; 1 x kl\u00e4dsk\u00e5p i tyg<\/p>\n","protected":false},"excerpt":{"rendered":"<p>Garderob, 1 kl\u00e4dst\u00e5ng, 6 hyllplan, 88 x 45 x 168 cm, non-woven tyg, metallram, svart<\/p>\n","protected":false},"featured_media":46280,"comment_status":"open","ping_status":"closed","template":"","meta":[],"product_brand":[],"product_cat":[33],"product_tag":[],"class_list":{"0":"post-19352","1":"product","2":"type-product","3":"status-publish","4":"has-post-thumbnail","6":"product_cat-okategoriserad","8":"first","9":"instock","10":"shipping-taxable","11":"purchasable","12":"product-type-simple"},"_links":{"self":[{"href":"https:\/\/nordicmart.andreevmaster.com\/sv\/wp-json\/wp\/v2\/product\/19352","targetHints":{"allow":["GET"]}}],"collection":[{"href":"https:\/\/nordicmart.andreevmaster.com\/sv\/wp-json\/wp\/v2\/product"}],"about":[{"href":"https:\/\/nordicmart.andreevmaster.com\/sv\/wp-json\/wp\/v2\/types\/product"}],"replies":[{"embeddable":true,"href":"https:\/\/nordicmart.andreevmaster.com\/sv\/wp-json\/wp\/v2\/comments?post=19352"}],"wp:featuredmedia":[{"embeddable":true,"href":"https:\/\/nordicmart.andreevmaster.com\/sv\/wp-json\/wp\/v2\/media\/46280"}],"wp:attachment":[{"href":"https:\/\/nordicmart.andreevmaster.com\/sv\/wp-json\/wp\/v2\/media?parent=19352"}],"wp:term":[{"taxonomy":"product_brand","embeddable":true,"href":"https:\/\/nordicmart.andreevmaster.com\/sv\/wp-json\/wp\/v2\/product_brand?post=19352"},{"taxonomy":"product_cat","embeddable":true,"href":"https:\/\/nordicmart.andreevmaster.com\/sv\/wp-json\/wp\/v2\/product_cat?post=19352"},{"taxonomy":"product_tag","embeddable":true,"href":"https:\/\/nordicmart.andreevmaster.com\/sv\/wp-json\/wp\/v2\/product_tag?post=19352"}],"curies":[{"name":"wp","href":"https:\/\/api.w.org\/{rel}","templated":true}]}}