{"id":19351,"date":"2026-02-27T00:44:17","date_gmt":"2026-02-27T00:44:17","guid":{"rendered":"https:\/\/nordicmart.andreevmaster.com\/product\/songmics-kladskap-1-kladstang-6-hyllplan\/"},"modified":"2026-02-27T08:31:50","modified_gmt":"2026-02-27T08:31:50","slug":"songmics-kladskap-1-kladstang-6-hyllplan","status":"publish","type":"product","link":"https:\/\/nordicmart.andreevmaster.com\/sv\/produkt\/songmics-kladskap-1-kladstang-6-hyllplan\/","title":{"rendered":"SONGMICS kl\u00e4dsk\u00e5p, 1 kl\u00e4dst\u00e5ng, 6 hyllplan"},"content":{"rendered":"<p>Tack vare flera hyllplan p\u00e5 v\u00e4nster sida \u00e4r tygsk\u00e5pet mycket stabilt. Garderobssk\u00e5pet med kl\u00e4dst\u00e5ng och hyllplan m\u00f6jligg\u00f6r en praktisk uppdelning, vilket g\u00f6r sk\u00e5pet mycket funktionellt. T.ex. byxor, T-shirts och skjortor utan veck att h\u00e4nga upp, effektiv sortering av v\u00e4skor, st\u00f6vlar, halsdukar eller liknande. Som ett riktigt &#8221;utrymmesunder&#8221; passar det \u00f6verallt, till exempel i vardagsrummet, sovrummet, tv\u00e4ttstugan etc. Produktdetaljer: &#8211; F\u00e4rg: Gr\u00e5 &#8211; M\u00e5tt: 88 x 170 x 45 cm (B x H x D) &#8211; Material: Hyllplan av 75 g\/m\u00b2 laminerat non-woven-material, \u00f6verdrag av 75 g\/m\u00b2 non-woven-material, j\u00e4rnr\u00f6r (\u00d8 15 mm) &#8211; F\u00f6rpackningsm\u00e5tt: 58 x 28 x 9 cm &#8211; Vikt: 2,6 kg Leveransomfattning: 1 x kl\u00e4dsk\u00e5p<\/p>\n","protected":false},"excerpt":{"rendered":"<p>Garderob, 1 kl\u00e4dst\u00e5ng, 6 hyllplan, 88 x 45 x 168 cm, non-woven tyg, metallram, svart<\/p>\n","protected":false},"featured_media":46279,"comment_status":"open","ping_status":"closed","template":"","meta":[],"product_brand":[],"product_cat":[33],"product_tag":[],"class_list":{"0":"post-19351","1":"product","2":"type-product","3":"status-publish","4":"has-post-thumbnail","6":"product_cat-okategoriserad","8":"first","9":"instock","10":"shipping-taxable","11":"purchasable","12":"product-type-simple"},"_links":{"self":[{"href":"https:\/\/nordicmart.andreevmaster.com\/sv\/wp-json\/wp\/v2\/product\/19351","targetHints":{"allow":["GET"]}}],"collection":[{"href":"https:\/\/nordicmart.andreevmaster.com\/sv\/wp-json\/wp\/v2\/product"}],"about":[{"href":"https:\/\/nordicmart.andreevmaster.com\/sv\/wp-json\/wp\/v2\/types\/product"}],"replies":[{"embeddable":true,"href":"https:\/\/nordicmart.andreevmaster.com\/sv\/wp-json\/wp\/v2\/comments?post=19351"}],"wp:featuredmedia":[{"embeddable":true,"href":"https:\/\/nordicmart.andreevmaster.com\/sv\/wp-json\/wp\/v2\/media\/46279"}],"wp:attachment":[{"href":"https:\/\/nordicmart.andreevmaster.com\/sv\/wp-json\/wp\/v2\/media?parent=19351"}],"wp:term":[{"taxonomy":"product_brand","embeddable":true,"href":"https:\/\/nordicmart.andreevmaster.com\/sv\/wp-json\/wp\/v2\/product_brand?post=19351"},{"taxonomy":"product_cat","embeddable":true,"href":"https:\/\/nordicmart.andreevmaster.com\/sv\/wp-json\/wp\/v2\/product_cat?post=19351"},{"taxonomy":"product_tag","embeddable":true,"href":"https:\/\/nordicmart.andreevmaster.com\/sv\/wp-json\/wp\/v2\/product_tag?post=19351"}],"curies":[{"name":"wp","href":"https:\/\/api.w.org\/{rel}","templated":true}]}}