{"id":19345,"date":"2026-02-27T00:44:15","date_gmt":"2026-02-27T00:44:15","guid":{"rendered":"https:\/\/nordicmart.andreevmaster.com\/product\/songmics-tygskap-kladskap-170-x-45-x-167-cm\/"},"modified":"2026-02-27T08:31:49","modified_gmt":"2026-02-27T08:31:49","slug":"songmics-tygskap-kladskap-170-x-45-x-167-cm","status":"publish","type":"product","link":"https:\/\/nordicmart.andreevmaster.com\/sv\/produkt\/songmics-tygskap-kladskap-170-x-45-x-167-cm\/","title":{"rendered":"SONGMICS tygsk\u00e5p, kl\u00e4dsk\u00e5p, 170 x 45 x 167 cm"},"content":{"rendered":"<p>Tygl\u00e5da, kl\u00e4dsk\u00e5p, 45 x 170 x 167 cm, 4 h\u00e4ngande fack, med hyllor, 4 sidfickor, mycket utrymme, svart<br \/>\nSpecifikationer:<br \/>\n&#8211; M\u00e5tt: 170 x 45 x 167 cm (L x B x H)<br \/>\n&#8211; Vikt: 5 kg<br \/>\n&#8211; Max. statisk b\u00e4rf\u00f6rm\u00e5ga per kl\u00e4dst\u00e5ng: 15 kg<br \/>\n&#8211; Max. statisk b\u00e4rf\u00f6rm\u00e5ga per hylla: 5 kg<br \/>\n&#8211; Material: st\u00e5l, non-woven-tyg, plast<br \/>\n&#8211; F\u00e4rg: svart<\/p>\n","protected":false},"excerpt":{"rendered":"<p>Tygl\u00e5da, kl\u00e4dsk\u00e5p, 45 x 170 x 167 cm, 4 h\u00e4ngande fack, med hyllor, 4 sidfickor, mycket utrymme, svart<\/p>\n","protected":false},"featured_media":46273,"comment_status":"open","ping_status":"closed","template":"","meta":[],"product_brand":[],"product_cat":[33],"product_tag":[],"class_list":{"0":"post-19345","1":"product","2":"type-product","3":"status-publish","4":"has-post-thumbnail","6":"product_cat-okategoriserad","8":"first","9":"instock","10":"shipping-taxable","11":"purchasable","12":"product-type-simple"},"_links":{"self":[{"href":"https:\/\/nordicmart.andreevmaster.com\/sv\/wp-json\/wp\/v2\/product\/19345","targetHints":{"allow":["GET"]}}],"collection":[{"href":"https:\/\/nordicmart.andreevmaster.com\/sv\/wp-json\/wp\/v2\/product"}],"about":[{"href":"https:\/\/nordicmart.andreevmaster.com\/sv\/wp-json\/wp\/v2\/types\/product"}],"replies":[{"embeddable":true,"href":"https:\/\/nordicmart.andreevmaster.com\/sv\/wp-json\/wp\/v2\/comments?post=19345"}],"wp:featuredmedia":[{"embeddable":true,"href":"https:\/\/nordicmart.andreevmaster.com\/sv\/wp-json\/wp\/v2\/media\/46273"}],"wp:attachment":[{"href":"https:\/\/nordicmart.andreevmaster.com\/sv\/wp-json\/wp\/v2\/media?parent=19345"}],"wp:term":[{"taxonomy":"product_brand","embeddable":true,"href":"https:\/\/nordicmart.andreevmaster.com\/sv\/wp-json\/wp\/v2\/product_brand?post=19345"},{"taxonomy":"product_cat","embeddable":true,"href":"https:\/\/nordicmart.andreevmaster.com\/sv\/wp-json\/wp\/v2\/product_cat?post=19345"},{"taxonomy":"product_tag","embeddable":true,"href":"https:\/\/nordicmart.andreevmaster.com\/sv\/wp-json\/wp\/v2\/product_tag?post=19345"}],"curies":[{"name":"wp","href":"https:\/\/api.w.org\/{rel}","templated":true}]}}