{"id":19344,"date":"2026-02-27T00:44:14","date_gmt":"2026-02-27T00:44:14","guid":{"rendered":"https:\/\/nordicmart.andreevmaster.com\/product\/songmics-tygskap-kladskap-45-x-170-x-167-cm\/"},"modified":"2026-02-27T08:31:49","modified_gmt":"2026-02-27T08:31:49","slug":"songmics-tygskap-kladskap-45-x-170-x-167-cm","status":"publish","type":"product","link":"https:\/\/nordicmart.andreevmaster.com\/sv\/produkt\/songmics-tygskap-kladskap-45-x-170-x-167-cm\/","title":{"rendered":"SONGMICS tygsk\u00e5p, kl\u00e4dsk\u00e5p, 45 x 170 x 167 cm"},"content":{"rendered":"<p>Produktdetaljer: &#8211; F\u00e4rg: Svart &#8211; Material: St\u00e5l, non-woven tyg, plast &#8211; Storlek: 45 x 170 x 167 cm (D x B x H) &#8211; Vikt: 5 kg &#8211; Max. statisk belastningskapacitet per kl\u00e4dst\u00e5ng: 15 kg &#8211; Max. statisk belastningskapacitet per hylla: 5 kg Leveransomfattning: &#8211; 1 x kl\u00e4dsk\u00e5p &#8211; 1 x tippskydd &#8211; 1 x bruksanvisning SONGMICS Anvisningar: &#8211; Se till att plastkopplingarna \u00e4r korrekt inriktade vid montering. &#8211; Se till att st\u00e5lr\u00f6ret och plastkopplingarna sitter ordentligt fast vid montering. &#8211; Flytta inte produkten om det finns f\u00f6rem\u00e5l f\u00f6rvarade i den.<\/p>\n","protected":false},"excerpt":{"rendered":"<p>Tygl\u00e5da, kl\u00e4dsk\u00e5p, 45 x 170 x 167 cm, 4 h\u00e4ngande fack, med hyllor, 4 sidfickor, mycket utrymme, svart<\/p>\n","protected":false},"featured_media":46272,"comment_status":"open","ping_status":"closed","template":"","meta":[],"product_brand":[],"product_cat":[33],"product_tag":[],"class_list":{"0":"post-19344","1":"product","2":"type-product","3":"status-publish","4":"has-post-thumbnail","6":"product_cat-okategoriserad","8":"first","9":"instock","10":"shipping-taxable","11":"purchasable","12":"product-type-simple"},"_links":{"self":[{"href":"https:\/\/nordicmart.andreevmaster.com\/sv\/wp-json\/wp\/v2\/product\/19344","targetHints":{"allow":["GET"]}}],"collection":[{"href":"https:\/\/nordicmart.andreevmaster.com\/sv\/wp-json\/wp\/v2\/product"}],"about":[{"href":"https:\/\/nordicmart.andreevmaster.com\/sv\/wp-json\/wp\/v2\/types\/product"}],"replies":[{"embeddable":true,"href":"https:\/\/nordicmart.andreevmaster.com\/sv\/wp-json\/wp\/v2\/comments?post=19344"}],"wp:featuredmedia":[{"embeddable":true,"href":"https:\/\/nordicmart.andreevmaster.com\/sv\/wp-json\/wp\/v2\/media\/46272"}],"wp:attachment":[{"href":"https:\/\/nordicmart.andreevmaster.com\/sv\/wp-json\/wp\/v2\/media?parent=19344"}],"wp:term":[{"taxonomy":"product_brand","embeddable":true,"href":"https:\/\/nordicmart.andreevmaster.com\/sv\/wp-json\/wp\/v2\/product_brand?post=19344"},{"taxonomy":"product_cat","embeddable":true,"href":"https:\/\/nordicmart.andreevmaster.com\/sv\/wp-json\/wp\/v2\/product_cat?post=19344"},{"taxonomy":"product_tag","embeddable":true,"href":"https:\/\/nordicmart.andreevmaster.com\/sv\/wp-json\/wp\/v2\/product_tag?post=19344"}],"curies":[{"name":"wp","href":"https:\/\/api.w.org\/{rel}","templated":true}]}}