{"id":19330,"date":"2026-02-27T00:44:10","date_gmt":"2026-02-27T00:44:10","guid":{"rendered":"https:\/\/nordicmart.andreevmaster.com\/product\/songmics-tygskap-kladskap-45-x-127-x-176-cm\/"},"modified":"2026-02-27T08:31:46","modified_gmt":"2026-02-27T08:31:46","slug":"songmics-tygskap-kladskap-45-x-127-x-176-cm","status":"publish","type":"product","link":"https:\/\/nordicmart.andreevmaster.com\/sv\/produkt\/songmics-tygskap-kladskap-45-x-127-x-176-cm\/","title":{"rendered":"SONGMICS tygsk\u00e5p, kl\u00e4dsk\u00e5p, 45 x 127 x 176 cm"},"content":{"rendered":"<p>SONGMICS tygsk\u00e5p, kl\u00e4dsk\u00e5p, 45 x 127 x 176 cm, 2 h\u00e4ngande fack, med hyllor, 4 sidfickor, mycket utrymme, f\u00f6r sovrum, vardagsrum, gr\u00e5 RYG008G02<br \/>\nSpecifikationer:<br \/>\nM\u00e5tt: 45 x 127 x 176 cm (D x B x H)<br \/>\nVikt: 3,5 kg<br \/>\nMax. statisk b\u00e4rf\u00f6rm\u00e5ga per kl\u00e4dst\u00e5ng: 15 kg<br \/>\nMax. statisk b\u00e4rf\u00f6rm\u00e5ga per hylla: 5 kg<br \/>\nMaterial: st\u00e5l, non-woven, plast<br \/>\nF\u00e4rg: Svart<\/p>\n","protected":false},"excerpt":{"rendered":"<p>SONGMICS tygsk\u00e5p, kl\u00e4dsk\u00e5p, 45 x 127 x 176 cm, 2 h\u00e4ngande fack, med hyllor, 4 sidfickor, mycket utrymme, f\u00f6r sovrum, vardagsrum, gr\u00e5 RYG008G02<\/p>\n","protected":false},"featured_media":46262,"comment_status":"open","ping_status":"closed","template":"","meta":[],"product_brand":[],"product_cat":[33],"product_tag":[],"class_list":{"0":"post-19330","1":"product","2":"type-product","3":"status-publish","4":"has-post-thumbnail","6":"product_cat-okategoriserad","8":"first","9":"instock","10":"shipping-taxable","11":"purchasable","12":"product-type-simple"},"_links":{"self":[{"href":"https:\/\/nordicmart.andreevmaster.com\/sv\/wp-json\/wp\/v2\/product\/19330","targetHints":{"allow":["GET"]}}],"collection":[{"href":"https:\/\/nordicmart.andreevmaster.com\/sv\/wp-json\/wp\/v2\/product"}],"about":[{"href":"https:\/\/nordicmart.andreevmaster.com\/sv\/wp-json\/wp\/v2\/types\/product"}],"replies":[{"embeddable":true,"href":"https:\/\/nordicmart.andreevmaster.com\/sv\/wp-json\/wp\/v2\/comments?post=19330"}],"wp:featuredmedia":[{"embeddable":true,"href":"https:\/\/nordicmart.andreevmaster.com\/sv\/wp-json\/wp\/v2\/media\/46262"}],"wp:attachment":[{"href":"https:\/\/nordicmart.andreevmaster.com\/sv\/wp-json\/wp\/v2\/media?parent=19330"}],"wp:term":[{"taxonomy":"product_brand","embeddable":true,"href":"https:\/\/nordicmart.andreevmaster.com\/sv\/wp-json\/wp\/v2\/product_brand?post=19330"},{"taxonomy":"product_cat","embeddable":true,"href":"https:\/\/nordicmart.andreevmaster.com\/sv\/wp-json\/wp\/v2\/product_cat?post=19330"},{"taxonomy":"product_tag","embeddable":true,"href":"https:\/\/nordicmart.andreevmaster.com\/sv\/wp-json\/wp\/v2\/product_tag?post=19330"}],"curies":[{"name":"wp","href":"https:\/\/api.w.org\/{rel}","templated":true}]}}