{"id":19327,"date":"2026-02-27T00:44:09","date_gmt":"2026-02-27T00:44:09","guid":{"rendered":"https:\/\/nordicmart.andreevmaster.com\/product\/songmics-kladskap-garderob-med-2-kladstanger-kladforvaring\/"},"modified":"2026-02-27T08:31:45","modified_gmt":"2026-02-27T08:31:45","slug":"songmics-kladskap-garderob-med-2-kladstanger-kladforvaring","status":"publish","type":"product","link":"https:\/\/nordicmart.andreevmaster.com\/sv\/produkt\/songmics-kladskap-garderob-med-2-kladstanger-kladforvaring\/","title":{"rendered":"SONGMICS kl\u00e4dsk\u00e5p, garderob med 2 kl\u00e4dst\u00e4nger, kl\u00e4df\u00f6rvaring"},"content":{"rendered":"<p>SONGMICS kl\u00e4dsk\u00e5p, garderob med kl\u00e4dst\u00e4nger, f\u00f6rvaring f\u00f6r kl\u00e4der, tygsk\u00e5p, kl\u00e4dst\u00e4llning, hopf\u00e4llbar, kl\u00e4dkammare, sovrum, 140 x 43 x 174 cm, gr\u00e5 RYG02GY<\/p>\n<p>Specifikationer:<br \/>\n&#8211; M\u00e5tt: 140 x 43 x 174 cm (L x B x H)<br \/>\n&#8211; Vikt: 5,4 kg<br \/>\n&#8211; Max. statisk b\u00e4rf\u00f6rm\u00e5ga: hylla 10 kg, kl\u00e4dst\u00e5ng 30 kg, hela hyllan 80 kg<br \/>\n&#8211; Material: non-woven-tyg, metallr\u00f6r, plastkopplingar<br \/>\n&#8211; F\u00e4rg: salviagr\u00f6n<\/p>\n","protected":false},"excerpt":{"rendered":"<p>SONGMICS kl\u00e4dsk\u00e5p, garderob med kl\u00e4dst\u00e4nger, f\u00f6rvaring f\u00f6r kl\u00e4der, tygsk\u00e5p, kl\u00e4dst\u00e4llning, hopf\u00e4llbar, kl\u00e4dkammare, sovrum, 140 x 43 x 174 cm, gr\u00e5 RYG02GY<\/p>\n","protected":false},"featured_media":46259,"comment_status":"open","ping_status":"closed","template":"","meta":[],"product_brand":[],"product_cat":[33],"product_tag":[],"class_list":{"0":"post-19327","1":"product","2":"type-product","3":"status-publish","4":"has-post-thumbnail","6":"product_cat-okategoriserad","8":"first","9":"instock","10":"shipping-taxable","11":"purchasable","12":"product-type-simple"},"_links":{"self":[{"href":"https:\/\/nordicmart.andreevmaster.com\/sv\/wp-json\/wp\/v2\/product\/19327","targetHints":{"allow":["GET"]}}],"collection":[{"href":"https:\/\/nordicmart.andreevmaster.com\/sv\/wp-json\/wp\/v2\/product"}],"about":[{"href":"https:\/\/nordicmart.andreevmaster.com\/sv\/wp-json\/wp\/v2\/types\/product"}],"replies":[{"embeddable":true,"href":"https:\/\/nordicmart.andreevmaster.com\/sv\/wp-json\/wp\/v2\/comments?post=19327"}],"wp:featuredmedia":[{"embeddable":true,"href":"https:\/\/nordicmart.andreevmaster.com\/sv\/wp-json\/wp\/v2\/media\/46259"}],"wp:attachment":[{"href":"https:\/\/nordicmart.andreevmaster.com\/sv\/wp-json\/wp\/v2\/media?parent=19327"}],"wp:term":[{"taxonomy":"product_brand","embeddable":true,"href":"https:\/\/nordicmart.andreevmaster.com\/sv\/wp-json\/wp\/v2\/product_brand?post=19327"},{"taxonomy":"product_cat","embeddable":true,"href":"https:\/\/nordicmart.andreevmaster.com\/sv\/wp-json\/wp\/v2\/product_cat?post=19327"},{"taxonomy":"product_tag","embeddable":true,"href":"https:\/\/nordicmart.andreevmaster.com\/sv\/wp-json\/wp\/v2\/product_tag?post=19327"}],"curies":[{"name":"wp","href":"https:\/\/api.w.org\/{rel}","templated":true}]}}