{"id":19326,"date":"2026-02-27T00:44:09","date_gmt":"2026-02-27T00:44:09","guid":{"rendered":"https:\/\/nordicmart.andreevmaster.com\/product\/songmics-tygskap-med-rullport-beige\/"},"modified":"2026-02-27T08:31:45","modified_gmt":"2026-02-27T08:31:45","slug":"songmics-tygskap-med-rullport-beige","status":"publish","type":"product","link":"https:\/\/nordicmart.andreevmaster.com\/sv\/produkt\/songmics-tygskap-med-rullport-beige\/","title":{"rendered":"SONGMICS tygsk\u00e5p med rullport Beige"},"content":{"rendered":"<p>\u00c4r du alltid irriterad \u00f6ver kl\u00e4der som ligger och flyger omkring \u00f6verallt? Och har du aldrig tillr\u00e4ckligt med plats f\u00f6r dina saker n\u00e4r du byter garderob efter s\u00e4song? Songmics kl\u00e4dsk\u00e5p \u00e4r den perfekta l\u00f6sningen f\u00f6r dig, s\u00e5 att du kan f\u00e5 ordning i ditt hem igen. Garderoben erbjuder mycket utrymme, den \u00e4r ett riktigt &#8221;utrymmesunderverk&#8221;, den rymmer mycket och f\u00f6rvarar mycket. I den kan du f\u00f6rvara allt m\u00f6jligt, till exempel s\u00e4ngkl\u00e4der, vinter-\/sommarkl\u00e4der, skor eller liknande. Kl\u00e4dst\u00e5ngen och hyllorna m\u00f6jligg\u00f6r ocks\u00e5 en praktisk uppdelning, vilket g\u00f6r garderoben superfunktionell. \u00c4r du skeptisk till om kombinationen av st\u00e5lr\u00f6r och plastdelar \u00e4r tillr\u00e4ckligt robust? Tack vare den stabila konstruktionen kan du sl\u00e4ppa den oron. Ramen \u00e4r stabil och t\u00e5l stor vikt. \u00d6verdraget med d\u00f6rr skapar ocks\u00e5 en dammfri och praktisk f\u00f6rvaring. Dessutom har Songmics tyggarderob ett enkelt utseende, och designen passar bra in i ditt rum eller kontor. Materialet som anv\u00e4nds \u00e4r av god kvalitet, robust, milj\u00f6v\u00e4nligt och inte skadligt f\u00f6r h\u00e4lsan. Hos Songmics k\u00f6per du artiklar av h\u00f6g kvalitet med bra pris\/prestanda-f\u00f6rh\u00e5llande. Anm\u00e4rkningar:- Produkten ska skyddas fr\u00e5n direkt solljus, annars kan livsl\u00e4ngden f\u00f6rkortas. F\u00f6rvara den p\u00e5 en sval och torr plats f\u00f6r att f\u00f6rhindra m\u00f6gel. &#8211; N\u00e4r du kopplar ihop j\u00e4rnr\u00f6ren och plastkopplingarna, undvik att trycka in j\u00e4rnr\u00f6ret med v\u00e5ld direkt in i kopplingen, utan vrid ist\u00e4llet in j\u00e4rnr\u00f6ret l\u00e5ngsamt i kopplingen.- Om r\u00f6ren \u00e4r sv\u00e5ra att s\u00e4tta in i plastkopplingarna, f\u00f6rs\u00f6k att doppa plastkopplingarna i varmt vatten. &#8211; Om du st\u00f6ter p\u00e5 problem under monteringen, kontakta v\u00e5r kundtj\u00e4nst s\u00e5 hj\u00e4lper vi dig g\u00e4rna att l\u00f6sa problemen eller erbjuder dig gratis reservdelar. &#8211; \u00d6verdraget av non-woven-tyg \u00e4r inte tv\u00e4ttbart med vatten.Produktdetaljer: &#8211; F\u00e4rg: beige &#8211; M\u00e5tt: 88 x 170 x 45 cm (B x H x D) &#8211; Material: non-woven-tyg + j\u00e4rnr\u00f6r &#8211; F\u00f6rpackningsm\u00e5tt: 58 x 28 x 9 cm &#8211; Vikt: 2,6 kg Leveransomfattning: &#8211; 1 x tyggarderob<\/p>\n","protected":false},"excerpt":{"rendered":"<p>SONGMICS XL kl\u00e4dsk\u00e5p tygsk\u00e5p hopf\u00e4llbart sk\u00e5p med 2 kl\u00e4dst\u00e4nger (belastningskapacitet upp till 25 kg) 7 monteringsalternativ, perfekt f\u00f6r vardagsrum, sovrum, garage, k\u00e4llare 88 x 45 x 170 cm svart RYG84H<\/p>\n","protected":false},"featured_media":46258,"comment_status":"open","ping_status":"closed","template":"","meta":[],"product_brand":[],"product_cat":[33],"product_tag":[],"class_list":{"0":"post-19326","1":"product","2":"type-product","3":"status-publish","4":"has-post-thumbnail","6":"product_cat-okategoriserad","8":"first","9":"instock","10":"shipping-taxable","11":"purchasable","12":"product-type-simple"},"_links":{"self":[{"href":"https:\/\/nordicmart.andreevmaster.com\/sv\/wp-json\/wp\/v2\/product\/19326","targetHints":{"allow":["GET"]}}],"collection":[{"href":"https:\/\/nordicmart.andreevmaster.com\/sv\/wp-json\/wp\/v2\/product"}],"about":[{"href":"https:\/\/nordicmart.andreevmaster.com\/sv\/wp-json\/wp\/v2\/types\/product"}],"replies":[{"embeddable":true,"href":"https:\/\/nordicmart.andreevmaster.com\/sv\/wp-json\/wp\/v2\/comments?post=19326"}],"wp:featuredmedia":[{"embeddable":true,"href":"https:\/\/nordicmart.andreevmaster.com\/sv\/wp-json\/wp\/v2\/media\/46258"}],"wp:attachment":[{"href":"https:\/\/nordicmart.andreevmaster.com\/sv\/wp-json\/wp\/v2\/media?parent=19326"}],"wp:term":[{"taxonomy":"product_brand","embeddable":true,"href":"https:\/\/nordicmart.andreevmaster.com\/sv\/wp-json\/wp\/v2\/product_brand?post=19326"},{"taxonomy":"product_cat","embeddable":true,"href":"https:\/\/nordicmart.andreevmaster.com\/sv\/wp-json\/wp\/v2\/product_cat?post=19326"},{"taxonomy":"product_tag","embeddable":true,"href":"https:\/\/nordicmart.andreevmaster.com\/sv\/wp-json\/wp\/v2\/product_tag?post=19326"}],"curies":[{"name":"wp","href":"https:\/\/api.w.org\/{rel}","templated":true}]}}