{"id":19323,"date":"2026-02-27T00:44:08","date_gmt":"2026-02-27T00:44:08","guid":{"rendered":"https:\/\/nordicmart.andreevmaster.com\/product\/songmics-tygskap-med-dragkedja-beige\/"},"modified":"2026-02-27T08:31:44","modified_gmt":"2026-02-27T08:31:44","slug":"songmics-tygskap-med-dragkedja-beige","status":"publish","type":"product","link":"https:\/\/nordicmart.andreevmaster.com\/sv\/produkt\/songmics-tygskap-med-dragkedja-beige\/","title":{"rendered":"SONGMICS tygsk\u00e5p med dragkedja Beige"},"content":{"rendered":"<p>Den eleganta viksk\u00e5pet fr\u00e5n Songmics \u00e4r den perfekta l\u00f6sningen f\u00f6r snabb och perfekt ordning! Den best\u00e5r av ett stabilt st\u00e5lr\u00f6rsstativ och robust fleece-tyg. Den erbjuder dammfri och ren f\u00f6rvaring av kl\u00e4der. Mycket platsbesparande, passar d\u00e4rf\u00f6r i varje h\u00f6rn! Denna extra stora viksk\u00e5p i textil med andningsbart tyg erbjuder mycket plats f\u00f6r dina kl\u00e4der, skor etc.Sk\u00e5pet \u00e4r inte bara praktiskt f\u00f6r f\u00f6rvaring av dina kl\u00e4der, utan fungerar ocks\u00e5 som dekoration och skapar mode och trender. Det skapar en ordnad och st\u00e4dad atmosf\u00e4r i din l\u00e4genhet! Anvisningar: &#8211; Produkten ska skyddas fr\u00e5n direkt solljus, annars kan livsl\u00e4ngden f\u00f6rkortas. F\u00f6rvara den p\u00e5 en sval och torr plats f\u00f6r att f\u00f6rhindra m\u00f6gel. &#8211; N\u00e4r du kopplar ihop j\u00e4rnr\u00f6ren och plastkopplingarna, undvik att trycka in j\u00e4rnr\u00f6ret med v\u00e5ld direkt in i kopplingen, utan vrid ist\u00e4llet in j\u00e4rnr\u00f6ret l\u00e5ngsamt i kopplingen. &#8211; Se till att r\u00f6ren \u00e4r insatta i kopplingen \u00e4nda till slutet. Om ing\u00e5ngen till plastkopplingarna \u00e4r f\u00f6r tr\u00e5ng, f\u00f6rs\u00f6k att doppa plastkopplingarna i varmt vatten. &#8211; Om du st\u00f6ter p\u00e5 problem under monteringen, kontakta v\u00e5r kundtj\u00e4nst s\u00e5 hj\u00e4lper vi dig g\u00e4rna att l\u00f6sa problemen eller erbjuder dig gratis reservdelar. Produktdetaljer: &#8211; F\u00e4rg: beige &#8211; M\u00e5tt: 75 x 160 x 45 cm (B x H x D) &#8211; Material: non-woven-tyg, st\u00e5lr\u00f6r (\u00d8 16 mm) &#8211; F\u00f6rpackningsm\u00e5tt: 80 x 25 x 7 cm &#8211; Vikt: 2,8 kg Leveransomfattning: &#8211; 1 x vikbar garderob<\/p>\n","protected":false},"excerpt":{"rendered":"<p>SONGMICS Garderob Tygsk\u00e5p F\u00e4llbart sk\u00e5p Kl\u00e4dsk\u00e5p Camping sk\u00e5p 160 x 75 x 45 cm svart RYG83H<\/p>\n","protected":false},"featured_media":46255,"comment_status":"open","ping_status":"closed","template":"","meta":[],"product_brand":[],"product_cat":[33],"product_tag":[],"class_list":{"0":"post-19323","1":"product","2":"type-product","3":"status-publish","4":"has-post-thumbnail","6":"product_cat-okategoriserad","8":"first","9":"instock","10":"shipping-taxable","11":"purchasable","12":"product-type-simple"},"_links":{"self":[{"href":"https:\/\/nordicmart.andreevmaster.com\/sv\/wp-json\/wp\/v2\/product\/19323","targetHints":{"allow":["GET"]}}],"collection":[{"href":"https:\/\/nordicmart.andreevmaster.com\/sv\/wp-json\/wp\/v2\/product"}],"about":[{"href":"https:\/\/nordicmart.andreevmaster.com\/sv\/wp-json\/wp\/v2\/types\/product"}],"replies":[{"embeddable":true,"href":"https:\/\/nordicmart.andreevmaster.com\/sv\/wp-json\/wp\/v2\/comments?post=19323"}],"wp:featuredmedia":[{"embeddable":true,"href":"https:\/\/nordicmart.andreevmaster.com\/sv\/wp-json\/wp\/v2\/media\/46255"}],"wp:attachment":[{"href":"https:\/\/nordicmart.andreevmaster.com\/sv\/wp-json\/wp\/v2\/media?parent=19323"}],"wp:term":[{"taxonomy":"product_brand","embeddable":true,"href":"https:\/\/nordicmart.andreevmaster.com\/sv\/wp-json\/wp\/v2\/product_brand?post=19323"},{"taxonomy":"product_cat","embeddable":true,"href":"https:\/\/nordicmart.andreevmaster.com\/sv\/wp-json\/wp\/v2\/product_cat?post=19323"},{"taxonomy":"product_tag","embeddable":true,"href":"https:\/\/nordicmart.andreevmaster.com\/sv\/wp-json\/wp\/v2\/product_tag?post=19323"}],"curies":[{"name":"wp","href":"https:\/\/api.w.org\/{rel}","templated":true}]}}