{"id":19321,"date":"2026-02-27T00:44:08","date_gmt":"2026-02-27T00:44:08","guid":{"rendered":"https:\/\/nordicmart.andreevmaster.com\/product\/songmics-fallbar-garderob-med-kladstang\/"},"modified":"2026-02-27T08:31:43","modified_gmt":"2026-02-27T08:31:43","slug":"songmics-fallbar-garderob-med-kladstang","status":"publish","type":"product","link":"https:\/\/nordicmart.andreevmaster.com\/sv\/produkt\/songmics-fallbar-garderob-med-kladstang\/","title":{"rendered":"SONGMICS f\u00e4llbar garderob med kl\u00e4dst\u00e5ng"},"content":{"rendered":"<p>Produktdetaljer:- F\u00e4rg: gr\u00e5 &#8211; Material: 95 g\/m\u00b2 non-woven-tyg, 16 mm metallr\u00f6r, plastkopplingar &#8211; Storlek: 75 x 45 x 160 cm (L x B x H) &#8211; Vikt: 2,8 kg &#8211; Max. statisk belastningskapacitet f\u00f6r hyllan: 5 kg Max. statisk belastningskapacitet f\u00f6r kl\u00e4dst\u00e5ngen: 15 kg Leveransomfattning:- 1 x tygsk\u00e5p &#8211; 1 x bruksanvisning (DE, EN, FR, ES, IT) SONGMICS Anm\u00e4rkningar: &#8211; Uts\u00e4tt inte denna produkt f\u00f6r starkt solljus f\u00f6r att s\u00e4kerst\u00e4lla en l\u00e4ngre livsl\u00e4ngd. Placera den p\u00e5 en torr, sval plats f\u00f6r att undvika m\u00f6gelbildning.<\/p>\n","protected":false},"excerpt":{"rendered":"<p>SONGMICS Garderob Tygsk\u00e5p F\u00e4llbart sk\u00e5p Kl\u00e4dsk\u00e5p Camping sk\u00e5p 160 x 75 x 45 cm svart RYG83H<\/p>\n","protected":false},"featured_media":46253,"comment_status":"open","ping_status":"closed","template":"","meta":[],"product_brand":[],"product_cat":[33],"product_tag":[],"class_list":{"0":"post-19321","1":"product","2":"type-product","3":"status-publish","4":"has-post-thumbnail","6":"product_cat-okategoriserad","8":"first","9":"instock","10":"shipping-taxable","11":"purchasable","12":"product-type-simple"},"_links":{"self":[{"href":"https:\/\/nordicmart.andreevmaster.com\/sv\/wp-json\/wp\/v2\/product\/19321","targetHints":{"allow":["GET"]}}],"collection":[{"href":"https:\/\/nordicmart.andreevmaster.com\/sv\/wp-json\/wp\/v2\/product"}],"about":[{"href":"https:\/\/nordicmart.andreevmaster.com\/sv\/wp-json\/wp\/v2\/types\/product"}],"replies":[{"embeddable":true,"href":"https:\/\/nordicmart.andreevmaster.com\/sv\/wp-json\/wp\/v2\/comments?post=19321"}],"wp:featuredmedia":[{"embeddable":true,"href":"https:\/\/nordicmart.andreevmaster.com\/sv\/wp-json\/wp\/v2\/media\/46253"}],"wp:attachment":[{"href":"https:\/\/nordicmart.andreevmaster.com\/sv\/wp-json\/wp\/v2\/media?parent=19321"}],"wp:term":[{"taxonomy":"product_brand","embeddable":true,"href":"https:\/\/nordicmart.andreevmaster.com\/sv\/wp-json\/wp\/v2\/product_brand?post=19321"},{"taxonomy":"product_cat","embeddable":true,"href":"https:\/\/nordicmart.andreevmaster.com\/sv\/wp-json\/wp\/v2\/product_cat?post=19321"},{"taxonomy":"product_tag","embeddable":true,"href":"https:\/\/nordicmart.andreevmaster.com\/sv\/wp-json\/wp\/v2\/product_tag?post=19321"}],"curies":[{"name":"wp","href":"https:\/\/api.w.org\/{rel}","templated":true}]}}