{"id":19320,"date":"2026-02-27T00:44:07","date_gmt":"2026-02-27T00:44:07","guid":{"rendered":"https:\/\/nordicmart.andreevmaster.com\/product\/songmics-tygskap-168-x-180-cm-svart\/"},"modified":"2026-02-27T08:31:43","modified_gmt":"2026-02-27T08:31:43","slug":"songmics-tygskap-168-x-180-cm-svart","status":"publish","type":"product","link":"https:\/\/nordicmart.andreevmaster.com\/sv\/produkt\/songmics-tygskap-168-x-180-cm-svart\/","title":{"rendered":"SONGMICS tygsk\u00e5p 168 x 180 cm svart"},"content":{"rendered":"<p>\u00c4r du alltid irriterad \u00f6ver kl\u00e4der som ligger och flyger omkring \u00f6verallt?  Och har du aldrig tillr\u00e4ckligt med plats f\u00f6r dina saker n\u00e4r du byter garderob efter s\u00e4song? Songmics kl\u00e4dsk\u00e5p \u00e4r den perfekta l\u00f6sningen f\u00f6r dig, s\u00e5 att du kan f\u00e5 ordning i ditt hem igen.  Sk\u00e5pet erbjuder mycket utrymme, det \u00e4r ett riktigt &#8221;utrymmesunderverk&#8221;, det rymmer mycket och f\u00f6rvarar mycket. I det kan du f\u00f6rvara allt m\u00f6jligt, till exempel s\u00e4ngkl\u00e4der, vinter-\/sommarkl\u00e4der, skor och liknande. Kl\u00e4dst\u00e5ngen och hyllorna m\u00f6jligg\u00f6r ocks\u00e5 en praktisk uppdelning, vilket g\u00f6r garderoben superfunktionell. Materialet som anv\u00e4nds \u00e4r av god kvalitet, robust, milj\u00f6v\u00e4nligt och inte h\u00e4lsofarligt. Hos Songmics k\u00f6per du artiklar av h\u00f6g kvalitet med bra pris\/prestanda-f\u00f6rh\u00e5llande. Anvisningar: &#8211; Om r\u00f6ren \u00e4r sv\u00e5ra att s\u00e4tta i plastkopplingarna, f\u00f6rs\u00f6k att doppa plastkopplingarna i varmt vatten. &#8211; Produkten ska skyddas fr\u00e5n direkt solljus, annars kan livsl\u00e4ngden f\u00f6rkortas. F\u00f6rvara den p\u00e5 en sval och torr plats f\u00f6r att f\u00f6rhindra m\u00f6gel. &#8211; Undvik att packa upp och montera produkten med v\u00e5ld. Om du st\u00f6ter p\u00e5 problem vid monteringen, kontakta v\u00e5r kundtj\u00e4nst s\u00e5 hj\u00e4lper vi dig g\u00e4rna att l\u00f6sa problemen eller erbjuder dig gratis reservdelar. Produktdetaljer: &#8211; F\u00e4rg: svart &#8211; M\u00e5tt: ca 168 x 180 x 45 cm (B x H x D) &#8211; Material:Fleece-tyg, st\u00e5lr\u00f6r  &#8211; Tyglagring: Fleece-tyg 95 g\/m\u00b2 laminerat med PE-folie &#8211; R\u00f6r: J\u00e4rn (\u00d8 16 mm) &#8211; F\u00f6rpackningsm\u00e5tt: 58 x 34 x 11,5 cm &#8211; Vikt: 4,32 kg Leveransomfattning: &#8211; 1 x tyggarderob<\/p>\n","protected":false},"excerpt":{"rendered":"<p>SONGMICS XXXL Deluxe h\u00f6jd 180 cm garderob h\u00f6ga f\u00f6tter hopf\u00e4llbar garderob tyggarderob med 2 kl\u00e4dst\u00e4nger 4 fickor 180 x 45 x 168 cm svart RYG44H<\/p>\n","protected":false},"featured_media":46252,"comment_status":"open","ping_status":"closed","template":"","meta":[],"product_brand":[],"product_cat":[33],"product_tag":[],"class_list":{"0":"post-19320","1":"product","2":"type-product","3":"status-publish","4":"has-post-thumbnail","6":"product_cat-okategoriserad","8":"first","9":"instock","10":"shipping-taxable","11":"purchasable","12":"product-type-simple"},"_links":{"self":[{"href":"https:\/\/nordicmart.andreevmaster.com\/sv\/wp-json\/wp\/v2\/product\/19320","targetHints":{"allow":["GET"]}}],"collection":[{"href":"https:\/\/nordicmart.andreevmaster.com\/sv\/wp-json\/wp\/v2\/product"}],"about":[{"href":"https:\/\/nordicmart.andreevmaster.com\/sv\/wp-json\/wp\/v2\/types\/product"}],"replies":[{"embeddable":true,"href":"https:\/\/nordicmart.andreevmaster.com\/sv\/wp-json\/wp\/v2\/comments?post=19320"}],"wp:featuredmedia":[{"embeddable":true,"href":"https:\/\/nordicmart.andreevmaster.com\/sv\/wp-json\/wp\/v2\/media\/46252"}],"wp:attachment":[{"href":"https:\/\/nordicmart.andreevmaster.com\/sv\/wp-json\/wp\/v2\/media?parent=19320"}],"wp:term":[{"taxonomy":"product_brand","embeddable":true,"href":"https:\/\/nordicmart.andreevmaster.com\/sv\/wp-json\/wp\/v2\/product_brand?post=19320"},{"taxonomy":"product_cat","embeddable":true,"href":"https:\/\/nordicmart.andreevmaster.com\/sv\/wp-json\/wp\/v2\/product_cat?post=19320"},{"taxonomy":"product_tag","embeddable":true,"href":"https:\/\/nordicmart.andreevmaster.com\/sv\/wp-json\/wp\/v2\/product_tag?post=19320"}],"curies":[{"name":"wp","href":"https:\/\/api.w.org\/{rel}","templated":true}]}}