{"id":19318,"date":"2026-02-27T00:44:07","date_gmt":"2026-02-27T00:44:07","guid":{"rendered":"https:\/\/nordicmart.andreevmaster.com\/product\/songmics-stor-tyggarderob-175-x-150-cm-beige\/"},"modified":"2026-02-27T08:31:43","modified_gmt":"2026-02-27T08:31:43","slug":"songmics-stor-tyggarderob-175-x-150-cm-beige","status":"publish","type":"product","link":"https:\/\/nordicmart.andreevmaster.com\/sv\/produkt\/songmics-stor-tyggarderob-175-x-150-cm-beige\/","title":{"rendered":"SONGMICS Stor tyggarderob 175 x 150 cm Beige"},"content":{"rendered":"<p>St\u00e4ll denna tyggarderob i din l\u00e4genhet och f\u00e5 ordning p\u00e5 dina fyra v\u00e4ggar. SONGMICS kommer aldrig att svika dig! Skjortor och kl\u00e4nningar utan veck Tack vare denna hopf\u00e4llbara tyggarderob beh\u00f6ver du inte l\u00e4ngre leta efter en passande outfit i en kaotisk kl\u00e4dh\u00f6g, vilket sparar dig mycket tid och m\u00f6da p\u00e5 morgonen. Detta sk\u00e5p \u00e4r utrustat med 2 kl\u00e4dst\u00e4nger d\u00e4r du kan h\u00e4nga upp kl\u00e4derna f\u00f6r n\u00e4sta arbetsdag p\u00e5 ett snyggt och l\u00e4ttillg\u00e4ngligt s\u00e4tt. Vad ska du g\u00f6ra om tygf\u00f6rvaringen eller \u00f6verdraget blir smutsigt? Ingen fara! Fleece-tyget \u00e4r l\u00e4ttsk\u00f6tt och vattenavvisande, en fuktig trasa r\u00e4cker f\u00f6r att reng\u00f6ra det. Produktdetaljer: &#8211; F\u00e4rg: Beige &#8211; Material: 95 g\/m\u00b2 non-woven-tyg, 16 mm metallr\u00f6r, plastkopplingar &#8211; Storlek: 150 x 45 x 175 cm (L x B x H) &#8211; Vikt: 5,8 kg &#8211; Max. belastningskapacitet per hylla: 5 kg &#8211; Max. belastningskapacitet f\u00f6r kl\u00e4dst\u00e5ngen: 15 kg Leveransomfattning:- 1 x tygsk\u00e5p &#8211; 1 x bruksanvisning (EN, DE, FR, ES, IT) SONGMICS Anm\u00e4rkningar: &#8211; Uts\u00e4tt inte denna produkt f\u00f6r starkt solljus f\u00f6r att s\u00e4kerst\u00e4lla en l\u00e4ngre livsl\u00e4ngd. Placera den p\u00e5 en torr, sval plats f\u00f6r att undvika m\u00f6gelbildning. &#8211; Den max. belastningskapaciteten i texten avser den statiska maxvikten.<\/p>\n","protected":false},"excerpt":{"rendered":"<p>SONGMICS kl\u00e4dsk\u00e5p, tygsk\u00e5p, hopf\u00e4llbar garderob med kl\u00e4dst\u00e4nger, kl\u00e4dst\u00e4ll, f\u00f6rvaring, v\u00e4skor, leksaker, skor, sovrum, kl\u00e4dkammare, 150 x 45 x 175 cm, beige RYG12M<\/p>\n","protected":false},"featured_media":46250,"comment_status":"open","ping_status":"closed","template":"","meta":[],"product_brand":[],"product_cat":[33],"product_tag":[],"class_list":{"0":"post-19318","1":"product","2":"type-product","3":"status-publish","4":"has-post-thumbnail","6":"product_cat-okategoriserad","8":"first","9":"instock","10":"shipping-taxable","11":"purchasable","12":"product-type-simple"},"_links":{"self":[{"href":"https:\/\/nordicmart.andreevmaster.com\/sv\/wp-json\/wp\/v2\/product\/19318","targetHints":{"allow":["GET"]}}],"collection":[{"href":"https:\/\/nordicmart.andreevmaster.com\/sv\/wp-json\/wp\/v2\/product"}],"about":[{"href":"https:\/\/nordicmart.andreevmaster.com\/sv\/wp-json\/wp\/v2\/types\/product"}],"replies":[{"embeddable":true,"href":"https:\/\/nordicmart.andreevmaster.com\/sv\/wp-json\/wp\/v2\/comments?post=19318"}],"wp:featuredmedia":[{"embeddable":true,"href":"https:\/\/nordicmart.andreevmaster.com\/sv\/wp-json\/wp\/v2\/media\/46250"}],"wp:attachment":[{"href":"https:\/\/nordicmart.andreevmaster.com\/sv\/wp-json\/wp\/v2\/media?parent=19318"}],"wp:term":[{"taxonomy":"product_brand","embeddable":true,"href":"https:\/\/nordicmart.andreevmaster.com\/sv\/wp-json\/wp\/v2\/product_brand?post=19318"},{"taxonomy":"product_cat","embeddable":true,"href":"https:\/\/nordicmart.andreevmaster.com\/sv\/wp-json\/wp\/v2\/product_cat?post=19318"},{"taxonomy":"product_tag","embeddable":true,"href":"https:\/\/nordicmart.andreevmaster.com\/sv\/wp-json\/wp\/v2\/product_tag?post=19318"}],"curies":[{"name":"wp","href":"https:\/\/api.w.org\/{rel}","templated":true}]}}