{"id":19316,"date":"2026-02-27T00:44:06","date_gmt":"2026-02-27T00:44:06","guid":{"rendered":"https:\/\/nordicmart.andreevmaster.com\/product\/songmics-tygskap-175-x-150-cm-svart\/"},"modified":"2026-02-27T08:31:42","modified_gmt":"2026-02-27T08:31:42","slug":"songmics-tygskap-175-x-150-cm-svart","status":"publish","type":"product","link":"https:\/\/nordicmart.andreevmaster.com\/sv\/produkt\/songmics-tygskap-175-x-150-cm-svart\/","title":{"rendered":"SONGMICS tygsk\u00e5p 175 x 150 cm svart"},"content":{"rendered":"<p>Den best\u00e5r av ett stabilt st\u00e5lr\u00f6rsstativ och robust fleece-tyg. Den erbjuder dammfri och ren f\u00f6rvaring av kl\u00e4der. Mycket platsbesparande, passar d\u00e4rf\u00f6r i varje h\u00f6rn! Denna extra stora vikbara textilsk\u00e5p med andningsbart tyg erbjuder mycket plats f\u00f6r dina kl\u00e4der, skor etc. Sk\u00e5pet \u00e4r inte bara praktiskt f\u00f6r f\u00f6rvaring av dina kl\u00e4der, utan fungerar ocks\u00e5 som dekoration och skapar mode och trender. Det skapar en ordnad och st\u00e4dad atmosf\u00e4r i din l\u00e4genhet! Anvisningar: &#8211; Produkten ska skyddas fr\u00e5n direkt solljus, annars kan livsl\u00e4ngden f\u00f6rkortas. F\u00f6rvara den p\u00e5 en sval och torr plats f\u00f6r att f\u00f6rhindra m\u00f6gel. &#8211; N\u00e4r du kopplar ihop j\u00e4rnr\u00f6ren och plastkopplingarna, undvik att trycka in j\u00e4rnr\u00f6ret med v\u00e5ld direkt in i kopplingen, utan vrid ist\u00e4llet in j\u00e4rnr\u00f6ret l\u00e5ngsamt i kopplingen. &#8211; Se till att r\u00f6ren \u00e4r insatta i kopplingen \u00e4nda till slutet. Om ing\u00e5ngen till plastkopplingarna \u00e4r f\u00f6r tr\u00e5ng, f\u00f6rs\u00f6k att doppa plastkopplingarna i varmt vatten. &#8211; Om du st\u00f6ter p\u00e5 problem under monteringen, kontakta v\u00e5r kundtj\u00e4nst, vi hj\u00e4lper dig g\u00e4rna att l\u00f6sa problemen eller erbjuder dig gratis reservdelar. Produktdetaljer: &#8211; F\u00e4rg: svart &#8211; M\u00e5tt: 150 x 175 x 45 cm (B x H x D) &#8211; Material: non-woven-tyg, st\u00e5lr\u00f6r (\u00d8 16 mm) &#8211; F\u00f6rpackningsm\u00e5tt: 95 x 37 x 8 cm &#8211; Vikt: 5,1 kg Leveransomfattning: &#8211; 1 x f\u00e4llbar garderob<\/p>\n","protected":false},"excerpt":{"rendered":"<p>SONGMICS kl\u00e4dsk\u00e5p, tygsk\u00e5p, hopf\u00e4llbar garderob med kl\u00e4dst\u00e4nger, kl\u00e4dst\u00e4ll, f\u00f6rvaring, v\u00e4skor, leksaker, skor, sovrum, kl\u00e4dkammare, 150 x 45 x 175 cm, beige RYG12M<\/p>\n","protected":false},"featured_media":46248,"comment_status":"open","ping_status":"closed","template":"","meta":[],"product_brand":[],"product_cat":[33],"product_tag":[],"class_list":{"0":"post-19316","1":"product","2":"type-product","3":"status-publish","4":"has-post-thumbnail","6":"product_cat-okategoriserad","8":"first","9":"instock","10":"shipping-taxable","11":"purchasable","12":"product-type-simple"},"_links":{"self":[{"href":"https:\/\/nordicmart.andreevmaster.com\/sv\/wp-json\/wp\/v2\/product\/19316","targetHints":{"allow":["GET"]}}],"collection":[{"href":"https:\/\/nordicmart.andreevmaster.com\/sv\/wp-json\/wp\/v2\/product"}],"about":[{"href":"https:\/\/nordicmart.andreevmaster.com\/sv\/wp-json\/wp\/v2\/types\/product"}],"replies":[{"embeddable":true,"href":"https:\/\/nordicmart.andreevmaster.com\/sv\/wp-json\/wp\/v2\/comments?post=19316"}],"wp:featuredmedia":[{"embeddable":true,"href":"https:\/\/nordicmart.andreevmaster.com\/sv\/wp-json\/wp\/v2\/media\/46248"}],"wp:attachment":[{"href":"https:\/\/nordicmart.andreevmaster.com\/sv\/wp-json\/wp\/v2\/media?parent=19316"}],"wp:term":[{"taxonomy":"product_brand","embeddable":true,"href":"https:\/\/nordicmart.andreevmaster.com\/sv\/wp-json\/wp\/v2\/product_brand?post=19316"},{"taxonomy":"product_cat","embeddable":true,"href":"https:\/\/nordicmart.andreevmaster.com\/sv\/wp-json\/wp\/v2\/product_cat?post=19316"},{"taxonomy":"product_tag","embeddable":true,"href":"https:\/\/nordicmart.andreevmaster.com\/sv\/wp-json\/wp\/v2\/product_tag?post=19316"}],"curies":[{"name":"wp","href":"https:\/\/api.w.org\/{rel}","templated":true}]}}