{"id":19312,"date":"2026-02-27T00:44:05","date_gmt":"2026-02-27T00:44:05","guid":{"rendered":"https:\/\/nordicmart.andreevmaster.com\/product\/songmics-tygskap-med-4-sidfickor\/"},"modified":"2026-02-27T08:31:42","modified_gmt":"2026-02-27T08:31:42","slug":"songmics-tygskap-med-4-sidfickor","status":"publish","type":"product","link":"https:\/\/nordicmart.andreevmaster.com\/sv\/produkt\/songmics-tygskap-med-4-sidfickor\/","title":{"rendered":"SONGMICS tygsk\u00e5p med 4 sidfickor"},"content":{"rendered":"<p>Produktdetaljer: &#8211; F\u00e4rg: Svart &#8211; Material: St\u00e5l, non-woven-tyg, plast &#8211; Storlek: 45 x 170 x 167 cm (D x B x H) &#8211; Vikt: 5 kg &#8211; Max. statisk belastningskapacitet per kl\u00e4dst\u00e5ng: 15 kg &#8211; Max. statisk belastningskapacitet per hylla: 5 kg Leveransomf\u00e5ng: &#8211; 1 x kl\u00e4dsk\u00e5p &#8211; 1 x tippskydd &#8211; 1 x bruksanvisning SONGMICS Anvisningar: &#8211; Se till att plastkopplingarna \u00e4r korrekt inriktade vid montering. &#8211; Se till att st\u00e5lr\u00f6ret och plastkopplingarna sitter ordentligt fast vid montering. &#8211; Flytta inte produkten n\u00e4r f\u00f6rem\u00e5l \u00e4r f\u00f6rvarade i den.<\/p>\n","protected":false},"excerpt":{"rendered":"<p>SONGMICS tygsk\u00e5p, kl\u00e4dsk\u00e5p, 45 x 170 x 167 cm, 4 h\u00e4ngande fack, med hyllor, 4 sidfickor, mycket utrymme, f\u00f6r sovrum, vardagsrum, svart RYG094B02<\/p>\n","protected":false},"featured_media":46244,"comment_status":"open","ping_status":"closed","template":"","meta":[],"product_brand":[],"product_cat":[33],"product_tag":[],"class_list":{"0":"post-19312","1":"product","2":"type-product","3":"status-publish","4":"has-post-thumbnail","6":"product_cat-okategoriserad","8":"first","9":"instock","10":"shipping-taxable","11":"purchasable","12":"product-type-simple"},"_links":{"self":[{"href":"https:\/\/nordicmart.andreevmaster.com\/sv\/wp-json\/wp\/v2\/product\/19312","targetHints":{"allow":["GET"]}}],"collection":[{"href":"https:\/\/nordicmart.andreevmaster.com\/sv\/wp-json\/wp\/v2\/product"}],"about":[{"href":"https:\/\/nordicmart.andreevmaster.com\/sv\/wp-json\/wp\/v2\/types\/product"}],"replies":[{"embeddable":true,"href":"https:\/\/nordicmart.andreevmaster.com\/sv\/wp-json\/wp\/v2\/comments?post=19312"}],"wp:featuredmedia":[{"embeddable":true,"href":"https:\/\/nordicmart.andreevmaster.com\/sv\/wp-json\/wp\/v2\/media\/46244"}],"wp:attachment":[{"href":"https:\/\/nordicmart.andreevmaster.com\/sv\/wp-json\/wp\/v2\/media?parent=19312"}],"wp:term":[{"taxonomy":"product_brand","embeddable":true,"href":"https:\/\/nordicmart.andreevmaster.com\/sv\/wp-json\/wp\/v2\/product_brand?post=19312"},{"taxonomy":"product_cat","embeddable":true,"href":"https:\/\/nordicmart.andreevmaster.com\/sv\/wp-json\/wp\/v2\/product_cat?post=19312"},{"taxonomy":"product_tag","embeddable":true,"href":"https:\/\/nordicmart.andreevmaster.com\/sv\/wp-json\/wp\/v2\/product_tag?post=19312"}],"curies":[{"name":"wp","href":"https:\/\/api.w.org\/{rel}","templated":true}]}}