{"id":19310,"date":"2026-02-27T00:44:04","date_gmt":"2026-02-27T00:44:04","guid":{"rendered":"https:\/\/nordicmart.andreevmaster.com\/product\/songmics-tygskap-med-3-kladstanger-och-4-sidfickor\/"},"modified":"2026-02-27T08:31:41","modified_gmt":"2026-02-27T08:31:41","slug":"songmics-tygskap-med-3-kladstanger-och-4-sidfickor","status":"publish","type":"product","link":"https:\/\/nordicmart.andreevmaster.com\/sv\/produkt\/songmics-tygskap-med-3-kladstanger-och-4-sidfickor\/","title":{"rendered":"SONGMICS tygsk\u00e5p med 3 kl\u00e4dst\u00e4nger och 4 sidfickor"},"content":{"rendered":"<p>SONGMICS tygsk\u00e5p, kl\u00e4dsk\u00e5p, 45 x 130 x 167 cm, 3 h\u00e4ngande fack, med 4 sidfickor, mycket utrymme, f\u00f6r sovrum, vardagsrum, gr\u00e5 RYG092G02<br \/>\nF\u00e4rg: Svart<br \/>\nMaterial: St\u00e5l, non-woven, plast<br \/>\nStorlek: 45 x 130 x 167 cm (D x B x H)<br \/>\nVikt: 4,1 kg<br \/>\nMax. statisk belastningskapacitet per kl\u00e4dst\u00e5ng: 15 kg<br \/>\nMax. statisk belastningskapacitet per hylla: 5 kg<\/p>\n","protected":false},"excerpt":{"rendered":"<p>SONGMICS tygsk\u00e5p, kl\u00e4dsk\u00e5p, 45 x 130 x 167 cm, 3 h\u00e4ngande fack, med 4 sidfickor, mycket utrymme, f\u00f6r sovrum, vardagsrum, gr\u00e5 RYG092G02<\/p>\n","protected":false},"featured_media":46242,"comment_status":"open","ping_status":"closed","template":"","meta":[],"product_brand":[],"product_cat":[33],"product_tag":[],"class_list":{"0":"post-19310","1":"product","2":"type-product","3":"status-publish","4":"has-post-thumbnail","6":"product_cat-okategoriserad","8":"first","9":"instock","10":"shipping-taxable","11":"purchasable","12":"product-type-simple"},"_links":{"self":[{"href":"https:\/\/nordicmart.andreevmaster.com\/sv\/wp-json\/wp\/v2\/product\/19310","targetHints":{"allow":["GET"]}}],"collection":[{"href":"https:\/\/nordicmart.andreevmaster.com\/sv\/wp-json\/wp\/v2\/product"}],"about":[{"href":"https:\/\/nordicmart.andreevmaster.com\/sv\/wp-json\/wp\/v2\/types\/product"}],"replies":[{"embeddable":true,"href":"https:\/\/nordicmart.andreevmaster.com\/sv\/wp-json\/wp\/v2\/comments?post=19310"}],"wp:featuredmedia":[{"embeddable":true,"href":"https:\/\/nordicmart.andreevmaster.com\/sv\/wp-json\/wp\/v2\/media\/46242"}],"wp:attachment":[{"href":"https:\/\/nordicmart.andreevmaster.com\/sv\/wp-json\/wp\/v2\/media?parent=19310"}],"wp:term":[{"taxonomy":"product_brand","embeddable":true,"href":"https:\/\/nordicmart.andreevmaster.com\/sv\/wp-json\/wp\/v2\/product_brand?post=19310"},{"taxonomy":"product_cat","embeddable":true,"href":"https:\/\/nordicmart.andreevmaster.com\/sv\/wp-json\/wp\/v2\/product_cat?post=19310"},{"taxonomy":"product_tag","embeddable":true,"href":"https:\/\/nordicmart.andreevmaster.com\/sv\/wp-json\/wp\/v2\/product_tag?post=19310"}],"curies":[{"name":"wp","href":"https:\/\/api.w.org\/{rel}","templated":true}]}}