{"id":19309,"date":"2026-02-27T00:44:04","date_gmt":"2026-02-27T00:44:04","guid":{"rendered":"https:\/\/nordicmart.andreevmaster.com\/product\/songmics-toalettstall-med-hyllor-badrumshylla-i-tra-tvattmaskinstall\/"},"modified":"2026-02-27T08:31:41","modified_gmt":"2026-02-27T08:31:41","slug":"songmics-toalettstall-med-hyllor-badrumshylla-i-tra-tvattmaskinstall","status":"publish","type":"product","link":"https:\/\/nordicmart.andreevmaster.com\/sv\/produkt\/songmics-toalettstall-med-hyllor-badrumshylla-i-tra-tvattmaskinstall\/","title":{"rendered":"SONGMICS toalettst\u00e4ll med hyllor, badrumshylla i tr\u00e4, tv\u00e4ttmaskinst\u00e4ll"},"content":{"rendered":"<p>Inga fler skrynkliga skjortor och kl\u00e4nningar Denna v\u00e4lorganiserade garderob sparar dig fr\u00e5n att beh\u00f6va leta efter r\u00e4tt outfit bland kl\u00e4dh\u00f6garna i morgonrusningen. Anv\u00e4nd kl\u00e4dst\u00e5ngen f\u00f6r att h\u00e4nga upp dina kl\u00e4der f\u00f6r n\u00e4sta arbetsdag s\u00e5 att du k\u00e4nner dig utvilad p\u00e5 morgonen. Produktdetaljer: &#8211; F\u00e4rg: Gr\u00e5 med fiskbensm\u00f6nster &#8211; Material: Non-woven tyg, metallr\u00f6r, plastkopplingar &#8211; Storlek: 45 x 105 x 168 cm (D x B x H) &#8211; Vikt: 3,7 kg &#8211; Max. statisk belastningskapacitet f\u00f6r st\u00e5ngen: 15 kg &#8211; Max. statisk belastningskapacitet per hylla: 5 kg &#8211; Max. total statisk belastningskapacitet: 45 kg Leveransomfattning:- 1 x tygsk\u00e5p &#8211; 1 x tippskydd &#8211; 1 x bruksanvisning SONGMICS Anm\u00e4rkningar: &#8211; Anv\u00e4nd inte produkten utomhus. &#8211; Av s\u00e4kerhetssk\u00e4l f\u00e5r barn inte kl\u00e4ttra p\u00e5 eller leka med produkten. &#8211; F\u00e4st produkten p\u00e5 v\u00e4ggen med det medf\u00f6ljande tippskyddet f\u00f6r att garantera s\u00e4ker anv\u00e4ndning.<\/p>\n","protected":false},"excerpt":{"rendered":"<p>SONGMICS kl\u00e4dsk\u00e5p, tygsk\u00e5p, 6 hyllor, olika monteringsm\u00f6jligheter, 45 x 105 x 168 cm, f\u00f6r sovrum, kl\u00e4dkammare, svart RYG085B02<\/p>\n","protected":false},"featured_media":46241,"comment_status":"open","ping_status":"closed","template":"","meta":[],"product_brand":[],"product_cat":[33],"product_tag":[],"class_list":{"0":"post-19309","1":"product","2":"type-product","3":"status-publish","4":"has-post-thumbnail","6":"product_cat-okategoriserad","8":"first","9":"instock","10":"shipping-taxable","11":"purchasable","12":"product-type-simple"},"_links":{"self":[{"href":"https:\/\/nordicmart.andreevmaster.com\/sv\/wp-json\/wp\/v2\/product\/19309","targetHints":{"allow":["GET"]}}],"collection":[{"href":"https:\/\/nordicmart.andreevmaster.com\/sv\/wp-json\/wp\/v2\/product"}],"about":[{"href":"https:\/\/nordicmart.andreevmaster.com\/sv\/wp-json\/wp\/v2\/types\/product"}],"replies":[{"embeddable":true,"href":"https:\/\/nordicmart.andreevmaster.com\/sv\/wp-json\/wp\/v2\/comments?post=19309"}],"wp:featuredmedia":[{"embeddable":true,"href":"https:\/\/nordicmart.andreevmaster.com\/sv\/wp-json\/wp\/v2\/media\/46241"}],"wp:attachment":[{"href":"https:\/\/nordicmart.andreevmaster.com\/sv\/wp-json\/wp\/v2\/media?parent=19309"}],"wp:term":[{"taxonomy":"product_brand","embeddable":true,"href":"https:\/\/nordicmart.andreevmaster.com\/sv\/wp-json\/wp\/v2\/product_brand?post=19309"},{"taxonomy":"product_cat","embeddable":true,"href":"https:\/\/nordicmart.andreevmaster.com\/sv\/wp-json\/wp\/v2\/product_cat?post=19309"},{"taxonomy":"product_tag","embeddable":true,"href":"https:\/\/nordicmart.andreevmaster.com\/sv\/wp-json\/wp\/v2\/product_tag?post=19309"}],"curies":[{"name":"wp","href":"https:\/\/api.w.org\/{rel}","templated":true}]}}