{"id":19306,"date":"2026-02-27T00:44:03","date_gmt":"2026-02-27T00:44:03","guid":{"rendered":"https:\/\/nordicmart.andreevmaster.com\/product\/garderob-med-1-kladstang\/"},"modified":"2026-02-27T08:31:40","modified_gmt":"2026-02-27T08:31:40","slug":"garderob-med-1-kladstang","status":"publish","type":"product","link":"https:\/\/nordicmart.andreevmaster.com\/sv\/produkt\/garderob-med-1-kladstang\/","title":{"rendered":"Garderob med 1 kl\u00e4dst\u00e5ng"},"content":{"rendered":"<p>[Skjortor p\u00e5 kl\u00e4dst\u00e5ng, byxor, strumpor och underkl\u00e4der p\u00e5 hyllor \u2013 allt har sin plats i denna garderob. Du kommer enkelt \u00e5t de kl\u00e4der du beh\u00f6ver och kan snabbt g\u00f6ra dig i ordning \u2013 en fantastisk dag kan b\u00f6rja!<\/p>\n<p>[Du beh\u00f6ver inte kompromissa med stilen] Skosk\u00e5pet beh\u00f6ver inte se tr\u00e5kigt och trist ut. Det charmiga m\u00f6rkbl\u00e5 tyget ger detta kl\u00e4dsk\u00e5p ett speciellt utseende och ger ditt hem karakt\u00e4r.<\/p>\n<p>[Vill du skydda dina kl\u00e4der?] Det vill vi ocks\u00e5! Dina favoritkl\u00e4der beh\u00f6ver inte lida av damm. Rulla bara ner luckan och st\u00e4ng dragkedjan \u2013 tygskyddet ger optimalt skydd.<\/p>\n<p>[Var ska denna hylla placeras?] V\u00e5rt svar: Var ska denna hylla placeras? &#8221;Var som helst! Var du vill!&#8221; I hallen? I vardagsrummet eller sovrummet? Det \u00e4r helt upp till dig! F\u00f6rsvarare av ordningen i hela hemmet<\/p>\n<p>[Montering utan stress] &#8221;Herregud, hur ska jag f\u00e5 ihop den h\u00e4r stora garderoben?&#8221; &#8221;Herregud, hur ska jag f\u00e5 ihop den h\u00e4r stora garderoben?&#8221; Oroa dig inte, SONGMICS hj\u00e4lper dig! Tack vare tydliga instruktioner och m\u00e4rkta delar beh\u00f6ver du inte oroa dig f\u00f6r monteringen!<\/p>\n<p>Produktdetaljer: F\u00e4rg: V\u00e4ri: M\u00f6rkbl\u00e5 Material: M\u00f6rkbl\u00e5: Material: Fiberduk, metallr\u00f6r, plastkoppling Storlek: 45 x 88 x 168 cm (B x L x H). Vikt: 2,9 kg. Max. Statisk belastningskapacitet f\u00f6r kl\u00e4dst\u00e5ng: 15 kg. Max. Statisk belastningskapacitet per hylla: 5 kg. Max. Statisk totalbelastningskapacitet: 45 kg F\u00f6rpackningens inneh\u00e5ll: 1 x tygsk\u00e5p, 1 x lutningsskydd, 1 x bruksanvisning (engelska spr\u00e5ket garanteras inte).<\/p>\n","protected":false},"excerpt":{"rendered":"<p>[Skjortor p\u00e5 kl\u00e4dst\u00e5ng, byxor, strumpor och underkl\u00e4der p\u00e5 hyllor \u2013 allt har sin plats i denna garderob. Du kommer enkelt \u00e5t de kl\u00e4der du beh\u00f6ver och kan snabbt g\u00f6ra dig i ordning \u2013 en fantastisk dag kan b\u00f6rja! [Du beh\u00f6ver inte kompromissa med stilen] Skosk\u00e5pet beh\u00f6ver inte se tr\u00e5kigt och trist ut. Det charmiga m\u00f6rkbl\u00e5 [&hellip;]<\/p>\n","protected":false},"featured_media":0,"comment_status":"open","ping_status":"closed","template":"","meta":[],"product_brand":[],"product_cat":[33],"product_tag":[],"class_list":{"0":"post-19306","1":"product","2":"type-product","3":"status-publish","5":"product_cat-okategoriserad","7":"first","8":"instock","9":"shipping-taxable","10":"product-type-simple"},"_links":{"self":[{"href":"https:\/\/nordicmart.andreevmaster.com\/sv\/wp-json\/wp\/v2\/product\/19306","targetHints":{"allow":["GET"]}}],"collection":[{"href":"https:\/\/nordicmart.andreevmaster.com\/sv\/wp-json\/wp\/v2\/product"}],"about":[{"href":"https:\/\/nordicmart.andreevmaster.com\/sv\/wp-json\/wp\/v2\/types\/product"}],"replies":[{"embeddable":true,"href":"https:\/\/nordicmart.andreevmaster.com\/sv\/wp-json\/wp\/v2\/comments?post=19306"}],"wp:attachment":[{"href":"https:\/\/nordicmart.andreevmaster.com\/sv\/wp-json\/wp\/v2\/media?parent=19306"}],"wp:term":[{"taxonomy":"product_brand","embeddable":true,"href":"https:\/\/nordicmart.andreevmaster.com\/sv\/wp-json\/wp\/v2\/product_brand?post=19306"},{"taxonomy":"product_cat","embeddable":true,"href":"https:\/\/nordicmart.andreevmaster.com\/sv\/wp-json\/wp\/v2\/product_cat?post=19306"},{"taxonomy":"product_tag","embeddable":true,"href":"https:\/\/nordicmart.andreevmaster.com\/sv\/wp-json\/wp\/v2\/product_tag?post=19306"}],"curies":[{"name":"wp","href":"https:\/\/api.w.org\/{rel}","templated":true}]}}