{"id":19305,"date":"2026-02-27T00:44:03","date_gmt":"2026-02-27T00:44:03","guid":{"rendered":"https:\/\/nordicmart.andreevmaster.com\/product\/songmics-tygskap-metallror-gra\/"},"modified":"2026-02-27T08:31:40","modified_gmt":"2026-02-27T08:31:40","slug":"songmics-tygskap-metallror-gra","status":"publish","type":"product","link":"https:\/\/nordicmart.andreevmaster.com\/sv\/produkt\/songmics-tygskap-metallror-gra\/","title":{"rendered":"SONGMICS tygsk\u00e5p metallr\u00f6r gr\u00e5"},"content":{"rendered":"<p>Skjortor och kl\u00e4der utan veck: Med detta tygsk\u00e5p beh\u00f6ver du inte l\u00e4ngre leta efter en passande outfit i en kaotisk kl\u00e4dh\u00f6g, vilket sparar dig mycket tid och m\u00f6da p\u00e5 morgonen. Sk\u00e5pet \u00e4r utrustat med tv\u00e5 kl\u00e4dst\u00e4nger d\u00e4r du kan h\u00e4nga upp kl\u00e4derna f\u00f6r n\u00e4sta arbetsdag p\u00e5 ett snyggt och l\u00e4ttillg\u00e4ngligt s\u00e4tt. Produktdetaljer: F\u00e4rg: Gr\u00e5 Material: Fleece, metallr\u00f6r, plastkoppling Storlek: 88 x 45 x 168 cm (L x B x H) Vikt: 3,4 kg Max. statisk belastningskapacitet per kl\u00e4dst\u00e5ng: 15 kg Max. statisk belastningskapacitet per hylla: 5 kg Leveransomfattning: 1 x tygsk\u00e5p 1 x tippskydd 1 x bruksanvisning (DE, EN, FR, ES, IT) SONGMICS Anm\u00e4rkningar:Anv\u00e4nd inte produkten utomhus. Av s\u00e4kerhetssk\u00e4l \u00e4r det f\u00f6rbjudet f\u00f6r barn att kl\u00e4ttra p\u00e5 eller leka med produkten. F\u00e4st produkten p\u00e5 v\u00e4ggen med det medf\u00f6ljande tippskyddet f\u00f6r att garantera s\u00e4ker anv\u00e4ndning.<\/p>\n","protected":false},"excerpt":{"rendered":"<p>SONGMICS kl\u00e4dsk\u00e5p, tygsk\u00e5p, 2 kl\u00e4dst\u00e4nger, 6 hyllor, 88 x 45 x 168 cm, f\u00f6r sovrum, hall, kl\u00e4dkammare, med fiskbensm\u00f6nster, gr\u00e5 RYG084G22<\/p>\n","protected":false},"featured_media":46238,"comment_status":"open","ping_status":"closed","template":"","meta":[],"product_brand":[],"product_cat":[33],"product_tag":[],"class_list":{"0":"post-19305","1":"product","2":"type-product","3":"status-publish","4":"has-post-thumbnail","6":"product_cat-okategoriserad","8":"first","9":"instock","10":"shipping-taxable","11":"purchasable","12":"product-type-simple"},"_links":{"self":[{"href":"https:\/\/nordicmart.andreevmaster.com\/sv\/wp-json\/wp\/v2\/product\/19305","targetHints":{"allow":["GET"]}}],"collection":[{"href":"https:\/\/nordicmart.andreevmaster.com\/sv\/wp-json\/wp\/v2\/product"}],"about":[{"href":"https:\/\/nordicmart.andreevmaster.com\/sv\/wp-json\/wp\/v2\/types\/product"}],"replies":[{"embeddable":true,"href":"https:\/\/nordicmart.andreevmaster.com\/sv\/wp-json\/wp\/v2\/comments?post=19305"}],"wp:featuredmedia":[{"embeddable":true,"href":"https:\/\/nordicmart.andreevmaster.com\/sv\/wp-json\/wp\/v2\/media\/46238"}],"wp:attachment":[{"href":"https:\/\/nordicmart.andreevmaster.com\/sv\/wp-json\/wp\/v2\/media?parent=19305"}],"wp:term":[{"taxonomy":"product_brand","embeddable":true,"href":"https:\/\/nordicmart.andreevmaster.com\/sv\/wp-json\/wp\/v2\/product_brand?post=19305"},{"taxonomy":"product_cat","embeddable":true,"href":"https:\/\/nordicmart.andreevmaster.com\/sv\/wp-json\/wp\/v2\/product_cat?post=19305"},{"taxonomy":"product_tag","embeddable":true,"href":"https:\/\/nordicmart.andreevmaster.com\/sv\/wp-json\/wp\/v2\/product_tag?post=19305"}],"curies":[{"name":"wp","href":"https:\/\/api.w.org\/{rel}","templated":true}]}}