{"id":19304,"date":"2026-02-27T00:44:02","date_gmt":"2026-02-27T00:44:02","guid":{"rendered":"https:\/\/nordicmart.andreevmaster.com\/product\/songmics-garderob-6-hyllplan-1-kladstang-non-woven-tyg\/"},"modified":"2026-02-27T08:31:40","modified_gmt":"2026-02-27T08:31:40","slug":"songmics-garderob-6-hyllplan-1-kladstang-non-woven-tyg","status":"publish","type":"product","link":"https:\/\/nordicmart.andreevmaster.com\/sv\/produkt\/songmics-garderob-6-hyllplan-1-kladstang-non-woven-tyg\/","title":{"rendered":"SONGMICS Garderob 6 hyllplan 1 kl\u00e4dst\u00e5ng Non-woven tyg"},"content":{"rendered":"<p>SONGMICS kl\u00e4dsk\u00e5p, tygsk\u00e5p, 2 kl\u00e4dst\u00e4nger, 6 hyllor, 88 x 45 x 168 cm, f\u00f6r sovrum, hall, kl\u00e4dkammare, med fiskbensm\u00f6nster, gr\u00e5 RYG084G22<br \/>\nF\u00e4rg: Svart<br \/>\nMaterial: Non-woven tyg, metallr\u00f6r, plastkopplingar<br \/>\nStorlek: 88 x 45 x 168 cm (L x B x H)<br \/>\nVikt: 3,4 kg<br \/>\nMax. statisk belastningskapacitet per kl\u00e4dst\u00e5ng: 15 kg<br \/>\nMax. statisk belastningskapacitet per hylla: 5 kg<\/p>\n","protected":false},"excerpt":{"rendered":"<p>SONGMICS kl\u00e4dsk\u00e5p, tygsk\u00e5p, 2 kl\u00e4dst\u00e4nger, 6 hyllor, 88 x 45 x 168 cm, f\u00f6r sovrum, hall, kl\u00e4dkammare, med fiskbensm\u00f6nster, gr\u00e5 RYG084G22<\/p>\n","protected":false},"featured_media":46237,"comment_status":"open","ping_status":"closed","template":"","meta":[],"product_brand":[],"product_cat":[33],"product_tag":[],"class_list":{"0":"post-19304","1":"product","2":"type-product","3":"status-publish","4":"has-post-thumbnail","6":"product_cat-okategoriserad","8":"first","9":"instock","10":"shipping-taxable","11":"purchasable","12":"product-type-simple"},"_links":{"self":[{"href":"https:\/\/nordicmart.andreevmaster.com\/sv\/wp-json\/wp\/v2\/product\/19304","targetHints":{"allow":["GET"]}}],"collection":[{"href":"https:\/\/nordicmart.andreevmaster.com\/sv\/wp-json\/wp\/v2\/product"}],"about":[{"href":"https:\/\/nordicmart.andreevmaster.com\/sv\/wp-json\/wp\/v2\/types\/product"}],"replies":[{"embeddable":true,"href":"https:\/\/nordicmart.andreevmaster.com\/sv\/wp-json\/wp\/v2\/comments?post=19304"}],"wp:featuredmedia":[{"embeddable":true,"href":"https:\/\/nordicmart.andreevmaster.com\/sv\/wp-json\/wp\/v2\/media\/46237"}],"wp:attachment":[{"href":"https:\/\/nordicmart.andreevmaster.com\/sv\/wp-json\/wp\/v2\/media?parent=19304"}],"wp:term":[{"taxonomy":"product_brand","embeddable":true,"href":"https:\/\/nordicmart.andreevmaster.com\/sv\/wp-json\/wp\/v2\/product_brand?post=19304"},{"taxonomy":"product_cat","embeddable":true,"href":"https:\/\/nordicmart.andreevmaster.com\/sv\/wp-json\/wp\/v2\/product_cat?post=19304"},{"taxonomy":"product_tag","embeddable":true,"href":"https:\/\/nordicmart.andreevmaster.com\/sv\/wp-json\/wp\/v2\/product_tag?post=19304"}],"curies":[{"name":"wp","href":"https:\/\/api.w.org\/{rel}","templated":true}]}}