{"id":19303,"date":"2026-02-27T00:44:02","date_gmt":"2026-02-27T00:44:02","guid":{"rendered":"https:\/\/nordicmart.andreevmaster.com\/product\/songmics-fristaende-garderob-med-kladstanger-taupe\/"},"modified":"2026-02-27T08:31:40","modified_gmt":"2026-02-27T08:31:40","slug":"songmics-fristaende-garderob-med-kladstanger-taupe","status":"publish","type":"product","link":"https:\/\/nordicmart.andreevmaster.com\/sv\/produkt\/songmics-fristaende-garderob-med-kladstanger-taupe\/","title":{"rendered":"SONGMICS frist\u00e5ende garderob med kl\u00e4dst\u00e4nger taupe"},"content":{"rendered":"<p>SONGMICS kl\u00e4dsk\u00e5p, kl\u00e4dst\u00e4ll, frist\u00e5ende garderob, med kl\u00e4dst\u00e4nger, kl\u00e4dh\u00e4ngare, tyghyllor, metallram, 43 x 182 x 182 cm, svart RYG037B02<br \/>\nF\u00e4rg: Taupe<br \/>\nMaterial: st\u00e5l, non-woven-tyg, plastkopplingar<br \/>\nStorlek: 182 x 43 x 182 cm (L x B x H)<br \/>\nVikt: 6,8 kg<br \/>\nMax. statisk belastningskapacitet per kl\u00e4dst\u00e5ng: 15 kg<br \/>\nMax. statisk belastningskapacitet f\u00f6r varje stor hylla: 10 kg<br \/>\nMax. statisk belastningskapacitet per liten hylla: 5 kg<br \/>\nMax. statisk belastningskapacitet totalt: 130 kg<\/p>\n","protected":false},"excerpt":{"rendered":"<p>SONGMICS kl\u00e4dsk\u00e5p, kl\u00e4dst\u00e4ll, frist\u00e5ende garderob, med kl\u00e4dst\u00e4nger, kl\u00e4dh\u00e4ngare, tyghyllor, metallram, 43 x 182 x 182 cm, svart RYG037B02<\/p>\n","protected":false},"featured_media":46236,"comment_status":"open","ping_status":"closed","template":"","meta":[],"product_brand":[],"product_cat":[33],"product_tag":[],"class_list":{"0":"post-19303","1":"product","2":"type-product","3":"status-publish","4":"has-post-thumbnail","6":"product_cat-okategoriserad","8":"first","9":"instock","10":"shipping-taxable","11":"purchasable","12":"product-type-simple"},"_links":{"self":[{"href":"https:\/\/nordicmart.andreevmaster.com\/sv\/wp-json\/wp\/v2\/product\/19303","targetHints":{"allow":["GET"]}}],"collection":[{"href":"https:\/\/nordicmart.andreevmaster.com\/sv\/wp-json\/wp\/v2\/product"}],"about":[{"href":"https:\/\/nordicmart.andreevmaster.com\/sv\/wp-json\/wp\/v2\/types\/product"}],"replies":[{"embeddable":true,"href":"https:\/\/nordicmart.andreevmaster.com\/sv\/wp-json\/wp\/v2\/comments?post=19303"}],"wp:featuredmedia":[{"embeddable":true,"href":"https:\/\/nordicmart.andreevmaster.com\/sv\/wp-json\/wp\/v2\/media\/46236"}],"wp:attachment":[{"href":"https:\/\/nordicmart.andreevmaster.com\/sv\/wp-json\/wp\/v2\/media?parent=19303"}],"wp:term":[{"taxonomy":"product_brand","embeddable":true,"href":"https:\/\/nordicmart.andreevmaster.com\/sv\/wp-json\/wp\/v2\/product_brand?post=19303"},{"taxonomy":"product_cat","embeddable":true,"href":"https:\/\/nordicmart.andreevmaster.com\/sv\/wp-json\/wp\/v2\/product_cat?post=19303"},{"taxonomy":"product_tag","embeddable":true,"href":"https:\/\/nordicmart.andreevmaster.com\/sv\/wp-json\/wp\/v2\/product_tag?post=19303"}],"curies":[{"name":"wp","href":"https:\/\/api.w.org\/{rel}","templated":true}]}}