{"id":19300,"date":"2026-02-27T00:44:01","date_gmt":"2026-02-27T00:44:01","guid":{"rendered":"https:\/\/nordicmart.andreevmaster.com\/product\/songmics-kladskap-med-5-hangande-fack-205-x-43-x-166-cm-svart\/"},"modified":"2026-02-27T08:31:39","modified_gmt":"2026-02-27T08:31:39","slug":"songmics-kladskap-med-5-hangande-fack-205-x-43-x-166-cm-svart","status":"publish","type":"product","link":"https:\/\/nordicmart.andreevmaster.com\/sv\/produkt\/songmics-kladskap-med-5-hangande-fack-205-x-43-x-166-cm-svart\/","title":{"rendered":"SONGMICS kl\u00e4dsk\u00e5p med 5 h\u00e4ngande fack 205 x 43 x 166 cm svart"},"content":{"rendered":"<p>SONGMICS kl\u00e4dsk\u00e5p, frist\u00e5ende garderob, hopf\u00e4llbar, kl\u00e4dst\u00e4llning med kl\u00e4dst\u00e4nger, garderob, f\u00f6rvaring, kl\u00e4dkammare, sovrum, stabil, 112 x 43 x 165 cm, svart RYG24BK<br \/>\nF\u00e4rg: Svart<br \/>\nMaterial: Non-woven tyg, metallr\u00f6r, plastkopplingar<br \/>\nStorlek: 205 x 43 x 166 cm (L x B x H)<br \/>\nVikt: 7 kg<br \/>\nMax. statisk belastningskapacitet per hylla: 10 kg<br \/>\nMax. statisk belastningskapacitet per kl\u00e4dst\u00e5ng: 15 kg<\/p>\n","protected":false},"excerpt":{"rendered":"<p>SONGMICS kl\u00e4dsk\u00e5p, frist\u00e5ende garderob, hopf\u00e4llbar, kl\u00e4dst\u00e4llning med kl\u00e4dst\u00e4nger, garderob, f\u00f6rvaring, kl\u00e4dkammare, sovrum, stabil, 112 x 43 x 165 cm, svart RYG24BK<\/p>\n","protected":false},"featured_media":46233,"comment_status":"open","ping_status":"closed","template":"","meta":[],"product_brand":[],"product_cat":[33],"product_tag":[],"class_list":{"0":"post-19300","1":"product","2":"type-product","3":"status-publish","4":"has-post-thumbnail","6":"product_cat-okategoriserad","8":"first","9":"instock","10":"shipping-taxable","11":"purchasable","12":"product-type-simple"},"_links":{"self":[{"href":"https:\/\/nordicmart.andreevmaster.com\/sv\/wp-json\/wp\/v2\/product\/19300","targetHints":{"allow":["GET"]}}],"collection":[{"href":"https:\/\/nordicmart.andreevmaster.com\/sv\/wp-json\/wp\/v2\/product"}],"about":[{"href":"https:\/\/nordicmart.andreevmaster.com\/sv\/wp-json\/wp\/v2\/types\/product"}],"replies":[{"embeddable":true,"href":"https:\/\/nordicmart.andreevmaster.com\/sv\/wp-json\/wp\/v2\/comments?post=19300"}],"wp:featuredmedia":[{"embeddable":true,"href":"https:\/\/nordicmart.andreevmaster.com\/sv\/wp-json\/wp\/v2\/media\/46233"}],"wp:attachment":[{"href":"https:\/\/nordicmart.andreevmaster.com\/sv\/wp-json\/wp\/v2\/media?parent=19300"}],"wp:term":[{"taxonomy":"product_brand","embeddable":true,"href":"https:\/\/nordicmart.andreevmaster.com\/sv\/wp-json\/wp\/v2\/product_brand?post=19300"},{"taxonomy":"product_cat","embeddable":true,"href":"https:\/\/nordicmart.andreevmaster.com\/sv\/wp-json\/wp\/v2\/product_cat?post=19300"},{"taxonomy":"product_tag","embeddable":true,"href":"https:\/\/nordicmart.andreevmaster.com\/sv\/wp-json\/wp\/v2\/product_tag?post=19300"}],"curies":[{"name":"wp","href":"https:\/\/api.w.org\/{rel}","templated":true}]}}