{"id":19299,"date":"2026-02-27T00:44:01","date_gmt":"2026-02-27T00:44:01","guid":{"rendered":"https:\/\/nordicmart.andreevmaster.com\/product\/songmics-tygskap-med-kladstanger\/"},"modified":"2026-02-27T08:31:39","modified_gmt":"2026-02-27T08:31:39","slug":"songmics-tygskap-med-kladstanger","status":"publish","type":"product","link":"https:\/\/nordicmart.andreevmaster.com\/sv\/produkt\/songmics-tygskap-med-kladstanger\/","title":{"rendered":"SONGMICS tygsk\u00e5p med kl\u00e4dst\u00e4nger"},"content":{"rendered":"<p>St\u00e4ll detta tygsk\u00e5p i din l\u00e4genhet och f\u00e5 ordning p\u00e5 dina fyra v\u00e4ggar. SONGMICS kommer aldrig att svika dig!<\/p>\n<p>Dessa kl\u00e4dst\u00e4nger \u00e4r lite annorlunda: F\u00f6r att \u00f6ka kl\u00e4dst\u00e4ngernas belastningskapacitet \u00e4r r\u00f6ren och krokarna f\u00f6rst\u00e4rkta med skruvar i b\u00e5da \u00e4ndar, vilket ger god motst\u00e5ndskraft mot deformation, \u00e4ven om din kl\u00e4dkollektion v\u00e4xer stadigt.<\/p>\n<p>Skjortor och kl\u00e4nningar utan veck: Tack vare detta hopf\u00e4llbara tygsk\u00e5p beh\u00f6ver du inte l\u00e4ngre leta efter en passande outfit i en kaotisk kl\u00e4dh\u00f6g, vilket sparar dig mycket tid och m\u00f6da p\u00e5 morgonen. Sk\u00e5pet \u00e4r utrustat med 2 kl\u00e4dst\u00e4nger d\u00e4r du kan h\u00e4nga upp kl\u00e4derna f\u00f6r n\u00e4sta arbetsdag p\u00e5 ett snyggt och l\u00e4ttillg\u00e4ngligt s\u00e4tt. Produktdetaljer:<br \/>\nF\u00e4rg: Gr\u00e5<br \/>\nMaterial: non-woven tyg, metallr\u00f6r, plastkopplingar<br \/>\nStorlek: 140 x 43 x 174 cm (L x B x H)<br \/>\nVikt: 5,4 kg<br \/>\nMax. belastningskapacitet f\u00f6r hyllan: 10 kg<br \/>\nMax. belastningskapacitet f\u00f6r kl\u00e4dst\u00e5ngen: 30 kg<br \/>\nMaximal belastningskapacitet f\u00f6r hela hyllan: 80 kg<\/p>\n<p>Leveransomfattning:<br \/>\n1 x tygsk\u00e5p<br \/>\n1 x bruksanvisning (DE, EN, FR, ES, IT)<\/p>\n<p>SONGMICS Anm\u00e4rkningar:<br \/>\nDen maximala belastningskapaciteten som anges i texten avser den statiska maximala vikten.<\/p>\n","protected":false},"excerpt":{"rendered":"<p>SONGMICS kl\u00e4dsk\u00e5p, garderob med kl\u00e4dst\u00e4nger, f\u00f6rvaring f\u00f6r kl\u00e4der, tygsk\u00e5p, kl\u00e4dst\u00e4llning, hopf\u00e4llbar, omkl\u00e4dningsrum, sovrum, 140 x 43 x 174 cm, gr\u00e5 RYG02GY<\/p>\n","protected":false},"featured_media":46232,"comment_status":"open","ping_status":"closed","template":"","meta":[],"product_brand":[],"product_cat":[33],"product_tag":[],"class_list":{"0":"post-19299","1":"product","2":"type-product","3":"status-publish","4":"has-post-thumbnail","6":"product_cat-okategoriserad","8":"first","9":"instock","10":"shipping-taxable","11":"purchasable","12":"product-type-simple"},"_links":{"self":[{"href":"https:\/\/nordicmart.andreevmaster.com\/sv\/wp-json\/wp\/v2\/product\/19299","targetHints":{"allow":["GET"]}}],"collection":[{"href":"https:\/\/nordicmart.andreevmaster.com\/sv\/wp-json\/wp\/v2\/product"}],"about":[{"href":"https:\/\/nordicmart.andreevmaster.com\/sv\/wp-json\/wp\/v2\/types\/product"}],"replies":[{"embeddable":true,"href":"https:\/\/nordicmart.andreevmaster.com\/sv\/wp-json\/wp\/v2\/comments?post=19299"}],"wp:featuredmedia":[{"embeddable":true,"href":"https:\/\/nordicmart.andreevmaster.com\/sv\/wp-json\/wp\/v2\/media\/46232"}],"wp:attachment":[{"href":"https:\/\/nordicmart.andreevmaster.com\/sv\/wp-json\/wp\/v2\/media?parent=19299"}],"wp:term":[{"taxonomy":"product_brand","embeddable":true,"href":"https:\/\/nordicmart.andreevmaster.com\/sv\/wp-json\/wp\/v2\/product_brand?post=19299"},{"taxonomy":"product_cat","embeddable":true,"href":"https:\/\/nordicmart.andreevmaster.com\/sv\/wp-json\/wp\/v2\/product_cat?post=19299"},{"taxonomy":"product_tag","embeddable":true,"href":"https:\/\/nordicmart.andreevmaster.com\/sv\/wp-json\/wp\/v2\/product_tag?post=19299"}],"curies":[{"name":"wp","href":"https:\/\/api.w.org\/{rel}","templated":true}]}}