{"id":19298,"date":"2026-02-27T00:44:00","date_gmt":"2026-02-27T00:44:00","guid":{"rendered":"https:\/\/nordicmart.andreevmaster.com\/product\/songmics-tygskap-med-2-kladstanger\/"},"modified":"2026-02-27T08:31:38","modified_gmt":"2026-02-27T08:31:38","slug":"songmics-tygskap-med-2-kladstanger","status":"publish","type":"product","link":"https:\/\/nordicmart.andreevmaster.com\/sv\/produkt\/songmics-tygskap-med-2-kladstanger\/","title":{"rendered":"SONGMICS tygsk\u00e5p med 2 kl\u00e4dst\u00e4nger"},"content":{"rendered":"<p>St\u00e4ll denna tygkl\u00e4dsk\u00e5p i din l\u00e4genhet och f\u00e5 ordning p\u00e5 ditt hem. SONGMICS kommer aldrig att svika dig! Dessa kl\u00e4dst\u00e4nger \u00e4r lite annorlunda. F\u00f6r att \u00f6ka kl\u00e4dst\u00e4ngernas belastningskapacitet \u00e4r r\u00f6ren och krokarna i b\u00e5da \u00e4ndarna f\u00f6rst\u00e4rkta med skruvar, vilket ger god motst\u00e5ndskraft mot deformation, \u00e4ven om din kl\u00e4dkollektion v\u00e4xer stadigt. Skjortor och kl\u00e4nningar utan veck Tack vare detta hopf\u00e4llbara tygsk\u00e5p beh\u00f6ver du inte l\u00e4ngre leta efter en passande outfit i en kaotisk kl\u00e4dh\u00f6g, vilket sparar dig mycket tid och m\u00f6da p\u00e5 morgonen. Sk\u00e5pet \u00e4r utrustat med 2 kl\u00e4dst\u00e4nger d\u00e4r du kan h\u00e4nga upp kl\u00e4derna f\u00f6r n\u00e4sta arbetsdag p\u00e5 ett snyggt och l\u00e4ttillg\u00e4ngligt s\u00e4tt. Vad ska du g\u00f6ra om tyghyllan eller \u00f6verdraget blir smutsigt?Ingen fara! Non-woven-tyget \u00e4r l\u00e4ttsk\u00f6tt och vattenavvisande, en fuktig trasa r\u00e4cker f\u00f6r att reng\u00f6ra det. Produktdetaljer: &#8211; F\u00e4rg: svart &#8211; Material: non-woven-tyg, metallr\u00f6r, plastkopplingar &#8211; Storlek: 140 x 43 x 174 cm (L x B x H) &#8211; Vikt: 5,4 kg &#8211; Max. belastbarhet f\u00f6r hyllan: 10 kg &#8211; Max. belastbarhet f\u00f6r kl\u00e4dst\u00e5ngen: 30 kg &#8211; Max. belastbarhet f\u00f6r hela hyllan: 80 kg Leveransomfattning: &#8211; 1 x tygsk\u00e5p &#8211; 1 x bruksanvisning (DE, EN, FR, ES, IT) SONGMICS Anm\u00e4rkningar: &#8211; Den max. belastbarheten i texten avser den statiska maxvikten.<\/p>\n","protected":false},"excerpt":{"rendered":"<p>SONGMICS kl\u00e4dsk\u00e5p, garderob med kl\u00e4dst\u00e4nger, f\u00f6rvaring f\u00f6r kl\u00e4der, tygsk\u00e5p, kl\u00e4dst\u00e4llning, hopf\u00e4llbar, omkl\u00e4dningsrum, sovrum, 140 x 43 x 174 cm, gr\u00e5 RYG02GY<\/p>\n","protected":false},"featured_media":46231,"comment_status":"open","ping_status":"closed","template":"","meta":[],"product_brand":[],"product_cat":[33],"product_tag":[],"class_list":{"0":"post-19298","1":"product","2":"type-product","3":"status-publish","4":"has-post-thumbnail","6":"product_cat-okategoriserad","8":"first","9":"instock","10":"shipping-taxable","11":"purchasable","12":"product-type-simple"},"_links":{"self":[{"href":"https:\/\/nordicmart.andreevmaster.com\/sv\/wp-json\/wp\/v2\/product\/19298","targetHints":{"allow":["GET"]}}],"collection":[{"href":"https:\/\/nordicmart.andreevmaster.com\/sv\/wp-json\/wp\/v2\/product"}],"about":[{"href":"https:\/\/nordicmart.andreevmaster.com\/sv\/wp-json\/wp\/v2\/types\/product"}],"replies":[{"embeddable":true,"href":"https:\/\/nordicmart.andreevmaster.com\/sv\/wp-json\/wp\/v2\/comments?post=19298"}],"wp:featuredmedia":[{"embeddable":true,"href":"https:\/\/nordicmart.andreevmaster.com\/sv\/wp-json\/wp\/v2\/media\/46231"}],"wp:attachment":[{"href":"https:\/\/nordicmart.andreevmaster.com\/sv\/wp-json\/wp\/v2\/media?parent=19298"}],"wp:term":[{"taxonomy":"product_brand","embeddable":true,"href":"https:\/\/nordicmart.andreevmaster.com\/sv\/wp-json\/wp\/v2\/product_brand?post=19298"},{"taxonomy":"product_cat","embeddable":true,"href":"https:\/\/nordicmart.andreevmaster.com\/sv\/wp-json\/wp\/v2\/product_cat?post=19298"},{"taxonomy":"product_tag","embeddable":true,"href":"https:\/\/nordicmart.andreevmaster.com\/sv\/wp-json\/wp\/v2\/product_tag?post=19298"}],"curies":[{"name":"wp","href":"https:\/\/api.w.org\/{rel}","templated":true}]}}