{"id":19297,"date":"2026-02-27T00:44:00","date_gmt":"2026-02-27T00:44:00","guid":{"rendered":"https:\/\/nordicmart.andreevmaster.com\/product\/songmics-oppen-garderob-med-kladstanger-43-x-124-x-182-cm-taupe\/"},"modified":"2026-02-27T08:31:38","modified_gmt":"2026-02-27T08:31:38","slug":"songmics-oppen-garderob-med-kladstanger-43-x-124-x-182-cm-taupe","status":"publish","type":"product","link":"https:\/\/nordicmart.andreevmaster.com\/sv\/produkt\/songmics-oppen-garderob-med-kladstanger-43-x-124-x-182-cm-taupe\/","title":{"rendered":"SONGMICS \u00f6ppen garderob med kl\u00e4dst\u00e4nger 43 x 124 x 182 cm taupe"},"content":{"rendered":"<p>SONGMICS kl\u00e4dsk\u00e5p, frist\u00e5ende garderob, hopf\u00e4llbar, kl\u00e4dst\u00e4llning med kl\u00e4dst\u00e4nger, garderob, f\u00f6rvaring, kl\u00e4dkammare, sovrum, stabil, 112 x 43 x 165 cm, svart RYG24BK<br \/>\nF\u00e4rg: Taupe<br \/>\nProduktm\u00e5tt: 43 x 124 x 182 cm; 5,3 kg<br \/>\nMaterial: non-woven tyg, metallr\u00f6r, plastkopplingar<br \/>\nProduktvikt: 5,3 kg<\/p>\n","protected":false},"excerpt":{"rendered":"<p>SONGMICS kl\u00e4dsk\u00e5p, frist\u00e5ende garderob, hopf\u00e4llbar, kl\u00e4dst\u00e4llning med kl\u00e4dst\u00e4nger, garderob, f\u00f6rvaring, kl\u00e4dkammare, sovrum, stabil, 112 x 43 x 165 cm, svart RYG24BK<\/p>\n","protected":false},"featured_media":46230,"comment_status":"open","ping_status":"closed","template":"","meta":[],"product_brand":[],"product_cat":[33],"product_tag":[],"class_list":{"0":"post-19297","1":"product","2":"type-product","3":"status-publish","4":"has-post-thumbnail","6":"product_cat-okategoriserad","8":"first","9":"instock","10":"shipping-taxable","11":"purchasable","12":"product-type-simple"},"_links":{"self":[{"href":"https:\/\/nordicmart.andreevmaster.com\/sv\/wp-json\/wp\/v2\/product\/19297","targetHints":{"allow":["GET"]}}],"collection":[{"href":"https:\/\/nordicmart.andreevmaster.com\/sv\/wp-json\/wp\/v2\/product"}],"about":[{"href":"https:\/\/nordicmart.andreevmaster.com\/sv\/wp-json\/wp\/v2\/types\/product"}],"replies":[{"embeddable":true,"href":"https:\/\/nordicmart.andreevmaster.com\/sv\/wp-json\/wp\/v2\/comments?post=19297"}],"wp:featuredmedia":[{"embeddable":true,"href":"https:\/\/nordicmart.andreevmaster.com\/sv\/wp-json\/wp\/v2\/media\/46230"}],"wp:attachment":[{"href":"https:\/\/nordicmart.andreevmaster.com\/sv\/wp-json\/wp\/v2\/media?parent=19297"}],"wp:term":[{"taxonomy":"product_brand","embeddable":true,"href":"https:\/\/nordicmart.andreevmaster.com\/sv\/wp-json\/wp\/v2\/product_brand?post=19297"},{"taxonomy":"product_cat","embeddable":true,"href":"https:\/\/nordicmart.andreevmaster.com\/sv\/wp-json\/wp\/v2\/product_cat?post=19297"},{"taxonomy":"product_tag","embeddable":true,"href":"https:\/\/nordicmart.andreevmaster.com\/sv\/wp-json\/wp\/v2\/product_tag?post=19297"}],"curies":[{"name":"wp","href":"https:\/\/api.w.org\/{rel}","templated":true}]}}