{"id":19295,"date":"2026-02-27T00:44:00","date_gmt":"2026-02-27T00:44:00","guid":{"rendered":"https:\/\/nordicmart.andreevmaster.com\/product\/songmics-oppen-garderob\/"},"modified":"2026-02-27T08:31:38","modified_gmt":"2026-02-27T08:31:38","slug":"songmics-oppen-garderob","status":"publish","type":"product","link":"https:\/\/nordicmart.andreevmaster.com\/sv\/produkt\/songmics-oppen-garderob\/","title":{"rendered":"SONGMICS \u00d6ppen garderob"},"content":{"rendered":"<p>Produktdetaljer: &#8211; F\u00e4rg: Svart &#8211; Material: St\u00e5l, plast &#8211; Storlek: 43 x 138 x 182 cm (D x B x H) &#8211; Vikt: 5 kg &#8211; Max. statisk belastningskapacitet per kl\u00e4dst\u00e5ng: 20 kg &#8211; Max. statisk belastningskapacitet per hylla: 10 kg Leveransomfattning: &#8211; 1 x kl\u00e4dsk\u00e5p &#8211; 1 x tippskydd &#8211; 1 x bruksanvisning SONGMICS Anm\u00e4rkningar: &#8211; Anv\u00e4ndning utomhus f\u00f6rkortar produktens livsl\u00e4ngd avsev\u00e4rt. &#8211; Se till att st\u00e5lr\u00f6ret och plastkopplingarna sitter ordentligt fast vid montering. &#8211; Flytta inte produkten n\u00e4r den \u00e4r fylld med f\u00f6rem\u00e5l.<\/p>\n","protected":false},"excerpt":{"rendered":"<p>SONGMICS \u00f6ppen garderob, kl\u00e4dst\u00e4llning, kl\u00e4dst\u00e5ng, garderob, 43 x 138 x 182 cm, 3 h\u00e4ngande fack, mycket utrymme, f\u00f6r sovrum, vardagsrum, svart RYG025B02<\/p>\n","protected":false},"featured_media":46228,"comment_status":"open","ping_status":"closed","template":"","meta":[],"product_brand":[],"product_cat":[33],"product_tag":[],"class_list":{"0":"post-19295","1":"product","2":"type-product","3":"status-publish","4":"has-post-thumbnail","6":"product_cat-okategoriserad","8":"first","9":"instock","10":"shipping-taxable","11":"purchasable","12":"product-type-simple"},"_links":{"self":[{"href":"https:\/\/nordicmart.andreevmaster.com\/sv\/wp-json\/wp\/v2\/product\/19295","targetHints":{"allow":["GET"]}}],"collection":[{"href":"https:\/\/nordicmart.andreevmaster.com\/sv\/wp-json\/wp\/v2\/product"}],"about":[{"href":"https:\/\/nordicmart.andreevmaster.com\/sv\/wp-json\/wp\/v2\/types\/product"}],"replies":[{"embeddable":true,"href":"https:\/\/nordicmart.andreevmaster.com\/sv\/wp-json\/wp\/v2\/comments?post=19295"}],"wp:featuredmedia":[{"embeddable":true,"href":"https:\/\/nordicmart.andreevmaster.com\/sv\/wp-json\/wp\/v2\/media\/46228"}],"wp:attachment":[{"href":"https:\/\/nordicmart.andreevmaster.com\/sv\/wp-json\/wp\/v2\/media?parent=19295"}],"wp:term":[{"taxonomy":"product_brand","embeddable":true,"href":"https:\/\/nordicmart.andreevmaster.com\/sv\/wp-json\/wp\/v2\/product_brand?post=19295"},{"taxonomy":"product_cat","embeddable":true,"href":"https:\/\/nordicmart.andreevmaster.com\/sv\/wp-json\/wp\/v2\/product_cat?post=19295"},{"taxonomy":"product_tag","embeddable":true,"href":"https:\/\/nordicmart.andreevmaster.com\/sv\/wp-json\/wp\/v2\/product_tag?post=19295"}],"curies":[{"name":"wp","href":"https:\/\/api.w.org\/{rel}","templated":true}]}}