{"id":19293,"date":"2026-02-27T00:43:59","date_gmt":"2026-02-27T00:43:59","guid":{"rendered":"https:\/\/nordicmart.andreevmaster.com\/product\/19293\/"},"modified":"2026-02-27T08:31:37","modified_gmt":"2026-02-27T08:31:37","slug":"19293","status":"publish","type":"product","link":"https:\/\/nordicmart.andreevmaster.com\/sv\/produkt\/19293\/","title":{"rendered":""},"content":{"rendered":"<p>[Kutsu vaatteesi sis\u00e4\u00e4n] H\u00e4ng upp dina kl\u00e4der p\u00e5 tv\u00e5 st\u00e4nger i kl\u00e4dsk\u00e5pet i snygga rader. L\u00e4gg dina vikta kl\u00e4der p\u00e5 hyllorna. N\u00e4r du ska v\u00e4lja kl\u00e4der f\u00f6r den stora dagen har du allt du beh\u00f6ver inom r\u00e4ckh\u00e5ll.[Kraftfull] H\u00e4ngst\u00e5ngens b\u00e4rkraft \u00e4r 15 kg och tyglagret t\u00e5l 5 kg, eftersom det st\u00f6ds av metallr\u00f6r med en diameter p\u00e5 16 mm och h\u00f6gkvalitativt fibertyg. Den hopf\u00e4llbara kl\u00e4dh\u00e4ngarens stabilitet och h\u00e5llbarhet \u00e4r garanterad.[Bort fr\u00e5n dammet] Dina nya favoritkl\u00e4der beh\u00f6ver b\u00e4ttre skydd. Tygskyddet med dragkedja och kardborreband \u00e4r handplockat f\u00f6r att dina kl\u00e4der ska h\u00e5llas i gott skick. Med denna kl\u00e4dh\u00e4ngare \u00e4r du s\u00e4ker!<\/p>\n<p>[Enkel montering] Du beh\u00f6ver inte l\u00e4ngre spendera timmar p\u00e5 att montera din kl\u00e4dh\u00e4ngare; den h\u00e4r modellen best\u00e5r bara av r\u00f6r som f\u00e4sts i plastkopplingar, och inga verktyg beh\u00f6vs. Allt som \u00e5terst\u00e5r \u00e4r att h\u00e4nga upp dina skjortor och kl\u00e4nningar p\u00e5 h\u00e4ngaren.[Vad du f\u00e5r] En kl\u00e4dh\u00e4ngare i fiberduk med h\u00e4ngare och praktiska hyllor som ger dig gott om f\u00f6rvaringsutrymme f\u00f6r att l\u00f6sa kaoset och en anv\u00e4ndbar, uppfriskande till\u00e4gg till ditt sovrum eller din kl\u00e4dkammare.<\/p>\n<p>F\u00e4rg: Brun Intirilife-f\u00e4llbar garderob 108x170x45 cm.<\/p>\n","protected":false},"excerpt":{"rendered":"<p>[Kutsu vaatteesi sis\u00e4\u00e4n] H\u00e4ng upp dina kl\u00e4der p\u00e5 tv\u00e5 st\u00e4nger i kl\u00e4dsk\u00e5pet i snygga rader. L\u00e4gg dina vikta kl\u00e4der p\u00e5 hyllorna. N\u00e4r du ska v\u00e4lja kl\u00e4der f\u00f6r den stora dagen har du allt du beh\u00f6ver inom r\u00e4ckh\u00e5ll.[Kraftfull] H\u00e4ngst\u00e5ngens b\u00e4rkraft \u00e4r 15 kg och tyglagret t\u00e5l 5 kg, eftersom det st\u00f6ds av metallr\u00f6r med en diameter [&hellip;]<\/p>\n","protected":false},"featured_media":0,"comment_status":"open","ping_status":"closed","template":"","meta":[],"product_brand":[],"product_cat":[33],"product_tag":[],"class_list":{"0":"post-19293","1":"product","2":"type-product","3":"status-publish","5":"product_cat-okategoriserad","7":"first","8":"instock","9":"shipping-taxable","10":"product-type-simple"},"_links":{"self":[{"href":"https:\/\/nordicmart.andreevmaster.com\/sv\/wp-json\/wp\/v2\/product\/19293","targetHints":{"allow":["GET"]}}],"collection":[{"href":"https:\/\/nordicmart.andreevmaster.com\/sv\/wp-json\/wp\/v2\/product"}],"about":[{"href":"https:\/\/nordicmart.andreevmaster.com\/sv\/wp-json\/wp\/v2\/types\/product"}],"replies":[{"embeddable":true,"href":"https:\/\/nordicmart.andreevmaster.com\/sv\/wp-json\/wp\/v2\/comments?post=19293"}],"wp:attachment":[{"href":"https:\/\/nordicmart.andreevmaster.com\/sv\/wp-json\/wp\/v2\/media?parent=19293"}],"wp:term":[{"taxonomy":"product_brand","embeddable":true,"href":"https:\/\/nordicmart.andreevmaster.com\/sv\/wp-json\/wp\/v2\/product_brand?post=19293"},{"taxonomy":"product_cat","embeddable":true,"href":"https:\/\/nordicmart.andreevmaster.com\/sv\/wp-json\/wp\/v2\/product_cat?post=19293"},{"taxonomy":"product_tag","embeddable":true,"href":"https:\/\/nordicmart.andreevmaster.com\/sv\/wp-json\/wp\/v2\/product_tag?post=19293"}],"curies":[{"name":"wp","href":"https:\/\/api.w.org\/{rel}","templated":true}]}}