{"id":19292,"date":"2026-02-27T00:43:59","date_gmt":"2026-02-27T00:43:59","guid":{"rendered":"https:\/\/nordicmart.andreevmaster.com\/product\/songmics-stor-tygskap-med-2-kladstanger\/"},"modified":"2026-02-27T08:31:37","modified_gmt":"2026-02-27T08:31:37","slug":"songmics-stor-tygskap-med-2-kladstanger","status":"publish","type":"product","link":"https:\/\/nordicmart.andreevmaster.com\/sv\/produkt\/songmics-stor-tygskap-med-2-kladstanger\/","title":{"rendered":"SONGMICS Stor tygsk\u00e5p med 2 kl\u00e4dst\u00e4nger"},"content":{"rendered":"<p>St\u00e4ll detta tygsk\u00e5p i din l\u00e4genhet och f\u00e5 ordning p\u00e5 ditt hem. SONGMICS kommer aldrig att svika dig! Skjortor och kl\u00e4nningar utan veck: Tack vare detta hopf\u00e4llbara tygsk\u00e5p beh\u00f6ver du inte l\u00e4ngre leta efter en passande outfit i en kaotisk kl\u00e4dh\u00f6g, vilket sparar dig mycket tid och m\u00f6da p\u00e5 morgonen. Detta sk\u00e5p \u00e4r utrustat med 2 kl\u00e4dst\u00e4nger d\u00e4r du kan h\u00e4nga kl\u00e4derna f\u00f6r n\u00e4sta arbetsdag snyggt och l\u00e4ttillg\u00e4ngligt. Produktdetaljer: F\u00e4rg: Gr\u00e5 Material: 100 g\/m\u00b2 non-woven tyg, 16 mm metallr\u00f6r, plastkoppling Storlek: 150 x 45 x 175 cm (L x B x H) Vikt: 4,7 kg Max. belastningskapacitet per hylla: 5 kg Max. belastningskapacitet f\u00f6r kl\u00e4dst\u00e5ngen: 15 kg Leveransomfattning: 1 x tygsk\u00e5p 1 x bruksanvisning (DE, EN, FR, ES, IT) SONGMICS Anm\u00e4rkningar: Anv\u00e4nd inte produkten utomhus. Av s\u00e4kerhetssk\u00e4l \u00e4r det f\u00f6rbjudet f\u00f6r barn att kl\u00e4ttra p\u00e5 eller leka med produkten.<\/p>\n","protected":false},"excerpt":{"rendered":"<p>SONGMICS kl\u00e4dsk\u00e5p, tygsk\u00e5p, med 2 kl\u00e4dst\u00e4nger, med tyg\u00f6verdrag, 150 x 45 x 175 cm, med fiskbensm\u00f6nster, gr\u00e5 RYG012G22<\/p>\n","protected":false},"featured_media":46226,"comment_status":"open","ping_status":"closed","template":"","meta":[],"product_brand":[],"product_cat":[33],"product_tag":[],"class_list":{"0":"post-19292","1":"product","2":"type-product","3":"status-publish","4":"has-post-thumbnail","6":"product_cat-okategoriserad","8":"first","9":"instock","10":"shipping-taxable","11":"purchasable","12":"product-type-simple"},"_links":{"self":[{"href":"https:\/\/nordicmart.andreevmaster.com\/sv\/wp-json\/wp\/v2\/product\/19292","targetHints":{"allow":["GET"]}}],"collection":[{"href":"https:\/\/nordicmart.andreevmaster.com\/sv\/wp-json\/wp\/v2\/product"}],"about":[{"href":"https:\/\/nordicmart.andreevmaster.com\/sv\/wp-json\/wp\/v2\/types\/product"}],"replies":[{"embeddable":true,"href":"https:\/\/nordicmart.andreevmaster.com\/sv\/wp-json\/wp\/v2\/comments?post=19292"}],"wp:featuredmedia":[{"embeddable":true,"href":"https:\/\/nordicmart.andreevmaster.com\/sv\/wp-json\/wp\/v2\/media\/46226"}],"wp:attachment":[{"href":"https:\/\/nordicmart.andreevmaster.com\/sv\/wp-json\/wp\/v2\/media?parent=19292"}],"wp:term":[{"taxonomy":"product_brand","embeddable":true,"href":"https:\/\/nordicmart.andreevmaster.com\/sv\/wp-json\/wp\/v2\/product_brand?post=19292"},{"taxonomy":"product_cat","embeddable":true,"href":"https:\/\/nordicmart.andreevmaster.com\/sv\/wp-json\/wp\/v2\/product_cat?post=19292"},{"taxonomy":"product_tag","embeddable":true,"href":"https:\/\/nordicmart.andreevmaster.com\/sv\/wp-json\/wp\/v2\/product_tag?post=19292"}],"curies":[{"name":"wp","href":"https:\/\/api.w.org\/{rel}","templated":true}]}}