{"id":19291,"date":"2026-02-27T00:43:58","date_gmt":"2026-02-27T00:43:58","guid":{"rendered":"https:\/\/nordicmart.andreevmaster.com\/product\/songmics-kladskap-tygskap-hopfallbar-garderob-med-kladstanger\/"},"modified":"2026-02-27T08:31:37","modified_gmt":"2026-02-27T08:31:37","slug":"songmics-kladskap-tygskap-hopfallbar-garderob-med-kladstanger","status":"publish","type":"product","link":"https:\/\/nordicmart.andreevmaster.com\/sv\/produkt\/songmics-kladskap-tygskap-hopfallbar-garderob-med-kladstanger\/","title":{"rendered":"SONGMICS kl\u00e4dsk\u00e5p tygsk\u00e5p hopf\u00e4llbar garderob med kl\u00e4dst\u00e4nger"},"content":{"rendered":"<p>SONGMICS kl\u00e4dsk\u00e5p, tygsk\u00e5p, med 2 kl\u00e4dst\u00e4nger, med tyg\u00f6verdrag, 150 x 45 x 175 cm, med fiskbensm\u00f6nster, gr\u00e5 RYG012G22<br \/>\nProduktm\u00e5tt: 45 x 150 x 175 cm; 5,3 kg<br \/>\nModellnummer: RYG012C02<br \/>\nStorlek: 45 x 150 x 175 cm<br \/>\nF\u00e4rg: Salviagr\u00f6n<br \/>\nForm: Rektangul\u00e4r<br \/>\nAnslutningsprofil: Golvmontering<br \/>\nLeveransomfattning: \u200eHyllor<br \/>\nBatterier ing\u00e5r: Nej<br \/>\nBatterier kr\u00e4vs: Nej<br \/>\nProduktvikt: 5,3 kg<\/p>\n","protected":false},"excerpt":{"rendered":"<p>SONGMICS kl\u00e4dsk\u00e5p, tygsk\u00e5p, med 2 kl\u00e4dst\u00e4nger, med tyg\u00f6verdrag, 150 x 45 x 175 cm, med fiskbensm\u00f6nster, gr\u00e5 RYG012G22<\/p>\n","protected":false},"featured_media":46225,"comment_status":"open","ping_status":"closed","template":"","meta":[],"product_brand":[],"product_cat":[33],"product_tag":[],"class_list":{"0":"post-19291","1":"product","2":"type-product","3":"status-publish","4":"has-post-thumbnail","6":"product_cat-okategoriserad","8":"first","9":"instock","10":"shipping-taxable","11":"purchasable","12":"product-type-simple"},"_links":{"self":[{"href":"https:\/\/nordicmart.andreevmaster.com\/sv\/wp-json\/wp\/v2\/product\/19291","targetHints":{"allow":["GET"]}}],"collection":[{"href":"https:\/\/nordicmart.andreevmaster.com\/sv\/wp-json\/wp\/v2\/product"}],"about":[{"href":"https:\/\/nordicmart.andreevmaster.com\/sv\/wp-json\/wp\/v2\/types\/product"}],"replies":[{"embeddable":true,"href":"https:\/\/nordicmart.andreevmaster.com\/sv\/wp-json\/wp\/v2\/comments?post=19291"}],"wp:featuredmedia":[{"embeddable":true,"href":"https:\/\/nordicmart.andreevmaster.com\/sv\/wp-json\/wp\/v2\/media\/46225"}],"wp:attachment":[{"href":"https:\/\/nordicmart.andreevmaster.com\/sv\/wp-json\/wp\/v2\/media?parent=19291"}],"wp:term":[{"taxonomy":"product_brand","embeddable":true,"href":"https:\/\/nordicmart.andreevmaster.com\/sv\/wp-json\/wp\/v2\/product_brand?post=19291"},{"taxonomy":"product_cat","embeddable":true,"href":"https:\/\/nordicmart.andreevmaster.com\/sv\/wp-json\/wp\/v2\/product_cat?post=19291"},{"taxonomy":"product_tag","embeddable":true,"href":"https:\/\/nordicmart.andreevmaster.com\/sv\/wp-json\/wp\/v2\/product_tag?post=19291"}],"curies":[{"name":"wp","href":"https:\/\/api.w.org\/{rel}","templated":true}]}}