{"id":19285,"date":"2026-02-27T00:43:57","date_gmt":"2026-02-27T00:43:57","guid":{"rendered":"https:\/\/nordicmart.andreevmaster.com\/product\/songmics-tygskap-med-2-kladstanger-salviagron\/"},"modified":"2026-02-27T08:31:35","modified_gmt":"2026-02-27T08:31:35","slug":"songmics-tygskap-med-2-kladstanger-salviagron","status":"publish","type":"product","link":"https:\/\/nordicmart.andreevmaster.com\/sv\/produkt\/songmics-tygskap-med-2-kladstanger-salviagron\/","title":{"rendered":"SONGMICS tygsk\u00e5p med 2 kl\u00e4dst\u00e4nger, salviagr\u00f6n"},"content":{"rendered":"<p>SONGMICS kl\u00e4dsk\u00e5p, garderob med kl\u00e4dst\u00e4nger, f\u00f6rvaring f\u00f6r kl\u00e4der, tygsk\u00e5p, kl\u00e4dst\u00e4llning, hopf\u00e4llbar, omkl\u00e4dningsrum, sovrum, 140 x 43 x 174 cm, gr\u00e5 RYG02GY<br \/>\nF\u00e4rg: salviagr\u00f6n<br \/>\nMaterial: non-woven tyg, metallr\u00f6r, plastkopplingar<br \/>\nStorlek: 43 x 140 x 174 cm (D x B x H)<br \/>\nVikt: 5,4 kg<br \/>\nMax. belastningskapacitet f\u00f6r hyllan: 10 kg<br \/>\nMax. belastningskapacitet f\u00f6r kl\u00e4dst\u00e5ngen: 30 kg<br \/>\nMax. belastningskapacitet f\u00f6r hela hyllan: 80 kg<\/p>\n","protected":false},"excerpt":{"rendered":"<p>SONGMICS kl\u00e4dsk\u00e5p, garderob med kl\u00e4dst\u00e4nger, f\u00f6rvaring f\u00f6r kl\u00e4der, tygsk\u00e5p, kl\u00e4dst\u00e4llning, hopf\u00e4llbar, omkl\u00e4dningsrum, sovrum, 140 x 43 x 174 cm, gr\u00e5 RYG02GY<\/p>\n","protected":false},"featured_media":46219,"comment_status":"open","ping_status":"closed","template":"","meta":[],"product_brand":[],"product_cat":[33],"product_tag":[],"class_list":{"0":"post-19285","1":"product","2":"type-product","3":"status-publish","4":"has-post-thumbnail","6":"product_cat-okategoriserad","8":"first","9":"instock","10":"shipping-taxable","11":"purchasable","12":"product-type-simple"},"_links":{"self":[{"href":"https:\/\/nordicmart.andreevmaster.com\/sv\/wp-json\/wp\/v2\/product\/19285","targetHints":{"allow":["GET"]}}],"collection":[{"href":"https:\/\/nordicmart.andreevmaster.com\/sv\/wp-json\/wp\/v2\/product"}],"about":[{"href":"https:\/\/nordicmart.andreevmaster.com\/sv\/wp-json\/wp\/v2\/types\/product"}],"replies":[{"embeddable":true,"href":"https:\/\/nordicmart.andreevmaster.com\/sv\/wp-json\/wp\/v2\/comments?post=19285"}],"wp:featuredmedia":[{"embeddable":true,"href":"https:\/\/nordicmart.andreevmaster.com\/sv\/wp-json\/wp\/v2\/media\/46219"}],"wp:attachment":[{"href":"https:\/\/nordicmart.andreevmaster.com\/sv\/wp-json\/wp\/v2\/media?parent=19285"}],"wp:term":[{"taxonomy":"product_brand","embeddable":true,"href":"https:\/\/nordicmart.andreevmaster.com\/sv\/wp-json\/wp\/v2\/product_brand?post=19285"},{"taxonomy":"product_cat","embeddable":true,"href":"https:\/\/nordicmart.andreevmaster.com\/sv\/wp-json\/wp\/v2\/product_cat?post=19285"},{"taxonomy":"product_tag","embeddable":true,"href":"https:\/\/nordicmart.andreevmaster.com\/sv\/wp-json\/wp\/v2\/product_tag?post=19285"}],"curies":[{"name":"wp","href":"https:\/\/api.w.org\/{rel}","templated":true}]}}