{"id":19284,"date":"2026-02-27T00:43:56","date_gmt":"2026-02-27T00:43:56","guid":{"rendered":"https:\/\/nordicmart.andreevmaster.com\/product\/songmics-forvaringsbox-6-pack\/"},"modified":"2026-02-27T08:31:35","modified_gmt":"2026-02-27T08:31:35","slug":"songmics-forvaringsbox-6-pack","status":"publish","type":"product","link":"https:\/\/nordicmart.andreevmaster.com\/sv\/produkt\/songmics-forvaringsbox-6-pack\/","title":{"rendered":"SONGMICS f\u00f6rvaringsbox 6-pack"},"content":{"rendered":"<p>Ett riktigt f\u00f6rvaringstalang: kubformade tygboxar f\u00f6r alla tillf\u00e4llen: i garderoben, p\u00e5 bokhyllan, under soffbordet, p\u00e5 skrivbordet eller i barnrummet. Boxarna passar dessutom i de flesta kubformade organisat\u00f6rer. Du kan dessutom anv\u00e4nda dessa l\u00e5dor tillsammans eller separat efter behov \u2013 valet \u00e4r ditt. F\u00f6rdelar i \u00f6versikt: H\u00f6gkvalitativa material ger varje l\u00e5da en formstabil struktur som t\u00e5l upp till 5 kg. L\u00e5dorna passar i de flesta kubf\u00f6rvaringssystem. L\u00e5dorna kan vikas ihop platt och f\u00f6rvaras enkelt n\u00e4r de inte anv\u00e4nds.\u00d6glorna p\u00e5 l\u00e5dorna g\u00f6r det enkelt att dra ut dem fr\u00e5n hyllan. \u00d6glan p\u00e5 insidan hj\u00e4lper dig att enkelt ta ut bottenplattan och vika ihop tygl\u00e5dan. De snygga s\u00f6mmarna ger ett h\u00f6gkvalitativt intryck. Tygl\u00e5dor \u00e4r mer andningsbara \u00e4n plastl\u00e5dor och sl\u00e4pper d\u00e4rf\u00f6r in frisk luft till kl\u00e4derna som f\u00f6rvaras inuti.Produktdetaljer: F\u00e4rg: Ljusgr\u00e5 Material: 2 mm tjock kartong, 80 g\/\u33a1 non-woven tyg Storlek: 30 x 30 x 30 cm (L x B x H) Vikt: 3,4 kg Max. statisk belastningskapacitet per kub: 5 kg Leveransomfattning: 6 x f\u00f6rvaringsbox SONGMICS Anvisningar:Torka av ytan med en l\u00e4tt fuktig trasa f\u00f6r daglig reng\u00f6ring och l\u00e5t produkten lufttorka; tv\u00e4tta INTE med vatten. Produkten kan ha en svag lukt n\u00e4r den packas upp. Placera den i s\u00e5 fall p\u00e5 en v\u00e4l ventilerad plats i n\u00e5gra timmar.<\/p>\n","protected":false},"excerpt":{"rendered":"<p>SONGMICS f\u00f6rvaringsbox, 6-pack, hopf\u00e4llbar tygbox, f\u00f6rvaringskorg, organiserare f\u00f6r leksaker, kl\u00e4der, r\u00f6kgr\u00e5 RYFB06G<\/p>\n","protected":false},"featured_media":46218,"comment_status":"open","ping_status":"closed","template":"","meta":[],"product_brand":[],"product_cat":[33],"product_tag":[],"class_list":{"0":"post-19284","1":"product","2":"type-product","3":"status-publish","4":"has-post-thumbnail","6":"product_cat-okategoriserad","8":"first","9":"instock","10":"shipping-taxable","11":"purchasable","12":"product-type-simple"},"_links":{"self":[{"href":"https:\/\/nordicmart.andreevmaster.com\/sv\/wp-json\/wp\/v2\/product\/19284","targetHints":{"allow":["GET"]}}],"collection":[{"href":"https:\/\/nordicmart.andreevmaster.com\/sv\/wp-json\/wp\/v2\/product"}],"about":[{"href":"https:\/\/nordicmart.andreevmaster.com\/sv\/wp-json\/wp\/v2\/types\/product"}],"replies":[{"embeddable":true,"href":"https:\/\/nordicmart.andreevmaster.com\/sv\/wp-json\/wp\/v2\/comments?post=19284"}],"wp:featuredmedia":[{"embeddable":true,"href":"https:\/\/nordicmart.andreevmaster.com\/sv\/wp-json\/wp\/v2\/media\/46218"}],"wp:attachment":[{"href":"https:\/\/nordicmart.andreevmaster.com\/sv\/wp-json\/wp\/v2\/media?parent=19284"}],"wp:term":[{"taxonomy":"product_brand","embeddable":true,"href":"https:\/\/nordicmart.andreevmaster.com\/sv\/wp-json\/wp\/v2\/product_brand?post=19284"},{"taxonomy":"product_cat","embeddable":true,"href":"https:\/\/nordicmart.andreevmaster.com\/sv\/wp-json\/wp\/v2\/product_cat?post=19284"},{"taxonomy":"product_tag","embeddable":true,"href":"https:\/\/nordicmart.andreevmaster.com\/sv\/wp-json\/wp\/v2\/product_tag?post=19284"}],"curies":[{"name":"wp","href":"https:\/\/api.w.org\/{rel}","templated":true}]}}