{"id":19282,"date":"2026-02-27T00:43:56","date_gmt":"2026-02-27T00:43:56","guid":{"rendered":"https:\/\/nordicmart.andreevmaster.com\/product\/songmics-hopfallbara-lador-3-pack\/"},"modified":"2026-02-27T08:31:35","modified_gmt":"2026-02-27T08:31:35","slug":"songmics-hopfallbara-lador-3-pack","status":"publish","type":"product","link":"https:\/\/nordicmart.andreevmaster.com\/sv\/produkt\/songmics-hopfallbara-lador-3-pack\/","title":{"rendered":"SONGMICS hopf\u00e4llbara l\u00e5dor, 3-pack"},"content":{"rendered":"<p>Eftersom du \u00e4r en upptagen person kan det h\u00e4nda att du vissa dagar kommer hem och m\u00f6ts av en berg av r\u00f6ra. Om du vill sortera dina semesterminnen, st\u00e4da upp i garderoben eller rensa upp i barnens rum \u00e4r detta 3-pack vikbara l\u00e5dor en smart f\u00f6rvaringsl\u00f6sning f\u00f6r dig. L\u00e5dorna passar \u00f6verallt: p\u00e5 eller i din garderob, p\u00e5 hyllan i din kl\u00e4dkammare, p\u00e5 bokhyllor och kontorsskrivbord, i dina barns rum osv. L\u00e5dornas f\u00f6rdelar i korthet: Tack vare l\u00e5dornas h\u00f6gkvalitativa material ser de alltid ut som nya och h\u00e5ller sig i toppskick. L\u00e5dornas lock skyddar dina tillh\u00f6righeter fr\u00e5n damm och smuts.L\u00e5dorna \u00e4r vikbara s\u00e5 att du kan f\u00f6rvara dem p\u00e5 ett utrymmesbesparande s\u00e4tt. Etikettfickorna hj\u00e4lper dig att enkelt hitta alla f\u00f6rvarade f\u00f6rem\u00e5l. P\u00e5sydda handtag f\u00f6r enkel transport. \u00d6glan p\u00e5 l\u00e5dornas botten g\u00f6r det enkelt att vika ihop eller st\u00e4lla upp dem. Rena s\u00f6mmar kompletterar den h\u00f6gkvalitativa bilden av l\u00e5dorna.Produktdetaljer: F\u00e4rg: Ljusgr\u00e5 Material: 80 g\/\u33a1 textilkomposit i linneoptik, 2 mm tjock kartong Storlek per kartong: 30 x 40 x 25 cm (L x B x H) Vikt: 2,4 kg Max. statisk belastningskapacitet per l\u00e5da: 5 kg Leveransomfattning: 3 x f\u00f6rvaringsl\u00e5da SONGMICS Anm\u00e4rkningar:N\u00e4r du packar upp produkten kan den lukta \u201dnytt\u201d. Placera den i s\u00e5 fall p\u00e5 en v\u00e4l ventilerad plats i n\u00e5gra timmar. Ta bort fl\u00e4ckar med en fuktig trasa och l\u00e5t l\u00e5dorna lufttorka. T\u00e5l INTE tv\u00e4tt!<\/p>\n","protected":false},"excerpt":{"rendered":"<p>SONGMICS 3-pack f\u00f6rvaringsl\u00e5dor med lock, vikbara l\u00e5dor av tyg med etikettficka, tygl\u00e5da, kub, 30 x 40 x 25 cm, ljusgr\u00e5 RYFB03W<\/p>\n","protected":false},"featured_media":46216,"comment_status":"open","ping_status":"closed","template":"","meta":[],"product_brand":[],"product_cat":[33],"product_tag":[],"class_list":{"0":"post-19282","1":"product","2":"type-product","3":"status-publish","4":"has-post-thumbnail","6":"product_cat-okategoriserad","8":"first","9":"instock","10":"shipping-taxable","11":"purchasable","12":"product-type-simple"},"_links":{"self":[{"href":"https:\/\/nordicmart.andreevmaster.com\/sv\/wp-json\/wp\/v2\/product\/19282","targetHints":{"allow":["GET"]}}],"collection":[{"href":"https:\/\/nordicmart.andreevmaster.com\/sv\/wp-json\/wp\/v2\/product"}],"about":[{"href":"https:\/\/nordicmart.andreevmaster.com\/sv\/wp-json\/wp\/v2\/types\/product"}],"replies":[{"embeddable":true,"href":"https:\/\/nordicmart.andreevmaster.com\/sv\/wp-json\/wp\/v2\/comments?post=19282"}],"wp:featuredmedia":[{"embeddable":true,"href":"https:\/\/nordicmart.andreevmaster.com\/sv\/wp-json\/wp\/v2\/media\/46216"}],"wp:attachment":[{"href":"https:\/\/nordicmart.andreevmaster.com\/sv\/wp-json\/wp\/v2\/media?parent=19282"}],"wp:term":[{"taxonomy":"product_brand","embeddable":true,"href":"https:\/\/nordicmart.andreevmaster.com\/sv\/wp-json\/wp\/v2\/product_brand?post=19282"},{"taxonomy":"product_cat","embeddable":true,"href":"https:\/\/nordicmart.andreevmaster.com\/sv\/wp-json\/wp\/v2\/product_cat?post=19282"},{"taxonomy":"product_tag","embeddable":true,"href":"https:\/\/nordicmart.andreevmaster.com\/sv\/wp-json\/wp\/v2\/product_tag?post=19282"}],"curies":[{"name":"wp","href":"https:\/\/api.w.org\/{rel}","templated":true}]}}