{"id":19280,"date":"2026-02-27T00:43:55","date_gmt":"2026-02-27T00:43:55","guid":{"rendered":"https:\/\/nordicmart.andreevmaster.com\/product\/songmics-hangande-forvaringshylla\/"},"modified":"2026-02-27T08:31:34","modified_gmt":"2026-02-27T08:31:34","slug":"songmics-hangande-forvaringshylla","status":"publish","type":"product","link":"https:\/\/nordicmart.andreevmaster.com\/sv\/produkt\/songmics-hangande-forvaringshylla\/","title":{"rendered":"SONGMICS h\u00e4ngande f\u00f6rvaringshylla"},"content":{"rendered":"<p>Har du redan v\u00e4nt upp och ner p\u00e5 hela din garderob bara f\u00f6r att hitta en kl\u00e4nning? Med denna h\u00e4ngande f\u00f6rvaringshylla kan du f\u00e5 ordning p\u00e5 din garderob och slippa besv\u00e4rligt letande. Tr\u00f6jor, kjolar, kl\u00e4nningar, jeans, handv\u00e4skor, leksaker, skor, accessoarer etc. \u2013 allt f\u00e5r plats i dessa 5 fack. Ett absolut fulltr\u00e4ff! F\u00f6rvara dina kl\u00e4der \u00f6versk\u00e5dligt och l\u00e4ttillg\u00e4ngligt i denna f\u00f6rvaringsl\u00f6sning och utnyttja det vertikala utrymmet optimalt. Tack vare de insydda bambuinsatserna beh\u00f6ver du inte oroa dig f\u00f6r att hyllorna ska h\u00e4nga ner. Dessutom ger det linneaktiga tyget och den gr\u00e5 f\u00e4rgen en varm och lugn k\u00e4nsla i din garderob, husvagn eller g\u00e4strum. Produktdetaljer: &#8211; F\u00e4rg: Gr\u00e5 med linneaktig struktur &#8211; Material: 80 g\/\u33a1 non-woven-tyg, bambuinsatser, j\u00e4rnram och krokar i \u00f6vre delen, 2 mm tjock kartong &#8211; Storlek: 30 x 30 x 90 cm (L x B x H) &#8211; Vikt: 460 g &#8211; Max. statisk belastningskapacitet f\u00f6r hela hyllan: 10 kg &#8211; Max. statisk belastningskapacitet per fack: 2 kg Leveransomfattning: &#8211; 1 x h\u00e4ngande f\u00f6rvaring SONGICS Anvisningar: &#8211; Torka av ytan med en l\u00e4tt fuktig trasa f\u00f6r daglig reng\u00f6ring; tv\u00e4tta INTE med vatten.- Produkten f\u00e5r inte komma i kontakt med vassa f\u00f6rem\u00e5l; f\u00f6rvara inte f\u00f6rem\u00e5l med en totalvikt \u00f6ver 10 kg i denna produkt.<\/p>\n","protected":false},"excerpt":{"rendered":"<p>SONGMICS H\u00e4ngande hylla, h\u00e4ngande f\u00f6rvaring, f\u00f6rvaringssystem f\u00f6r kl\u00e4der, f\u00f6r garderoben, platsbesparande och hopf\u00e4llbar, metallkrokar, bambuinsatser, linneaktig struktur, gr\u00e5 RYCH06G<\/p>\n","protected":false},"featured_media":46214,"comment_status":"open","ping_status":"closed","template":"","meta":[],"product_brand":[],"product_cat":[33],"product_tag":[],"class_list":{"0":"post-19280","1":"product","2":"type-product","3":"status-publish","4":"has-post-thumbnail","6":"product_cat-okategoriserad","8":"first","9":"instock","10":"shipping-taxable","11":"purchasable","12":"product-type-simple"},"_links":{"self":[{"href":"https:\/\/nordicmart.andreevmaster.com\/sv\/wp-json\/wp\/v2\/product\/19280","targetHints":{"allow":["GET"]}}],"collection":[{"href":"https:\/\/nordicmart.andreevmaster.com\/sv\/wp-json\/wp\/v2\/product"}],"about":[{"href":"https:\/\/nordicmart.andreevmaster.com\/sv\/wp-json\/wp\/v2\/types\/product"}],"replies":[{"embeddable":true,"href":"https:\/\/nordicmart.andreevmaster.com\/sv\/wp-json\/wp\/v2\/comments?post=19280"}],"wp:featuredmedia":[{"embeddable":true,"href":"https:\/\/nordicmart.andreevmaster.com\/sv\/wp-json\/wp\/v2\/media\/46214"}],"wp:attachment":[{"href":"https:\/\/nordicmart.andreevmaster.com\/sv\/wp-json\/wp\/v2\/media?parent=19280"}],"wp:term":[{"taxonomy":"product_brand","embeddable":true,"href":"https:\/\/nordicmart.andreevmaster.com\/sv\/wp-json\/wp\/v2\/product_brand?post=19280"},{"taxonomy":"product_cat","embeddable":true,"href":"https:\/\/nordicmart.andreevmaster.com\/sv\/wp-json\/wp\/v2\/product_cat?post=19280"},{"taxonomy":"product_tag","embeddable":true,"href":"https:\/\/nordicmart.andreevmaster.com\/sv\/wp-json\/wp\/v2\/product_tag?post=19280"}],"curies":[{"name":"wp","href":"https:\/\/api.w.org\/{rel}","templated":true}]}}