{"id":19279,"date":"2026-02-27T00:43:55","date_gmt":"2026-02-27T00:43:55","guid":{"rendered":"https:\/\/nordicmart.andreevmaster.com\/product\/songmics-forvaringspasar-for-adventskrans-2-pack\/"},"modified":"2026-02-27T08:31:34","modified_gmt":"2026-02-27T08:31:34","slug":"songmics-forvaringspasar-for-adventskrans-2-pack","status":"publish","type":"product","link":"https:\/\/nordicmart.andreevmaster.com\/sv\/produkt\/songmics-forvaringspasar-for-adventskrans-2-pack\/","title":{"rendered":"SONGMICS f\u00f6rvaringsp\u00e5sar f\u00f6r adventskrans, 2-pack"},"content":{"rendered":"<p>S\u00e5 kan du \u00e5teranv\u00e4nda din juldekoration: N\u00e4r julen \u00e4r \u00f6ver har adventskransen gjort sitt. Sl\u00e4nger du den bara i en hink eller l\u00e4gger du den i ett h\u00f6rn och l\u00e5ter den samla damm? Nej! L\u00e4gg kransen i en av dessa p\u00e5sar, som \u00e4r tillverkade av 600D Oxford-tyg och har en vattenavvisande PVC-bel\u00e4ggning, och skydda den fr\u00e5n damm och fukt. N\u00e4r julen n\u00e4rmar sig igen tar du ut kransen ur p\u00e5sen och dekorerar ditt hem! F\u00f6rvara juldekorationer \u2013 s\u00e5 enkelt \u00e4r det! Steg 1: \u00d6ppna p\u00e5sarna med hj\u00e4lp av dragkedjan. Steg 2: L\u00e4gg in dekorationsf\u00f6rem\u00e5len och st\u00e4ng dragkedjan. Steg 3: M\u00e4rk inneh\u00e5llet med hj\u00e4lp av etikettfickan. Steg 4: Transportera p\u00e5sarna till k\u00e4llaren med hj\u00e4lp av de praktiska handtagen eller h\u00e4ng upp dem f\u00f6r att spara plats. Produktdetaljer:- F\u00e4rg: r\u00f6d &#8211; Material: 600D Oxford-tyg, PVC-bel\u00e4ggning &#8211; Total storlek: 76,2 x 16 cm (\u00d8 x H) &#8211; Vikt per p\u00e5se: 450 g &#8211; Max. statisk belastningskapacitet per p\u00e5se: 3 kg Leveransomfattning: &#8211; 2 x f\u00f6rvaringsp\u00e5se SONGICs anm\u00e4rkningar:- Det kan h\u00e4nda att produkten har en svag lukt n\u00e4r du packar upp den. Placera den i s\u00e5 fall p\u00e5 en v\u00e4l ventilerad plats. Lukten f\u00f6rsvinner efter en kort stund. &#8211; Uts\u00e4tt inte produkten f\u00f6r direkt solljus eller h\u00f6g luftfuktighet under en l\u00e4ngre tid. &#8211; Den maximala statiska belastningskapaciteten per p\u00e5se \u00e4r 3 kg. \u00d6verskrid inte denna maximala vikt.<\/p>\n","protected":false},"excerpt":{"rendered":"<p>SONGMICS f\u00f6rvaringsp\u00e5se f\u00f6r presentpapper, h\u00e4ngande f\u00f6rvaringssystem, f\u00f6rvaring av presentpapper, dubbelsidig, f\u00f6r presentpappersrullar upp till 100 cm, affischer, jul, r\u00f6d RXH001R01<\/p>\n","protected":false},"featured_media":46213,"comment_status":"open","ping_status":"closed","template":"","meta":[],"product_brand":[],"product_cat":[33],"product_tag":[],"class_list":{"0":"post-19279","1":"product","2":"type-product","3":"status-publish","4":"has-post-thumbnail","6":"product_cat-okategoriserad","8":"first","9":"instock","10":"shipping-taxable","11":"purchasable","12":"product-type-simple"},"_links":{"self":[{"href":"https:\/\/nordicmart.andreevmaster.com\/sv\/wp-json\/wp\/v2\/product\/19279","targetHints":{"allow":["GET"]}}],"collection":[{"href":"https:\/\/nordicmart.andreevmaster.com\/sv\/wp-json\/wp\/v2\/product"}],"about":[{"href":"https:\/\/nordicmart.andreevmaster.com\/sv\/wp-json\/wp\/v2\/types\/product"}],"replies":[{"embeddable":true,"href":"https:\/\/nordicmart.andreevmaster.com\/sv\/wp-json\/wp\/v2\/comments?post=19279"}],"wp:featuredmedia":[{"embeddable":true,"href":"https:\/\/nordicmart.andreevmaster.com\/sv\/wp-json\/wp\/v2\/media\/46213"}],"wp:attachment":[{"href":"https:\/\/nordicmart.andreevmaster.com\/sv\/wp-json\/wp\/v2\/media?parent=19279"}],"wp:term":[{"taxonomy":"product_brand","embeddable":true,"href":"https:\/\/nordicmart.andreevmaster.com\/sv\/wp-json\/wp\/v2\/product_brand?post=19279"},{"taxonomy":"product_cat","embeddable":true,"href":"https:\/\/nordicmart.andreevmaster.com\/sv\/wp-json\/wp\/v2\/product_cat?post=19279"},{"taxonomy":"product_tag","embeddable":true,"href":"https:\/\/nordicmart.andreevmaster.com\/sv\/wp-json\/wp\/v2\/product_tag?post=19279"}],"curies":[{"name":"wp","href":"https:\/\/api.w.org\/{rel}","templated":true}]}}