{"id":19278,"date":"2026-02-27T00:43:55","date_gmt":"2026-02-27T00:43:55","guid":{"rendered":"https:\/\/nordicmart.andreevmaster.com\/product\/songmics-forvaringspase-under-sangen-gron-rod\/"},"modified":"2026-02-27T08:31:34","modified_gmt":"2026-02-27T08:31:34","slug":"songmics-forvaringspase-under-sangen-gron-rod","status":"publish","type":"product","link":"https:\/\/nordicmart.andreevmaster.com\/sv\/produkt\/songmics-forvaringspase-under-sangen-gron-rod\/","title":{"rendered":"SONGMICS f\u00f6rvaringsp\u00e5se under s\u00e4ngen Gr\u00f6n-r\u00f6d"},"content":{"rendered":"<p>Inte bara f\u00f6r en avslappnad jul&#8230; \u00c4ntligen har den dag du l\u00e4nge v\u00e4ntat p\u00e5 kommit! Du har dukat bordet och dekorerat huset&#8230; V\u00e4nta lite! Det saknas fortfarande n\u00e5got. Du har inte slagit in presenterna! Ingen fara, presentpapper, f\u00e4rgglada band och kort finns ordentligt f\u00f6rvarade i denna f\u00f6rvaringsv\u00e4ska fr\u00e5n SONGMICS. Innan dina g\u00e4ster anl\u00e4nder kommer alla presenter att ligga snyggt inslagna under julgranen. &#8230; utan ocks\u00e5 f\u00f6r en avslappnad vardag! Saknar du f\u00f6rvaringsutrymme f\u00f6r kl\u00e4der eller lakan som inte passar f\u00f6r \u00e5rstiden? Denna v\u00e4ska hj\u00e4lper dig. Den \u00e4r utrustad med en skiljev\u00e4gg s\u00e5 att du kan f\u00f6rvara lakan och kl\u00e4der separat fr\u00e5n varandra. Dessutom kan du f\u00f6rvara strumpor i PVC-p\u00e5sen och f\u00e4sta halsdukar med gummiband. Allt \u00e4r i ordning! Produktdetaljer: &#8211; F\u00e4rg: r\u00f6d-gr\u00f6n &#8211; Material: kartong, non-woven-tyg, PVC &#8211; Storlek: 102 x 40 x 15 cm (L x B x H) &#8211; Vikt: 1,15 kg Leveransomfattning: &#8211; 1 x f\u00f6rvaringsv\u00e4ska &#8211; 2 x sidopanel SONGMICS Anm\u00e4rkningar:- F\u00f6rvara inte tunga eller vassa f\u00f6rem\u00e5l i produkten. &#8211; Tv\u00e4tta inte produkten direkt med vatten. Torka av den med en fuktig trasa f\u00f6r att ta bort smuts. &#8211; Produkten kan ha en svag lukt n\u00e4r den packas upp. Placera den i s\u00e5 fall p\u00e5 en v\u00e4l ventilerad plats. Lukten f\u00f6rsvinner efter en kort stund.<\/p>\n","protected":false},"excerpt":{"rendered":"<p>SONGMICS f\u00f6rvaringsp\u00e5se f\u00f6r presentpapper, h\u00e4ngande f\u00f6rvaringssystem, f\u00f6rvaring av presentpapper, dubbelsidig, f\u00f6r presentpappersrullar upp till 100 cm, affischer, jul, r\u00f6d RXH001R01<\/p>\n","protected":false},"featured_media":46212,"comment_status":"open","ping_status":"closed","template":"","meta":[],"product_brand":[],"product_cat":[33],"product_tag":[],"class_list":{"0":"post-19278","1":"product","2":"type-product","3":"status-publish","4":"has-post-thumbnail","6":"product_cat-okategoriserad","8":"first","9":"instock","10":"shipping-taxable","11":"purchasable","12":"product-type-simple"},"_links":{"self":[{"href":"https:\/\/nordicmart.andreevmaster.com\/sv\/wp-json\/wp\/v2\/product\/19278","targetHints":{"allow":["GET"]}}],"collection":[{"href":"https:\/\/nordicmart.andreevmaster.com\/sv\/wp-json\/wp\/v2\/product"}],"about":[{"href":"https:\/\/nordicmart.andreevmaster.com\/sv\/wp-json\/wp\/v2\/types\/product"}],"replies":[{"embeddable":true,"href":"https:\/\/nordicmart.andreevmaster.com\/sv\/wp-json\/wp\/v2\/comments?post=19278"}],"wp:featuredmedia":[{"embeddable":true,"href":"https:\/\/nordicmart.andreevmaster.com\/sv\/wp-json\/wp\/v2\/media\/46212"}],"wp:attachment":[{"href":"https:\/\/nordicmart.andreevmaster.com\/sv\/wp-json\/wp\/v2\/media?parent=19278"}],"wp:term":[{"taxonomy":"product_brand","embeddable":true,"href":"https:\/\/nordicmart.andreevmaster.com\/sv\/wp-json\/wp\/v2\/product_brand?post=19278"},{"taxonomy":"product_cat","embeddable":true,"href":"https:\/\/nordicmart.andreevmaster.com\/sv\/wp-json\/wp\/v2\/product_cat?post=19278"},{"taxonomy":"product_tag","embeddable":true,"href":"https:\/\/nordicmart.andreevmaster.com\/sv\/wp-json\/wp\/v2\/product_tag?post=19278"}],"curies":[{"name":"wp","href":"https:\/\/api.w.org\/{rel}","templated":true}]}}