{"id":19276,"date":"2026-02-27T00:43:54","date_gmt":"2026-02-27T00:43:54","guid":{"rendered":"https:\/\/nordicmart.andreevmaster.com\/product\/songmics-forvaringsvaska-for-julgran\/"},"modified":"2026-02-27T08:31:33","modified_gmt":"2026-02-27T08:31:33","slug":"songmics-forvaringsvaska-for-julgran","status":"publish","type":"product","link":"https:\/\/nordicmart.andreevmaster.com\/sv\/produkt\/songmics-forvaringsvaska-for-julgran\/","title":{"rendered":"SONGMICS F\u00f6rvaringsv\u00e4ska f\u00f6r julgran"},"content":{"rendered":"<p>SONGMICS f\u00f6rvaringsv\u00e4ska f\u00f6r julgran, b\u00e4rv\u00e4ska p\u00e5 hjul, f\u00f6r granar upp till 229 cm, f\u00f6r demonterade julgranar, l\u00e4ngdreglerbara handtag, 600D Oxford-tyg<\/p>\n","protected":false},"excerpt":{"rendered":"<p>SONGMICS f\u00f6rvaringsv\u00e4ska f\u00f6r julgran, b\u00e4rv\u00e4ska p\u00e5 hjul, f\u00f6r granar upp till 229 cm, f\u00f6r demonterade julgranar, l\u00e4ngdreglerbara handtag, 600D Oxford-tyg<\/p>\n","protected":false},"featured_media":46210,"comment_status":"open","ping_status":"closed","template":"","meta":[],"product_brand":[],"product_cat":[33],"product_tag":[],"class_list":{"0":"post-19276","1":"product","2":"type-product","3":"status-publish","4":"has-post-thumbnail","6":"product_cat-okategoriserad","8":"first","9":"instock","10":"shipping-taxable","11":"purchasable","12":"product-type-simple"},"_links":{"self":[{"href":"https:\/\/nordicmart.andreevmaster.com\/sv\/wp-json\/wp\/v2\/product\/19276","targetHints":{"allow":["GET"]}}],"collection":[{"href":"https:\/\/nordicmart.andreevmaster.com\/sv\/wp-json\/wp\/v2\/product"}],"about":[{"href":"https:\/\/nordicmart.andreevmaster.com\/sv\/wp-json\/wp\/v2\/types\/product"}],"replies":[{"embeddable":true,"href":"https:\/\/nordicmart.andreevmaster.com\/sv\/wp-json\/wp\/v2\/comments?post=19276"}],"wp:featuredmedia":[{"embeddable":true,"href":"https:\/\/nordicmart.andreevmaster.com\/sv\/wp-json\/wp\/v2\/media\/46210"}],"wp:attachment":[{"href":"https:\/\/nordicmart.andreevmaster.com\/sv\/wp-json\/wp\/v2\/media?parent=19276"}],"wp:term":[{"taxonomy":"product_brand","embeddable":true,"href":"https:\/\/nordicmart.andreevmaster.com\/sv\/wp-json\/wp\/v2\/product_brand?post=19276"},{"taxonomy":"product_cat","embeddable":true,"href":"https:\/\/nordicmart.andreevmaster.com\/sv\/wp-json\/wp\/v2\/product_cat?post=19276"},{"taxonomy":"product_tag","embeddable":true,"href":"https:\/\/nordicmart.andreevmaster.com\/sv\/wp-json\/wp\/v2\/product_tag?post=19276"}],"curies":[{"name":"wp","href":"https:\/\/api.w.org\/{rel}","templated":true}]}}