{"id":19274,"date":"2026-02-27T00:43:53","date_gmt":"2026-02-27T00:43:53","guid":{"rendered":"https:\/\/nordicmart.andreevmaster.com\/product\/songmics-forvaringsvaska-for-julgran-rod\/"},"modified":"2026-02-27T08:31:33","modified_gmt":"2026-02-27T08:31:33","slug":"songmics-forvaringsvaska-for-julgran-rod","status":"publish","type":"product","link":"https:\/\/nordicmart.andreevmaster.com\/sv\/produkt\/songmics-forvaringsvaska-for-julgran-rod\/","title":{"rendered":"SONGMICS f\u00f6rvaringsv\u00e4ska f\u00f6r julgran, r\u00f6d"},"content":{"rendered":"<p>En v\u00e4ska f\u00f6r din julgran \u00c4ven om din konstgjorda julgran ligger i k\u00e4llaren 330 dagar om \u00e5ret, f\u00f6rblir den alltid trogen dig. F\u00f6rvara den d\u00e4rf\u00f6r p\u00e5 ett s\u00e4kert s\u00e4tt och l\u00e5t den veta att den \u00e4r viktig f\u00f6r dig, b\u00e5de under julen och efter\u00e5t. Denna v\u00e4ska fr\u00e5n SONGMICS \u00e4r tillverkad av 600D Oxford-tyg och \u00e4r robust, h\u00e5llbar, fuktbest\u00e4ndig och l\u00e4ttsk\u00f6tt. N\u00e4r du tar ut din gran ur v\u00e4skan n\u00e4sta \u00e5r kommer den fortfarande att se ut som om du just k\u00f6pt den. Var ska du f\u00f6rvara denna f\u00f6rvaringsv\u00e4ska? I garaget, under s\u00e4ngen eller p\u00e5 garderoben&#8230;Den kompakta p\u00e5sen hj\u00e4lper dig att spara utrymme i hemmet. Den \u00e4r dessutom utrustad med en h\u00f6gkvalitativ dragkedja som skyddar dina saker fr\u00e5n damm. Dessutom kan den transporteras \u00f6verallt med hj\u00e4lp av de tv\u00e5 f\u00f6rst\u00e4rkta stora handtagen och tv\u00e5 mindre. Produktdetaljer:- F\u00e4rg: r\u00f6d &#8211; Material: 600D Oxford-tyg &#8211; Storlek: 164 x 38 x 76 cm (L x B x H) &#8211; Bred handtag: 3,5 cm &#8211; F\u00f6r tr\u00e4d med en h\u00f6jd upp till: 160 cm &#8211; Vikt: 1,3 kg Leveransomfattning: &#8211; 1 x f\u00f6rvaringsv\u00e4ska SONGICs anvisningar:- F\u00f6rvara inga tunga eller vassa f\u00f6rem\u00e5l i produkten. &#8211; Produkten kan ha en svag lukt n\u00e4r den packas upp. Placera den i s\u00e5 fall p\u00e5 en v\u00e4l ventilerad plats. Lukten f\u00f6rsvinner efter en kort stund. &#8211; Produkten kan reng\u00f6ras direkt med vatten.<\/p>\n","protected":false},"excerpt":{"rendered":"<p>SONGMICS f\u00f6rvaringsv\u00e4ska f\u00f6r julgran, b\u00e4rv\u00e4ska, f\u00f6r tr\u00e4d upp till 160 cm, tillverkad av 600D Oxford-tyg, slitstark, l\u00e4tt, vattent\u00e4t, med robusta handtag, r\u00f6d RXS003R01<\/p>\n","protected":false},"featured_media":46208,"comment_status":"open","ping_status":"closed","template":"","meta":[],"product_brand":[],"product_cat":[33],"product_tag":[],"class_list":{"0":"post-19274","1":"product","2":"type-product","3":"status-publish","4":"has-post-thumbnail","6":"product_cat-okategoriserad","8":"first","9":"instock","10":"shipping-taxable","11":"purchasable","12":"product-type-simple"},"_links":{"self":[{"href":"https:\/\/nordicmart.andreevmaster.com\/sv\/wp-json\/wp\/v2\/product\/19274","targetHints":{"allow":["GET"]}}],"collection":[{"href":"https:\/\/nordicmart.andreevmaster.com\/sv\/wp-json\/wp\/v2\/product"}],"about":[{"href":"https:\/\/nordicmart.andreevmaster.com\/sv\/wp-json\/wp\/v2\/types\/product"}],"replies":[{"embeddable":true,"href":"https:\/\/nordicmart.andreevmaster.com\/sv\/wp-json\/wp\/v2\/comments?post=19274"}],"wp:featuredmedia":[{"embeddable":true,"href":"https:\/\/nordicmart.andreevmaster.com\/sv\/wp-json\/wp\/v2\/media\/46208"}],"wp:attachment":[{"href":"https:\/\/nordicmart.andreevmaster.com\/sv\/wp-json\/wp\/v2\/media?parent=19274"}],"wp:term":[{"taxonomy":"product_brand","embeddable":true,"href":"https:\/\/nordicmart.andreevmaster.com\/sv\/wp-json\/wp\/v2\/product_brand?post=19274"},{"taxonomy":"product_cat","embeddable":true,"href":"https:\/\/nordicmart.andreevmaster.com\/sv\/wp-json\/wp\/v2\/product_cat?post=19274"},{"taxonomy":"product_tag","embeddable":true,"href":"https:\/\/nordicmart.andreevmaster.com\/sv\/wp-json\/wp\/v2\/product_tag?post=19274"}],"curies":[{"name":"wp","href":"https:\/\/api.w.org\/{rel}","templated":true}]}}