{"id":19271,"date":"2026-02-27T00:43:52","date_gmt":"2026-02-27T00:43:52","guid":{"rendered":"https:\/\/nordicmart.andreevmaster.com\/product\/songmics-skostall-10-nivaer-skoskap-skoforvaring\/"},"modified":"2026-02-27T08:31:32","modified_gmt":"2026-02-27T08:31:32","slug":"songmics-skostall-10-nivaer-skoskap-skoforvaring","status":"publish","type":"product","link":"https:\/\/nordicmart.andreevmaster.com\/sv\/produkt\/songmics-skostall-10-nivaer-skoskap-skoforvaring\/","title":{"rendered":"SONGMICS skost\u00e4ll 10 niv\u00e5er, skosk\u00e5p, skof\u00f6rvaring"},"content":{"rendered":"<p>Beskrivning: Skaffa denna skohylla till ditt hem och f\u00e5 ordning p\u00e5 din l\u00e4genhet. SONGMICS kommer aldrig att svika dig! R\u00e4dda ditt hem fr\u00e5n skokoset. Ligger dina h\u00f6gklackade skor, din partners st\u00f6vlar och dina barns skor utspridda p\u00e5 golvet, s\u00e5 att du har sv\u00e5rt att hitta r\u00e4tt par n\u00e4r du l\u00e4mnar huset p\u00e5 morgonen? Fr\u00e5n och med idag \u00e4r det slut p\u00e5 letandet! Denna skohylla hj\u00e4lper dig att f\u00f6rvara alla dina skor p\u00e5 ett \u00f6versk\u00e5dligt s\u00e4tt. \u00c4ntligen f\u00e5r skor som l\u00e4nge varit g\u00f6mda under en h\u00f6g med skor en chans att b\u00e4ras igen! Vad ska du g\u00f6ra om tyghyllan blir smutsig? Ingen fara! Fleece-tyget \u00e4r l\u00e4ttsk\u00f6tt och vattenavvisande, en fuktig trasa r\u00e4cker f\u00f6r att reng\u00f6ra det.Vill du f\u00f6rvara dina st\u00f6vlar? Inga problem! Denna skoorganiserare \u00e4r enkel att montera och justera. Du kan l\u00e4mna utrymme f\u00f6r en eller tv\u00e5 hyllor vid monteringen s\u00e5 att det finns plats f\u00f6r dina nya st\u00f6vlar! Vi ser ocks\u00e5 till att andra skotillbeh\u00f6r som skokr\u00e4m eller skosn\u00f6ren kan f\u00f6rvaras snyggt. Titta bara p\u00e5 hyllans sidfickor! Superpraktiskt! Produktdetaljer: &#8211; F\u00e4rg: Gr\u00e5 &#8211; Material: Non-woven tyg, metallr\u00f6r, plastkopplingar &#8211; Avst\u00e5nd mellan hyllorna: 17 cm &#8211; M\u00e5tt: 88 x 28 x 160 cm (L x B x H) &#8211; Vikt: 2,7 kg &#8211; Max. belastning per hylla: 3 kg &#8211; Max. belastningskapacitet f\u00f6r hela hyllan: 27 kg Leveransomfattning: &#8211; 1 x skohylla &#8211; 1 x bruksanvisning (DE, EN, FR, ES, IT) SONGMICS Anm\u00e4rkningar: &#8211; Anv\u00e4nd inte produkten utomhus.<\/p>\n","protected":false},"excerpt":{"rendered":"<p>Skorack 10 niv\u00e5er, skosk\u00e5p, skof\u00f6rvaring, med \u00f6verdrag, skoorganiserare, f\u00f6r h\u00f6gklackade skor, sportskor, metallstativ, gr\u00e5<\/p>\n","protected":false},"featured_media":46205,"comment_status":"open","ping_status":"closed","template":"","meta":[],"product_brand":[],"product_cat":[33],"product_tag":[],"class_list":{"0":"post-19271","1":"product","2":"type-product","3":"status-publish","4":"has-post-thumbnail","6":"product_cat-okategoriserad","8":"first","9":"instock","10":"shipping-taxable","11":"purchasable","12":"product-type-simple"},"_links":{"self":[{"href":"https:\/\/nordicmart.andreevmaster.com\/sv\/wp-json\/wp\/v2\/product\/19271","targetHints":{"allow":["GET"]}}],"collection":[{"href":"https:\/\/nordicmart.andreevmaster.com\/sv\/wp-json\/wp\/v2\/product"}],"about":[{"href":"https:\/\/nordicmart.andreevmaster.com\/sv\/wp-json\/wp\/v2\/types\/product"}],"replies":[{"embeddable":true,"href":"https:\/\/nordicmart.andreevmaster.com\/sv\/wp-json\/wp\/v2\/comments?post=19271"}],"wp:featuredmedia":[{"embeddable":true,"href":"https:\/\/nordicmart.andreevmaster.com\/sv\/wp-json\/wp\/v2\/media\/46205"}],"wp:attachment":[{"href":"https:\/\/nordicmart.andreevmaster.com\/sv\/wp-json\/wp\/v2\/media?parent=19271"}],"wp:term":[{"taxonomy":"product_brand","embeddable":true,"href":"https:\/\/nordicmart.andreevmaster.com\/sv\/wp-json\/wp\/v2\/product_brand?post=19271"},{"taxonomy":"product_cat","embeddable":true,"href":"https:\/\/nordicmart.andreevmaster.com\/sv\/wp-json\/wp\/v2\/product_cat?post=19271"},{"taxonomy":"product_tag","embeddable":true,"href":"https:\/\/nordicmart.andreevmaster.com\/sv\/wp-json\/wp\/v2\/product_tag?post=19271"}],"curies":[{"name":"wp","href":"https:\/\/api.w.org\/{rel}","templated":true}]}}