{"id":19265,"date":"2026-02-27T00:43:50","date_gmt":"2026-02-27T00:43:50","guid":{"rendered":"https:\/\/nordicmart.andreevmaster.com\/product\/10-hyllors-skostall-med-dammskydd-forvaringsskap-forvaringssystem-for-upp-till-40-par-skor-vardagsrum-hall-88-x-28-x-160-cm-gra\/"},"modified":"2026-02-27T08:31:31","modified_gmt":"2026-02-27T08:31:31","slug":"10-hyllors-skostall-med-dammskydd-forvaringsskap-forvaringssystem-for-upp-till-40-par-skor-vardagsrum-hall-88-x-28-x-160-cm-gra","status":"publish","type":"product","link":"https:\/\/nordicmart.andreevmaster.com\/sv\/produkt\/10-hyllors-skostall-med-dammskydd-forvaringsskap-forvaringssystem-for-upp-till-40-par-skor-vardagsrum-hall-88-x-28-x-160-cm-gra\/","title":{"rendered":"10-hyllors skost\u00e4ll med dammskydd, f\u00f6rvaringssk\u00e5p, f\u00f6rvaringssystem f\u00f6r upp till 40 par skor, vardagsrum, hall, 88 x 28 x 160 cm, gr\u00e5"},"content":{"rendered":"<p>Skydda mot damm och insekter: Vill du ge dina k\u00e4nsliga skor b\u00e4ttre skydd? Ingen fara, SONGMICS har skyddat dig! Ja, den tygkl\u00e4dda skost\u00e4llningen med dragkedja och krokar \u00e4r handplockad f\u00f6r att f\u00f6rvara dina skor p\u00e5 r\u00e4tt s\u00e4tt. <\/p>\n<p>Den har styrka: H\u00f6gkvalitativa metallr\u00f6r med en diameter p\u00e5 12 mm och 75 g\/m\u00b2 fiberduk har valts f\u00f6r att s\u00e4kerst\u00e4lla skost\u00e4llets stabilitet och h\u00e5llbarhet.<\/p>\n<p>Var kan du anv\u00e4nda det? Var du vill! Oavsett om det \u00e4r i vardagsrummet, sovrummet eller kl\u00e4dkammaren, fungerar denna skof\u00f6rvaring alltid utm\u00e4rkt f\u00f6r att h\u00e5lla ordning&#8230;Montering? Enkelt! Du beh\u00f6ver inte l\u00e4ngre spendera timmar p\u00e5 att montera skost\u00e4llet; i denna konfiguration handlar det bara om att f\u00e4sta r\u00f6ren i plastkopplingarna. D\u00e4refter placerar du 4-5 par skor p\u00e5 varje niv\u00e5.Vad du f\u00e5r: En stabil skost\u00e4llning med 10 hyllor med lock, enkel montering och anpassningsbar design, samt en l\u00f6sning f\u00f6r att f\u00e5 ordning p\u00e5 skorna som ligger utspridda i hallen och kl\u00e4dkammaren.Tekniska uppgifter: &#8211; F\u00e4rger: F\u00e4rger: 1: F\u00e4rg: Gr\u00e5 &#8211; Material: Gr\u00e5: Material: Fiberduk, metallr\u00f6r, plastkoppling &#8211; H\u00f6jd mellan hyllorna: 17 cm &#8211; Produktens storlek: 88 x 28 x 160 cm- Produktens vikt: 2,7 kg- B\u00e4rf\u00f6rm\u00e5ga per niv\u00e5: 3 kg- Total lastkapacitet: 27 kg F\u00f6rpackningens inneh\u00e5ll: &#8211; 1 x Skost\u00e4ll- 1 x Instruktioner (EN, DE, FR, ES, IT)<\/p>\n","protected":false},"excerpt":{"rendered":"<p>Skydda mot damm och insekter: Vill du ge dina k\u00e4nsliga skor b\u00e4ttre skydd? Ingen fara, SONGMICS har skyddat dig! Ja, den tygkl\u00e4dda skost\u00e4llningen med dragkedja och krokar \u00e4r handplockad f\u00f6r att f\u00f6rvara dina skor p\u00e5 r\u00e4tt s\u00e4tt. Den har styrka: H\u00f6gkvalitativa metallr\u00f6r med en diameter p\u00e5 12 mm och 75 g\/m\u00b2 fiberduk har valts f\u00f6r [&hellip;]<\/p>\n","protected":false},"featured_media":0,"comment_status":"open","ping_status":"closed","template":"","meta":[],"product_brand":[],"product_cat":[33],"product_tag":[],"class_list":{"0":"post-19265","1":"product","2":"type-product","3":"status-publish","5":"product_cat-okategoriserad","7":"first","8":"instock","9":"shipping-taxable","10":"product-type-simple"},"_links":{"self":[{"href":"https:\/\/nordicmart.andreevmaster.com\/sv\/wp-json\/wp\/v2\/product\/19265","targetHints":{"allow":["GET"]}}],"collection":[{"href":"https:\/\/nordicmart.andreevmaster.com\/sv\/wp-json\/wp\/v2\/product"}],"about":[{"href":"https:\/\/nordicmart.andreevmaster.com\/sv\/wp-json\/wp\/v2\/types\/product"}],"replies":[{"embeddable":true,"href":"https:\/\/nordicmart.andreevmaster.com\/sv\/wp-json\/wp\/v2\/comments?post=19265"}],"wp:attachment":[{"href":"https:\/\/nordicmart.andreevmaster.com\/sv\/wp-json\/wp\/v2\/media?parent=19265"}],"wp:term":[{"taxonomy":"product_brand","embeddable":true,"href":"https:\/\/nordicmart.andreevmaster.com\/sv\/wp-json\/wp\/v2\/product_brand?post=19265"},{"taxonomy":"product_cat","embeddable":true,"href":"https:\/\/nordicmart.andreevmaster.com\/sv\/wp-json\/wp\/v2\/product_cat?post=19265"},{"taxonomy":"product_tag","embeddable":true,"href":"https:\/\/nordicmart.andreevmaster.com\/sv\/wp-json\/wp\/v2\/product_tag?post=19265"}],"curies":[{"name":"wp","href":"https:\/\/api.w.org\/{rel}","templated":true}]}}