{"id":19260,"date":"2026-02-27T00:43:49","date_gmt":"2026-02-27T00:43:49","guid":{"rendered":"https:\/\/nordicmart.andreevmaster.com\/product\/10-hyllig-tyghylla-skostall-stor-kapacitet-enkel-att-montera-dammtat-58-x-28-x-160-cm-svart\/"},"modified":"2026-02-27T08:31:29","modified_gmt":"2026-02-27T08:31:29","slug":"10-hyllig-tyghylla-skostall-stor-kapacitet-enkel-att-montera-dammtat-58-x-28-x-160-cm-svart","status":"publish","type":"product","link":"https:\/\/nordicmart.andreevmaster.com\/sv\/produkt\/10-hyllig-tyghylla-skostall-stor-kapacitet-enkel-att-montera-dammtat-58-x-28-x-160-cm-svart\/","title":{"rendered":"10-hyllig tyghylla, skost\u00e4ll, stor kapacitet, enkel att montera, dammt\u00e4t, 58 x 28 x 160 cm, svart"},"content":{"rendered":"<p>KONSTRUKTION F\u00d6R L\u00c5NG LIVSL\u00c4NGD: Med st\u00f6d av stabila st\u00e5lr\u00f6r ger denna skohylla ett stabilt st\u00f6d f\u00f6r dina \u00e4lskade skor. Tack vare r\u00f6rens rost- och korrosionsbest\u00e4ndiga ytbehandling h\u00e5ller denna skohylla l\u00e4nge.SKYDD MOT SMUTS: Locket av 75 g\/m\u00b2 fiberduk ger dina skor skydd \u00e5ret runt. Fukt? Damm? De har ingen chans! \u00c4nnu b\u00e4ttre \u00e4r att du bara beh\u00f6ver en trasa f\u00f6r att reng\u00f6ra skost\u00e4llet.VISA UPP, G\u00d6M BORT: Vill du visa upp din skokollektion? Det \u00e4r enkelt! \u00d6ppna locket, rulla upp luckan och f\u00e4st den p\u00e5 plats med kardborreband. Vill du g\u00f6mma undan dem? Lika enkelt! V\u00c4LKOMMEN TILLST\u00c5ND: F\u00f6rutom skor v\u00e4lkomnar denna 10-v\u00e5ningars f\u00f6rvaringshylla \u00e4ven leksaker, kl\u00e4der eller f\u00f6rvaringsl\u00e5dor. Har du kollat sidorna? D\u00e4r finns fickor f\u00f6r sm\u00e5saker, som skoborstar och polermedel&#8230;<\/p>\n<p>VAD DU F\u00c5R: Ett 10-v\u00e5ningars skost\u00e4ll med kompakt design som tar liten plats p\u00e5 golvet och \u00e4r ett enkelt s\u00e4tt att st\u00e4da upp skoh\u00f6gen och visa upp din skokollektion.<\/p>\n<p>Specifikationer:- F\u00e4rg: Svart- Material: 75 g\/m\u00b2 fiberduk, st\u00e5lr\u00f6r- Produktens storlek: 58 x 28 x 160 cm (L x B x H)- H\u00f6jd mellan hyllorna: 17 cm- Produktens vikt: 2,4 kg F\u00f6rpackningens inneh\u00e5ll:- 1 x skost\u00e4ll.<\/p>\n","protected":false},"excerpt":{"rendered":"<p>KONSTRUKTION F\u00d6R L\u00c5NG LIVSL\u00c4NGD: Med st\u00f6d av stabila st\u00e5lr\u00f6r ger denna skohylla ett stabilt st\u00f6d f\u00f6r dina \u00e4lskade skor. Tack vare r\u00f6rens rost- och korrosionsbest\u00e4ndiga ytbehandling h\u00e5ller denna skohylla l\u00e4nge.SKYDD MOT SMUTS: Locket av 75 g\/m\u00b2 fiberduk ger dina skor skydd \u00e5ret runt. Fukt? Damm? De har ingen chans! \u00c4nnu b\u00e4ttre \u00e4r att du bara [&hellip;]<\/p>\n","protected":false},"featured_media":0,"comment_status":"open","ping_status":"closed","template":"","meta":[],"product_brand":[],"product_cat":[33],"product_tag":[],"class_list":{"0":"post-19260","1":"product","2":"type-product","3":"status-publish","5":"product_cat-okategoriserad","7":"first","8":"instock","9":"shipping-taxable","10":"product-type-simple"},"_links":{"self":[{"href":"https:\/\/nordicmart.andreevmaster.com\/sv\/wp-json\/wp\/v2\/product\/19260","targetHints":{"allow":["GET"]}}],"collection":[{"href":"https:\/\/nordicmart.andreevmaster.com\/sv\/wp-json\/wp\/v2\/product"}],"about":[{"href":"https:\/\/nordicmart.andreevmaster.com\/sv\/wp-json\/wp\/v2\/types\/product"}],"replies":[{"embeddable":true,"href":"https:\/\/nordicmart.andreevmaster.com\/sv\/wp-json\/wp\/v2\/comments?post=19260"}],"wp:attachment":[{"href":"https:\/\/nordicmart.andreevmaster.com\/sv\/wp-json\/wp\/v2\/media?parent=19260"}],"wp:term":[{"taxonomy":"product_brand","embeddable":true,"href":"https:\/\/nordicmart.andreevmaster.com\/sv\/wp-json\/wp\/v2\/product_brand?post=19260"},{"taxonomy":"product_cat","embeddable":true,"href":"https:\/\/nordicmart.andreevmaster.com\/sv\/wp-json\/wp\/v2\/product_cat?post=19260"},{"taxonomy":"product_tag","embeddable":true,"href":"https:\/\/nordicmart.andreevmaster.com\/sv\/wp-json\/wp\/v2\/product_tag?post=19260"}],"curies":[{"name":"wp","href":"https:\/\/api.w.org\/{rel}","templated":true}]}}