{"id":19259,"date":"2026-02-27T00:43:49","date_gmt":"2026-02-27T00:43:49","guid":{"rendered":"https:\/\/nordicmart.andreevmaster.com\/product\/songmics-skostall-med-lock-58-cm-gra\/"},"modified":"2026-02-27T08:31:29","modified_gmt":"2026-02-27T08:31:29","slug":"songmics-skostall-med-lock-58-cm-gra","status":"publish","type":"product","link":"https:\/\/nordicmart.andreevmaster.com\/sv\/produkt\/songmics-skostall-med-lock-58-cm-gra\/","title":{"rendered":"SONGMICS skost\u00e4ll med lock 58 cm gr\u00e5"},"content":{"rendered":"<p>Oavsett om det \u00e4r i garderoben, i hallen eller i sovrummet: det eleganta skosk\u00e5pet passar in i alla milj\u00f6er. P\u00e5 varje skohylla f\u00e5r 3 par damskor eller 2 par herrskor plats. D\u00f6rrgardinen med kardborreband och dragkedjor skyddar dina skor fr\u00e5n damm och smuts. Dina skor kommer aldrig mer att ligga utspridda, utan st\u00e5r ordentligt uppst\u00e4llda p\u00e5 din nya hylla. Allt \u00e4r snyggt och \u00f6versk\u00e5dligt. Produktdetaljer: &#8211; Material: fleece-tyg, st\u00e5lr\u00f6r &#8211; F\u00e4rg: gr\u00e5 &#8211; M\u00e5tt: 58 x 160 x 28 cm (B x H x D) &#8211; M\u00e5tt f\u00f6r varje niv\u00e5: 58 x 27 x 17 cm &#8211; F\u00f6rpackningsm\u00e5tt: 57 x 21 x 10 cm &#8211; Vikt: 2,4 kg Anvisningar:  &#8211; Produkten ska skyddas fr\u00e5n direkt solljus, annars kan livsl\u00e4ngden f\u00f6rkortas. F\u00f6rvara den p\u00e5 en sval och torr plats f\u00f6r att f\u00f6rhindra m\u00f6gel. &#8211; Undvik att packa upp och montera produkten med v\u00e5ld.  &#8211; Om du st\u00f6ter p\u00e5 problem vid monteringen, kontakta v\u00e5r kundtj\u00e4nst s\u00e5 hj\u00e4lper vi dig g\u00e4rna att l\u00f6sa problemen eller erbjuder dig gratis reservdelar.  &#8211; Om du vill f\u00f6rvara st\u00f6vlar, ankelskor, sn\u00f6st\u00f6vlar eller klumpiga skor i skost\u00e4llet  ska du antingen l\u00e4gga dem liggande eller helt enkelt utel\u00e4mna en eller tv\u00e5 hyllplan vid monteringen  , vilket inte p\u00e5verkar stabiliteten. Leveransomfattning:  &#8211; 1 x skost\u00e4ll med monteringsanvisning<\/p>\n","protected":false},"excerpt":{"rendered":"<p>SONGMICS 10-lagers dammt\u00e4tt skost\u00e4ll Skost\u00e4ll f\u00f6r ca 27 par skor Skosk\u00e5p Hyllor 160 x 58 x 28 cm ljusbrunt RXJ10K<\/p>\n","protected":false},"featured_media":46196,"comment_status":"open","ping_status":"closed","template":"","meta":[],"product_brand":[],"product_cat":[33],"product_tag":[],"class_list":{"0":"post-19259","1":"product","2":"type-product","3":"status-publish","4":"has-post-thumbnail","6":"product_cat-okategoriserad","8":"first","9":"instock","10":"shipping-taxable","11":"purchasable","12":"product-type-simple"},"_links":{"self":[{"href":"https:\/\/nordicmart.andreevmaster.com\/sv\/wp-json\/wp\/v2\/product\/19259","targetHints":{"allow":["GET"]}}],"collection":[{"href":"https:\/\/nordicmart.andreevmaster.com\/sv\/wp-json\/wp\/v2\/product"}],"about":[{"href":"https:\/\/nordicmart.andreevmaster.com\/sv\/wp-json\/wp\/v2\/types\/product"}],"replies":[{"embeddable":true,"href":"https:\/\/nordicmart.andreevmaster.com\/sv\/wp-json\/wp\/v2\/comments?post=19259"}],"wp:featuredmedia":[{"embeddable":true,"href":"https:\/\/nordicmart.andreevmaster.com\/sv\/wp-json\/wp\/v2\/media\/46196"}],"wp:attachment":[{"href":"https:\/\/nordicmart.andreevmaster.com\/sv\/wp-json\/wp\/v2\/media?parent=19259"}],"wp:term":[{"taxonomy":"product_brand","embeddable":true,"href":"https:\/\/nordicmart.andreevmaster.com\/sv\/wp-json\/wp\/v2\/product_brand?post=19259"},{"taxonomy":"product_cat","embeddable":true,"href":"https:\/\/nordicmart.andreevmaster.com\/sv\/wp-json\/wp\/v2\/product_cat?post=19259"},{"taxonomy":"product_tag","embeddable":true,"href":"https:\/\/nordicmart.andreevmaster.com\/sv\/wp-json\/wp\/v2\/product_tag?post=19259"}],"curies":[{"name":"wp","href":"https:\/\/api.w.org\/{rel}","templated":true}]}}