{"id":19258,"date":"2026-02-27T00:43:48","date_gmt":"2026-02-27T00:43:48","guid":{"rendered":"https:\/\/nordicmart.andreevmaster.com\/product\/songmics-skostall-med-tygkladsel\/"},"modified":"2026-02-27T08:31:29","modified_gmt":"2026-02-27T08:31:29","slug":"songmics-skostall-med-tygkladsel","status":"publish","type":"product","link":"https:\/\/nordicmart.andreevmaster.com\/sv\/produkt\/songmics-skostall-med-tygkladsel\/","title":{"rendered":"SONGMICS skost\u00e4ll med tygkl\u00e4dsel"},"content":{"rendered":"<p>F\u00f6redrar du ordning framf\u00f6r skokos? Unna dig detta skost\u00e4ll fr\u00e5n SONGMICS \u2013 d\u00e5 \u00e4r halva jobbet gjort f\u00f6r mer ordning! Det hj\u00e4lper dig att f\u00f6rvara alla dina skor p\u00e5 ett snyggt s\u00e4tt. Metallramen ger god stabilitet. \u00c4r dina sneakers r\u00e4dda f\u00f6r damm? H\u00e4r finns hj\u00e4lp! Tyg\u00f6verdraget \u00e4r ett optimalt skydd. Din tid \u00e4r dyrbar! Vill du reng\u00f6ra detta tygsk\u00e5p? F\u00f6r detta beh\u00f6ver du bara torka av ytan med en trasa. Det g\u00e5r snabbt! Vill du ha p\u00e5 dig de vita sneakersen idag? Ta bara ut skorna ur sk\u00e5pet. Alla dina skor kan f\u00f6rvaras snyggt och \u00f6versk\u00e5dligt h\u00e4r. Det g\u00e5r v\u00e4ldigt snabbt! Produktdetaljer: &#8211; F\u00e4rg: Gr\u00e5 &#8211; Material: Non-woven tyg, metallr\u00f6r, plastkoppling &#8211; Storlek: 46 x 28 x 126 cm (L x B x H) &#8211; Vikt: 1,6 kg &#8211; Max. statisk belastningskapacitet per niv\u00e5: 3 kg &#8211; Max. statisk belastningskapacitet totalt: 21 kg Leveransomfattning:- 1 x skost\u00e4ll &#8211; 1 x tippskydd &#8211; 1 x bruksanvisning (DE, EN, FR, ES, IT) SONGMICS Anm\u00e4rkningar: &#8211; Anv\u00e4nd inte produkten utomhus. &#8211; Av s\u00e4kerhetssk\u00e4l \u00e4r det f\u00f6rbjudet f\u00f6r barn att kl\u00e4ttra p\u00e5 eller leka med produkten. &#8211; F\u00e4st produkten p\u00e5 v\u00e4ggen med det medf\u00f6ljande tippskyddet f\u00f6r att garantera s\u00e4ker anv\u00e4ndning.<\/p>\n","protected":false},"excerpt":{"rendered":"<p>SONGMICS skohylla, skosk\u00e5p, 7 niv\u00e5er, med tyg\u00f6verdrag, rymlig, tygsk\u00e5p, skof\u00f6rvaring, 46 x 28 x 126 cm (L x B x H), gr\u00e5 RXJ024G02<\/p>\n","protected":false},"featured_media":46195,"comment_status":"open","ping_status":"closed","template":"","meta":[],"product_brand":[],"product_cat":[33],"product_tag":[],"class_list":{"0":"post-19258","1":"product","2":"type-product","3":"status-publish","4":"has-post-thumbnail","6":"product_cat-okategoriserad","8":"first","9":"instock","10":"shipping-taxable","11":"purchasable","12":"product-type-simple"},"_links":{"self":[{"href":"https:\/\/nordicmart.andreevmaster.com\/sv\/wp-json\/wp\/v2\/product\/19258","targetHints":{"allow":["GET"]}}],"collection":[{"href":"https:\/\/nordicmart.andreevmaster.com\/sv\/wp-json\/wp\/v2\/product"}],"about":[{"href":"https:\/\/nordicmart.andreevmaster.com\/sv\/wp-json\/wp\/v2\/types\/product"}],"replies":[{"embeddable":true,"href":"https:\/\/nordicmart.andreevmaster.com\/sv\/wp-json\/wp\/v2\/comments?post=19258"}],"wp:featuredmedia":[{"embeddable":true,"href":"https:\/\/nordicmart.andreevmaster.com\/sv\/wp-json\/wp\/v2\/media\/46195"}],"wp:attachment":[{"href":"https:\/\/nordicmart.andreevmaster.com\/sv\/wp-json\/wp\/v2\/media?parent=19258"}],"wp:term":[{"taxonomy":"product_brand","embeddable":true,"href":"https:\/\/nordicmart.andreevmaster.com\/sv\/wp-json\/wp\/v2\/product_brand?post=19258"},{"taxonomy":"product_cat","embeddable":true,"href":"https:\/\/nordicmart.andreevmaster.com\/sv\/wp-json\/wp\/v2\/product_cat?post=19258"},{"taxonomy":"product_tag","embeddable":true,"href":"https:\/\/nordicmart.andreevmaster.com\/sv\/wp-json\/wp\/v2\/product_tag?post=19258"}],"curies":[{"name":"wp","href":"https:\/\/api.w.org\/{rel}","templated":true}]}}