{"id":19256,"date":"2026-02-27T00:43:48","date_gmt":"2026-02-27T00:43:48","guid":{"rendered":"https:\/\/nordicmart.andreevmaster.com\/product\/10-vanings-skohylla-skohylla-for-upp-till-54-par-skor-fristaende-forvaringsorganiserare-skap-100-x-28-x-162-cm-svart-rxj00h\/"},"modified":"2026-02-27T08:31:28","modified_gmt":"2026-02-27T08:31:28","slug":"10-vanings-skohylla-skohylla-for-upp-till-54-par-skor-fristaende-forvaringsorganiserare-skap-100-x-28-x-162-cm-svart-rxj00h","status":"publish","type":"product","link":"https:\/\/nordicmart.andreevmaster.com\/sv\/produkt\/10-vanings-skohylla-skohylla-for-upp-till-54-par-skor-fristaende-forvaringsorganiserare-skap-100-x-28-x-162-cm-svart-rxj00h\/","title":{"rendered":"10-v\u00e5nings skohylla, skohylla f\u00f6r upp till 54 par skor, frist\u00e5ende f\u00f6rvaringsorganiserare, sk\u00e5p, 100 x 28 x 162 cm, svart RXJ00H"},"content":{"rendered":"<p>H\u00f6gkvalitativa st\u00e5lr\u00f6r och plastkopplingar \u2013 med en sl\u00e4t yta \u00e4r st\u00e5lr\u00f6ren rostbest\u00e4ndiga och slitstarka. Plastkopplingarna \u00e4r mycket stabila<\/p>\n<p>Vattent\u00e4ta hyllor \u2013 \u00d6verdraget av icke-v\u00e4vt tyg \u00e4r andningsbart och fuktbest\u00e4ndigt. De 10 hyllorna, som \u00e4r laminerade med polypropenfilm, s\u00e4kerst\u00e4ller v\u00e4l ventilerade skor och ger ditt hem en snygg och st\u00e4dad atmosf\u00e4r. L\u00e4tt att reng\u00f6ra<\/p>\n<p>Praktiskt d\u00f6rrgardin &#8211; Det rullade gardinet \u00e4r f\u00e4st med kardborreband. De vita blixtl\u00e5sen g\u00f6r det enkelt att \u00f6ppna och st\u00e4nga d\u00f6rren. Dessutom garanterar d\u00f6rrh\u00e4nget dammfri f\u00f6rvaring av skorna och h\u00e5ller nyfikna blickar borta. <\/p>\n<p>Uppfyller sitt syfte perfekt \u2013 DIY-design. L\u00e4tt och \u00e4nd\u00e5 robust. Tillr\u00e4ckligt med plats f\u00f6r flera typer av skor, t.ex. h\u00f6gklackade skor, ballerinaskor, barnskor osv. Kan \u00e4ven f\u00f6rvara handskar, filtar, s\u00e4ngkl\u00e4der. Med 2 fickor (14 x 14 cm) p\u00e5 b\u00e5da sidor \u00e4r det \u00e4ven m\u00f6jligt att f\u00f6rvara skoborstar, handv\u00e4skor, skohorn osv.M\u00e5ngsidig anv\u00e4ndning: Oavsett om det \u00e4r i k\u00e4llaren, p\u00e5 barnrummet, i sovrummet, p\u00e5 vinden eller p\u00e5 campingen, \u00e4r dina skor alltid v\u00e4l f\u00f6rvarade i det b\u00e4rbara skosk\u00e5pet. Sk\u00e5pet \u00e4r mycket utrymmesbesparande, s\u00e5 det passar in i alla h\u00f6rn. L\u00e4tt att damma av och reng\u00f6ra<\/p>\n<p>Ta med dig denna skohylla hem och piffa upp ditt hem. SONGMICS kommer aldrig att svika dig! R\u00e4dda ditt hem fr\u00e5n skokos: Dina h\u00f6gklackade skor, din partners st\u00f6vlar och dina barns skor ligger utspridda \u00f6ver hela golvet, vilket g\u00f6r det sv\u00e5rt f\u00f6r dig att hitta r\u00e4tt par n\u00e4r du l\u00e4mnar huset p\u00e5 morgonen? Fr\u00e5n och med idag \u00e4r det slut med letandet! Denna skohylla hj\u00e4lper dig att organisera alla dina skor. \u00c4ntligen f\u00e5r skor som har varit g\u00f6mda under en h\u00f6g med skor under l\u00e5ng tid en chans att anv\u00e4ndas igen! Vad ska man g\u00f6ra om tyghyllan blir smutsig? Det beh\u00f6ver du inte oroa dig f\u00f6r! Det icke-v\u00e4vda tyget \u00e4r l\u00e4tt att underh\u00e5lla och vattenavvisande, en fuktig trasa \u00e4r allt du beh\u00f6ver f\u00f6r att reng\u00f6ra det. Produktdetaljer: F\u00e4rg: Svart Material: Icke-v\u00e4vt tyg, metallr\u00f6r, plastf\u00f6rband Avst\u00e5nd mellan hyllor: 17 cm Storlek: 100 x 28 x 162 cm (L x B x H)Vikt: 4,4 kgMax. statisk belastningskapacitet per hylla: 3 kgMax. statisk belastningskapacitet f\u00f6r hela hyllan: 27 kgLeveransomf\u00e5ng:1 x skost\u00e4ll1 x bruksanvisning (DE, EN, FR, ES, IT)SONGMICS r\u00e5d:Anv\u00e4nd inte produkten utomhus.<\/p>\n","protected":false},"excerpt":{"rendered":"<p>H\u00f6gkvalitativa st\u00e5lr\u00f6r och plastkopplingar \u2013 med en sl\u00e4t yta \u00e4r st\u00e5lr\u00f6ren rostbest\u00e4ndiga och slitstarka. Plastkopplingarna \u00e4r mycket stabila Vattent\u00e4ta hyllor \u2013 \u00d6verdraget av icke-v\u00e4vt tyg \u00e4r andningsbart och fuktbest\u00e4ndigt. De 10 hyllorna, som \u00e4r laminerade med polypropenfilm, s\u00e4kerst\u00e4ller v\u00e4l ventilerade skor och ger ditt hem en snygg och st\u00e4dad atmosf\u00e4r. L\u00e4tt att reng\u00f6ra Praktiskt d\u00f6rrgardin [&hellip;]<\/p>\n","protected":false},"featured_media":0,"comment_status":"open","ping_status":"closed","template":"","meta":[],"product_brand":[],"product_cat":[33],"product_tag":[],"class_list":{"0":"post-19256","1":"product","2":"type-product","3":"status-publish","5":"product_cat-okategoriserad","7":"first","8":"instock","9":"shipping-taxable","10":"product-type-simple"},"_links":{"self":[{"href":"https:\/\/nordicmart.andreevmaster.com\/sv\/wp-json\/wp\/v2\/product\/19256","targetHints":{"allow":["GET"]}}],"collection":[{"href":"https:\/\/nordicmart.andreevmaster.com\/sv\/wp-json\/wp\/v2\/product"}],"about":[{"href":"https:\/\/nordicmart.andreevmaster.com\/sv\/wp-json\/wp\/v2\/types\/product"}],"replies":[{"embeddable":true,"href":"https:\/\/nordicmart.andreevmaster.com\/sv\/wp-json\/wp\/v2\/comments?post=19256"}],"wp:attachment":[{"href":"https:\/\/nordicmart.andreevmaster.com\/sv\/wp-json\/wp\/v2\/media?parent=19256"}],"wp:term":[{"taxonomy":"product_brand","embeddable":true,"href":"https:\/\/nordicmart.andreevmaster.com\/sv\/wp-json\/wp\/v2\/product_brand?post=19256"},{"taxonomy":"product_cat","embeddable":true,"href":"https:\/\/nordicmart.andreevmaster.com\/sv\/wp-json\/wp\/v2\/product_cat?post=19256"},{"taxonomy":"product_tag","embeddable":true,"href":"https:\/\/nordicmart.andreevmaster.com\/sv\/wp-json\/wp\/v2\/product_tag?post=19256"}],"curies":[{"name":"wp","href":"https:\/\/api.w.org\/{rel}","templated":true}]}}