{"id":19255,"date":"2026-02-27T00:43:47","date_gmt":"2026-02-27T00:43:47","guid":{"rendered":"https:\/\/nordicmart.andreevmaster.com\/product\/songmics-skostall-med-10-hyllplan\/"},"modified":"2026-02-27T08:31:28","modified_gmt":"2026-02-27T08:31:28","slug":"songmics-skostall-med-10-hyllplan","status":"publish","type":"product","link":"https:\/\/nordicmart.andreevmaster.com\/sv\/produkt\/songmics-skostall-med-10-hyllplan\/","title":{"rendered":"SONGMICS skost\u00e4ll med 10 hyllplan"},"content":{"rendered":"<p>Skaffa detta skost\u00e4ll till ditt hem och f\u00e5 ordning p\u00e5 din l\u00e4genhet. SONGMICS kommer aldrig att svika dig! R\u00e4dda ditt hem fr\u00e5n skokos: Ligger dina h\u00f6gklackade skor, din partners st\u00f6vlar och dina barns skor utspridda p\u00e5 golvet, s\u00e5 att du har sv\u00e5rt att hitta r\u00e4tt par n\u00e4r du l\u00e4mnar huset p\u00e5 morgonen? Fr\u00e5n och med idag \u00e4r det slut p\u00e5 letandet! Denna skohylla hj\u00e4lper dig att f\u00f6rvara alla dina skor p\u00e5 ett \u00f6versk\u00e5dligt s\u00e4tt. \u00c4ntligen f\u00e5r skor som l\u00e4nge varit g\u00f6mda under en h\u00f6g med skor en chans att b\u00e4ras igen! Vad ska du g\u00f6ra om tyg\u00f6verdraget blir smutsigt? Ingen fara! Fleece-tyget \u00e4r l\u00e4ttsk\u00f6tt och vattenavvisande, en fuktig trasa r\u00e4cker f\u00f6r att reng\u00f6ra det. Produktdetaljer: F\u00e4rg: Gr\u00e5 Material: Fleece-tyg, metallr\u00f6r, plastkopplingar Avst\u00e5nd mellan hyllorna: 17 cm Storlek: 100 x 28 x 162 cm (L x B x H) Vikt: 4,4 kg Max. statisk belastningskapacitet per hylla: 3 kg Max. statisk belastningskapacitet f\u00f6r hela hyllan: 27 kg Leveransomfattning: 1 x skohylla 1 x bruksanvisning (DE, EN, FR, ES, IT) SONGMICS Anm\u00e4rkningar: Anv\u00e4nd inte produkten utomhus.<\/p>\n","protected":false},"excerpt":{"rendered":"<p>SONGMICS 10-niv\u00e5ers skost\u00e4ll f\u00f6r 54 par skor Skosk\u00e5p Tygsk\u00e5p svart 100 x 28 x 162 cm RXJ00H<\/p>\n","protected":false},"featured_media":46193,"comment_status":"open","ping_status":"closed","template":"","meta":[],"product_brand":[],"product_cat":[33],"product_tag":[],"class_list":{"0":"post-19255","1":"product","2":"type-product","3":"status-publish","4":"has-post-thumbnail","6":"product_cat-okategoriserad","8":"first","9":"instock","10":"shipping-taxable","11":"purchasable","12":"product-type-simple"},"_links":{"self":[{"href":"https:\/\/nordicmart.andreevmaster.com\/sv\/wp-json\/wp\/v2\/product\/19255","targetHints":{"allow":["GET"]}}],"collection":[{"href":"https:\/\/nordicmart.andreevmaster.com\/sv\/wp-json\/wp\/v2\/product"}],"about":[{"href":"https:\/\/nordicmart.andreevmaster.com\/sv\/wp-json\/wp\/v2\/types\/product"}],"replies":[{"embeddable":true,"href":"https:\/\/nordicmart.andreevmaster.com\/sv\/wp-json\/wp\/v2\/comments?post=19255"}],"wp:featuredmedia":[{"embeddable":true,"href":"https:\/\/nordicmart.andreevmaster.com\/sv\/wp-json\/wp\/v2\/media\/46193"}],"wp:attachment":[{"href":"https:\/\/nordicmart.andreevmaster.com\/sv\/wp-json\/wp\/v2\/media?parent=19255"}],"wp:term":[{"taxonomy":"product_brand","embeddable":true,"href":"https:\/\/nordicmart.andreevmaster.com\/sv\/wp-json\/wp\/v2\/product_brand?post=19255"},{"taxonomy":"product_cat","embeddable":true,"href":"https:\/\/nordicmart.andreevmaster.com\/sv\/wp-json\/wp\/v2\/product_cat?post=19255"},{"taxonomy":"product_tag","embeddable":true,"href":"https:\/\/nordicmart.andreevmaster.com\/sv\/wp-json\/wp\/v2\/product_tag?post=19255"}],"curies":[{"name":"wp","href":"https:\/\/api.w.org\/{rel}","templated":true}]}}