{"id":19254,"date":"2026-02-27T00:43:47","date_gmt":"2026-02-27T00:43:47","guid":{"rendered":"https:\/\/nordicmart.andreevmaster.com\/product\/songmics-forvaringspase-rod\/"},"modified":"2026-02-27T08:31:28","modified_gmt":"2026-02-27T08:31:28","slug":"songmics-forvaringspase-rod","status":"publish","type":"product","link":"https:\/\/nordicmart.andreevmaster.com\/sv\/produkt\/songmics-forvaringspase-rod\/","title":{"rendered":"SONGMICS f\u00f6rvaringsp\u00e5se r\u00f6d"},"content":{"rendered":"<p>Varje \u00e5r&#8230; jul, f\u00f6delsedagar, mors dag och fars dag. Presenten \u00e4r klar, nu saknas bara den sista finputsen med r\u00e4tt presentpapper. Men var var det nu igen? Dammigt i springan bredvid sk\u00e5pet eller skrynkligt i en l\u00e5da? Vi har en praktisk l\u00f6sning p\u00e5 det! Den h\u00e4ngande organisat\u00f6ren med m\u00e5nga sm\u00e5 fickor f\u00f6rvarar presentpapper s\u00e4kert och skapar ordning. Ge mer, ta mindre H\u00e4ng denna h\u00e5llbara f\u00f6rvaringsp\u00e5se p\u00e5 en d\u00f6rr eller i sk\u00e5pet f\u00f6r att skapa plats f\u00f6r ditt presentpapper. N\u00e4r den inte anv\u00e4nds kan produkten enkelt vikas ihop och f\u00f6rvaras p\u00e5 ett utrymmesbesparande s\u00e4tt. Produktdetaljer: &#8211; F\u00e4rg: r\u00f6d &#8211; Material: PVC-plast, 600D Oxford-tyg &#8211; Storlek: 59,1 x 118,8 cm (L x B) &#8211; Vikt: 0,8 kg &#8211; Max. statisk belastningskapacitet: 3 kg Leveransomfattning:- 1 x f\u00f6rvaringsv\u00e4ska &#8211; 1 x d\u00f6rrkrok &#8211; 1 x h\u00e4ngare SONGICs anvisningar: &#8211; Om produkten har en &#8221;ny&#8221; lukt efter uppackningen, placera den d\u00e5 p\u00e5 en v\u00e4l ventilerad plats under en kort tid. &#8211; Uts\u00e4tt inte produkten f\u00f6r intensivt solljus under en l\u00e4ngre tid. &#8211; Anv\u00e4nd produkten p\u00e5 en torr plats.<\/p>\n","protected":false},"excerpt":{"rendered":"<p>SONGMICS f\u00f6rvaringsp\u00e5se f\u00f6r presentpapper, h\u00e4ngande f\u00f6rvaringssystem, f\u00f6rvaring av presentpapper, dubbelsidig, f\u00f6r presentpappersrullar upp till 100 cm, affischer, jul, r\u00f6d RXH001R01<\/p>\n","protected":false},"featured_media":46192,"comment_status":"open","ping_status":"closed","template":"","meta":[],"product_brand":[],"product_cat":[33],"product_tag":[],"class_list":{"0":"post-19254","1":"product","2":"type-product","3":"status-publish","4":"has-post-thumbnail","6":"product_cat-okategoriserad","8":"first","9":"instock","10":"shipping-taxable","11":"purchasable","12":"product-type-simple"},"_links":{"self":[{"href":"https:\/\/nordicmart.andreevmaster.com\/sv\/wp-json\/wp\/v2\/product\/19254","targetHints":{"allow":["GET"]}}],"collection":[{"href":"https:\/\/nordicmart.andreevmaster.com\/sv\/wp-json\/wp\/v2\/product"}],"about":[{"href":"https:\/\/nordicmart.andreevmaster.com\/sv\/wp-json\/wp\/v2\/types\/product"}],"replies":[{"embeddable":true,"href":"https:\/\/nordicmart.andreevmaster.com\/sv\/wp-json\/wp\/v2\/comments?post=19254"}],"wp:featuredmedia":[{"embeddable":true,"href":"https:\/\/nordicmart.andreevmaster.com\/sv\/wp-json\/wp\/v2\/media\/46192"}],"wp:attachment":[{"href":"https:\/\/nordicmart.andreevmaster.com\/sv\/wp-json\/wp\/v2\/media?parent=19254"}],"wp:term":[{"taxonomy":"product_brand","embeddable":true,"href":"https:\/\/nordicmart.andreevmaster.com\/sv\/wp-json\/wp\/v2\/product_brand?post=19254"},{"taxonomy":"product_cat","embeddable":true,"href":"https:\/\/nordicmart.andreevmaster.com\/sv\/wp-json\/wp\/v2\/product_cat?post=19254"},{"taxonomy":"product_tag","embeddable":true,"href":"https:\/\/nordicmart.andreevmaster.com\/sv\/wp-json\/wp\/v2\/product_tag?post=19254"}],"curies":[{"name":"wp","href":"https:\/\/api.w.org\/{rel}","templated":true}]}}