{"id":19253,"date":"2026-02-27T00:43:47","date_gmt":"2026-02-27T00:43:47","guid":{"rendered":"https:\/\/nordicmart.andreevmaster.com\/product\/songmics-forvaringslador-3-pack-roda\/"},"modified":"2026-02-27T08:31:28","modified_gmt":"2026-02-27T08:31:28","slug":"songmics-forvaringslador-3-pack-roda","status":"publish","type":"product","link":"https:\/\/nordicmart.andreevmaster.com\/sv\/produkt\/songmics-forvaringslador-3-pack-roda\/","title":{"rendered":"SONGMICS f\u00f6rvaringsl\u00e5dor, 3-pack, r\u00f6da"},"content":{"rendered":"<p>F\u00e5 ordning p\u00e5 ditt hem V\u00e4skor p\u00e5 stolen, strumpor och skor i ett h\u00f6rn, kl\u00e4dh\u00f6gar p\u00e5 s\u00e4ngen \u2013 r\u00e5der det kaos i din l\u00e4genhet och \u00e4r dina favoritkl\u00e4der ofta om\u00f6jliga att hitta? Unna dig dessa 3 f\u00f6rvaringsl\u00e5dor och h\u00e5ll kaoset i schack! Etiketterna hj\u00e4lper dig att enkelt hitta de f\u00f6rem\u00e5l som f\u00f6rvaras i l\u00e5dorna \u2013 det r\u00e4cker med en blick! Festlig julst\u00e4mning hela \u00e5ret! St\u00e4ll dessa f\u00f6rvaringsl\u00e5dor med julmotiv i din garderob \u2013 kombinationen av r\u00f6tt, gr\u00f6nt och sn\u00f6flingem\u00f6nster ger den en s\u00f6t julk\u00e4nsla. S\u00e5 \u00e4r det jul i din garderob hela \u00e5ret! I dessa l\u00e5dor kan du f\u00f6rvara kl\u00e4der, juldekorationer eller leksaker. Produktdetaljer: &#8211; F\u00e4rg: r\u00f6d &#8211; Material: kartong, non-woven-storlek per l\u00e5da: 30 x 40 x 25 cm (L x B x H) &#8211; Totalvikt f\u00f6r de 3 l\u00e5dorna: 2,3 kg &#8211; Max. statisk belastningskapacitet per l\u00e5da: 5 kg Leveransomfattning:- 3 x f\u00f6rvaringsl\u00e5da &#8211; 3 x bottenplatta &#8211; 3 x etikett SONGMICS Anm\u00e4rkningar: &#8211; Den maximala statiska belastningskapaciteten per l\u00e5da \u00e4r 5 kg. F\u00f6rvara inte tyngre f\u00f6rem\u00e5l i produkten. &#8211; Tv\u00e4tta inte produkten direkt med vatten. Torka av den med en fuktig trasa f\u00f6r att ta bort smuts.- Det kan h\u00e4nda att produkten har en svag lukt n\u00e4r du packar upp den. Placera den i s\u00e5 fall p\u00e5 en v\u00e4l ventilerad plats. Lukten f\u00f6rsvinner efter en kort stund. &#8211; Uts\u00e4tt inte produkten f\u00f6r direkt solljus eller h\u00f6g luftfuktighet under en l\u00e4ngre tid.<\/p>\n","protected":false},"excerpt":{"rendered":"<p>SONGMICS f\u00f6rvaringsl\u00e5dor med lock, 3-pack, vikbara l\u00e5dor med etikettficka och etiketter, f\u00f6r julen, tygl\u00e5dor, garderob, 30 x 40 x 25 cm, med sn\u00f6flingor, r\u00f6d RXFB03G<\/p>\n","protected":false},"featured_media":46191,"comment_status":"open","ping_status":"closed","template":"","meta":[],"product_brand":[],"product_cat":[33],"product_tag":[],"class_list":{"0":"post-19253","1":"product","2":"type-product","3":"status-publish","4":"has-post-thumbnail","6":"product_cat-okategoriserad","8":"first","9":"instock","10":"shipping-taxable","11":"purchasable","12":"product-type-simple"},"_links":{"self":[{"href":"https:\/\/nordicmart.andreevmaster.com\/sv\/wp-json\/wp\/v2\/product\/19253","targetHints":{"allow":["GET"]}}],"collection":[{"href":"https:\/\/nordicmart.andreevmaster.com\/sv\/wp-json\/wp\/v2\/product"}],"about":[{"href":"https:\/\/nordicmart.andreevmaster.com\/sv\/wp-json\/wp\/v2\/types\/product"}],"replies":[{"embeddable":true,"href":"https:\/\/nordicmart.andreevmaster.com\/sv\/wp-json\/wp\/v2\/comments?post=19253"}],"wp:featuredmedia":[{"embeddable":true,"href":"https:\/\/nordicmart.andreevmaster.com\/sv\/wp-json\/wp\/v2\/media\/46191"}],"wp:attachment":[{"href":"https:\/\/nordicmart.andreevmaster.com\/sv\/wp-json\/wp\/v2\/media?parent=19253"}],"wp:term":[{"taxonomy":"product_brand","embeddable":true,"href":"https:\/\/nordicmart.andreevmaster.com\/sv\/wp-json\/wp\/v2\/product_brand?post=19253"},{"taxonomy":"product_cat","embeddable":true,"href":"https:\/\/nordicmart.andreevmaster.com\/sv\/wp-json\/wp\/v2\/product_cat?post=19253"},{"taxonomy":"product_tag","embeddable":true,"href":"https:\/\/nordicmart.andreevmaster.com\/sv\/wp-json\/wp\/v2\/product_tag?post=19253"}],"curies":[{"name":"wp","href":"https:\/\/api.w.org\/{rel}","templated":true}]}}