{"id":19252,"date":"2026-02-27T00:43:47","date_gmt":"2026-02-27T00:43:47","guid":{"rendered":"https:\/\/nordicmart.andreevmaster.com\/product\/songmics-6-hyllors-skoskap\/"},"modified":"2026-02-27T08:31:28","modified_gmt":"2026-02-27T08:31:28","slug":"songmics-6-hyllors-skoskap","status":"publish","type":"product","link":"https:\/\/nordicmart.andreevmaster.com\/sv\/produkt\/songmics-6-hyllors-skoskap\/","title":{"rendered":"SONGMICS 6-hyllors skosk\u00e5p"},"content":{"rendered":"<p>Oavsett om det \u00e4r i garderoben, i hallen eller i sovrummet: det eleganta skosk\u00e5pet passar in i alla milj\u00f6er. D\u00f6rren med handtag och magneter skyddar dina skor fr\u00e5n damm och smuts. S\u00e5 kommer dina skor aldrig mer att ligga utspridda \u00f6verallt, utan st\u00e5 ordentligt uppst\u00e4llda p\u00e5 din nya hylla. Allt \u00e4r snyggt och \u00f6versk\u00e5dligt. Produktdetaljer:  &#8211; F\u00e4rg: svart  &#8211; M\u00e5tt: 61 x 89 x 28 cm (B x H x D) &#8211; H\u00f6jd p\u00e5 varje fack: 17 cm &#8211; F\u00f6rpackningsm\u00e5tt: 96 x 36 x 6,5 cm &#8211; Vikt: 2,3 kg Anvisningar: 1. Produkten ska skyddas fr\u00e5n direkt solljus, annars kan livsl\u00e4ngden f\u00f6rkortas. F\u00f6rvara den p\u00e5 en sval och torr plats f\u00f6r att f\u00f6rhindra m\u00f6gel. 2. Undvik att packa upp och montera produkten med v\u00e5ld. 3. Om du st\u00f6ter p\u00e5 problem vid monteringen, kontakta v\u00e5r kundtj\u00e4nst s\u00e5 hj\u00e4lper vi dig g\u00e4rna att l\u00f6sa problemen eller erbjuder dig gratis reservdelar. 4. Om du vill f\u00f6rvara st\u00f6vlar, ankelskor, sn\u00f6st\u00f6vlar eller klumpiga skor i skosk\u00e5pet, l\u00e4gg dem antingen liggande eller l\u00e5t helt enkelt en eller tv\u00e5 hyllor vara tomma vid monteringen, vilket inte p\u00e5verkar stabiliteten. 5. \u00d6verdraget av fleece-tyg \u00e4r inte tv\u00e4ttbart i vatten. Leveransomfattning: 1 x skosk\u00e5p med instruktioner<\/p>\n","protected":false},"excerpt":{"rendered":"<p>SONGMICS 6-niv\u00e5ers skosk\u00e5p Skof\u00f6rvaring Skost\u00e4ll Skost\u00e4ll med d\u00f6rr Svart 61 x 89 x 28 cm (B x H x D) RXA16H<\/p>\n","protected":false},"featured_media":46190,"comment_status":"open","ping_status":"closed","template":"","meta":[],"product_brand":[],"product_cat":[33],"product_tag":[],"class_list":{"0":"post-19252","1":"product","2":"type-product","3":"status-publish","4":"has-post-thumbnail","6":"product_cat-okategoriserad","8":"first","9":"instock","10":"shipping-taxable","11":"purchasable","12":"product-type-simple"},"_links":{"self":[{"href":"https:\/\/nordicmart.andreevmaster.com\/sv\/wp-json\/wp\/v2\/product\/19252","targetHints":{"allow":["GET"]}}],"collection":[{"href":"https:\/\/nordicmart.andreevmaster.com\/sv\/wp-json\/wp\/v2\/product"}],"about":[{"href":"https:\/\/nordicmart.andreevmaster.com\/sv\/wp-json\/wp\/v2\/types\/product"}],"replies":[{"embeddable":true,"href":"https:\/\/nordicmart.andreevmaster.com\/sv\/wp-json\/wp\/v2\/comments?post=19252"}],"wp:featuredmedia":[{"embeddable":true,"href":"https:\/\/nordicmart.andreevmaster.com\/sv\/wp-json\/wp\/v2\/media\/46190"}],"wp:attachment":[{"href":"https:\/\/nordicmart.andreevmaster.com\/sv\/wp-json\/wp\/v2\/media?parent=19252"}],"wp:term":[{"taxonomy":"product_brand","embeddable":true,"href":"https:\/\/nordicmart.andreevmaster.com\/sv\/wp-json\/wp\/v2\/product_brand?post=19252"},{"taxonomy":"product_cat","embeddable":true,"href":"https:\/\/nordicmart.andreevmaster.com\/sv\/wp-json\/wp\/v2\/product_cat?post=19252"},{"taxonomy":"product_tag","embeddable":true,"href":"https:\/\/nordicmart.andreevmaster.com\/sv\/wp-json\/wp\/v2\/product_tag?post=19252"}],"curies":[{"name":"wp","href":"https:\/\/api.w.org\/{rel}","templated":true}]}}