{"id":19243,"date":"2026-02-27T00:43:44","date_gmt":"2026-02-27T00:43:44","guid":{"rendered":"https:\/\/nordicmart.andreevmaster.com\/product\/vasagle-sminkbord-med-spegel-vit-guld\/"},"modified":"2026-02-27T08:31:26","modified_gmt":"2026-02-27T08:31:26","slug":"vasagle-sminkbord-med-spegel-vit-guld","status":"publish","type":"product","link":"https:\/\/nordicmart.andreevmaster.com\/sv\/produkt\/vasagle-sminkbord-med-spegel-vit-guld\/","title":{"rendered":"VASAGLE sminkbord med spegel, vit-guld"},"content":{"rendered":"<p>Produktdetaljer: &#8211; F\u00e4rg: Vit-guldf\u00e4rgad &#8211; Material: Sp\u00e5nskiva, st\u00e5l, glas &#8211; Storlek p\u00e5 sminkbordet: 90 x 40 x 148,4 cm (L x B x H) &#8211; Vikt: 22,5 kg &#8211; Max. statisk belastningskapacitet f\u00f6r pallen: 150 kg  Leveransomfattning: &#8211; 1 x sminkbord &#8211; 1 x pall &#8211; 1 x tippskydd &#8211; 1 x tillbeh\u00f6rspaket &#8211; 1 x bruksanvisning  VASAGLE Anvisningar: &#8211; Av s\u00e4kerhetssk\u00e4l \u00e4r det f\u00f6rbjudet f\u00f6r barn att kl\u00e4ttra p\u00e5 eller leka med produkten. &#8211; Pallens maximala statiska belastningskapacitet \u00e4r 150 kg. \u00d6verskrid inte denna maximala vikt. &#8211; F\u00e4st produkten p\u00e5 v\u00e4ggen med det medf\u00f6ljande tippskyddet f\u00f6r att garantera s\u00e4kerheten under anv\u00e4ndning.<\/p>\n","protected":false},"excerpt":{"rendered":"<p>VASAGLE sminkbord, toalettbord med pall, sminkbord med oval spegel och \u00f6ppet fack, l\u00e5dor, modernt, f\u00f6r sovrum, kl\u00e4dkammare, vit-guldf\u00e4rgat RVT006A10<\/p>\n","protected":false},"featured_media":46183,"comment_status":"open","ping_status":"closed","template":"","meta":[],"product_brand":[],"product_cat":[33],"product_tag":[],"class_list":{"0":"post-19243","1":"product","2":"type-product","3":"status-publish","4":"has-post-thumbnail","6":"product_cat-okategoriserad","8":"first","9":"instock","10":"shipping-taxable","11":"purchasable","12":"product-type-simple"},"_links":{"self":[{"href":"https:\/\/nordicmart.andreevmaster.com\/sv\/wp-json\/wp\/v2\/product\/19243","targetHints":{"allow":["GET"]}}],"collection":[{"href":"https:\/\/nordicmart.andreevmaster.com\/sv\/wp-json\/wp\/v2\/product"}],"about":[{"href":"https:\/\/nordicmart.andreevmaster.com\/sv\/wp-json\/wp\/v2\/types\/product"}],"replies":[{"embeddable":true,"href":"https:\/\/nordicmart.andreevmaster.com\/sv\/wp-json\/wp\/v2\/comments?post=19243"}],"wp:featuredmedia":[{"embeddable":true,"href":"https:\/\/nordicmart.andreevmaster.com\/sv\/wp-json\/wp\/v2\/media\/46183"}],"wp:attachment":[{"href":"https:\/\/nordicmart.andreevmaster.com\/sv\/wp-json\/wp\/v2\/media?parent=19243"}],"wp:term":[{"taxonomy":"product_brand","embeddable":true,"href":"https:\/\/nordicmart.andreevmaster.com\/sv\/wp-json\/wp\/v2\/product_brand?post=19243"},{"taxonomy":"product_cat","embeddable":true,"href":"https:\/\/nordicmart.andreevmaster.com\/sv\/wp-json\/wp\/v2\/product_cat?post=19243"},{"taxonomy":"product_tag","embeddable":true,"href":"https:\/\/nordicmart.andreevmaster.com\/sv\/wp-json\/wp\/v2\/product_tag?post=19243"}],"curies":[{"name":"wp","href":"https:\/\/api.w.org\/{rel}","templated":true}]}}